{"id":9729,"date":"2020-01-19T10:02:24","date_gmt":"2020-01-19T15:02:24","guid":{"rendered":"https:\/\/new.telium.io\/alta-disponibilidade-para-asterisk\/informacoes-de-saude-protegidas\/"},"modified":"2024-04-24T11:57:27","modified_gmt":"2024-04-24T16:57:27","slug":"informacoes-de-saude-protegidas","status":"publish","type":"page","link":"https:\/\/telium.io\/pt-br\/alta-disponibilidade-para-asterisk\/informacoes-de-saude-protegidas\/","title":{"rendered":"Informa\u00e7\u00f5es de sa\u00fade protegidas"},"content":{"rendered":"<p><div class=\"fusion-fullwidth fullwidth-box fusion-builder-row-1 fusion-parallax-none nonhundred-percent-fullwidth non-hundred-percent-height-scrolling fusion-no-small-visibility lazyload headerheight\" style=\"--awb-border-radius-top-left:0px;--awb-border-radius-top-right:0px;--awb-border-radius-bottom-right:0px;--awb-border-radius-bottom-left:0px;--awb-padding-top:0px;--awb-padding-bottom:0px;--awb-margin-top:0px;--awb-margin-bottom:0px;--awb-background-color:#000000;--awb-background-size:cover;--awb-flex-wrap:wrap;\" data-bg=\"https:\/\/telium.io\/wp-content\/uploads\/sites\/6\/2020\/01\/banner-stethescope2.jpg\" ><div class=\"fusion-builder-row fusion-row\"><div class=\"fusion-layout-column fusion_builder_column fusion-builder-column-0 fusion_builder_column_1_4 1_4 fusion-one-fourth fusion-column-first fusion-no-small-visibility fusion-no-medium-visibility\" style=\"--awb-padding-top:125px;--awb-bg-size:cover;width:25%;width:calc(25% - ( ( 4% ) * 0.25 ) );margin-right: 4%;\"><div class=\"fusion-column-wrapper fusion-column-has-shadow fusion-flex-column-wrapper-legacy\"><div class=\"fusion-image-element in-legacy-container\" style=\"--awb-caption-title-font-family:var(--h2_typography-font-family);--awb-caption-title-font-weight:var(--h2_typography-font-weight);--awb-caption-title-font-style:var(--h2_typography-font-style);--awb-caption-title-size:var(--h2_typography-font-size);--awb-caption-title-transform:var(--h2_typography-text-transform);--awb-caption-title-line-height:var(--h2_typography-line-height);--awb-caption-title-letter-spacing:var(--h2_typography-letter-spacing);\"><span class=\" fusion-imageframe imageframe-none imageframe-1 hover-type-none\"><img decoding=\"async\" width=\"353\" height=\"425\" title=\"HAAst-escudo4\" src=\"https:\/\/telium.io\/wp-content\/uploads\/sites\/6\/2020\/02\/haast-shield4.png\" data-orig-src=\"https:\/\/telium.io\/wp-content\/uploads\/sites\/6\/2020\/02\/haast-shield4.png\" alt class=\"lazyload img-responsive wp-image-10024\" srcset=\"data:image\/svg+xml,%3Csvg%20xmlns%3D%27http%3A%2F%2Fwww.w3.org%2F2000%2Fsvg%27%20width%3D%27353%27%20height%3D%27425%27%20viewBox%3D%270%200%20353%20425%27%3E%3Crect%20width%3D%27353%27%20height%3D%27425%27%20fill-opacity%3D%220%22%2F%3E%3C%2Fsvg%3E\" data-srcset=\"https:\/\/telium.io\/wp-content\/uploads\/sites\/6\/2020\/02\/haast-shield4-200x241.png 200w, https:\/\/telium.io\/wp-content\/uploads\/sites\/6\/2020\/02\/haast-shield4.png 353w\" data-sizes=\"auto\" data-orig-sizes=\"(max-width: 1024px) 100vw, 353px\" \/><\/span><\/div><div class=\"fusion-clearfix\"><\/div><\/div><\/div><div class=\"fusion-layout-column fusion_builder_column fusion-builder-column-1 fusion_builder_column_3_4 3_4 fusion-three-fourth fusion-column-last fusion-animated\" style=\"--awb-padding-top:50px;--awb-bg-size:cover;--awb-margin-top:0px;--awb-margin-bottom:0px;width:75%;width:calc(75% - ( ( 4% ) * 0.75 ) );\" data-animationType=\"zoomIn\" data-animationDuration=\"0.9\" data-animationOffset=\"top-into-view\"><div class=\"fusion-column-wrapper fusion-column-has-shadow fusion-flex-column-wrapper-legacy\"><div class=\"fusion-sep-clear\"><\/div><div class=\"fusion-separator fusion-no-small-visibility fusion-no-medium-visibility fusion-full-width-sep\" style=\"margin-left: auto;margin-right: auto;margin-bottom:50px;width:100%;\"><\/div><div class=\"fusion-sep-clear\"><\/div><div class=\"fusion-title title fusion-title-1 fusion-sep-none fusion-title-text fusion-title-size-one\" style=\"--awb-margin-bottom:0px;--awb-margin-top-small:0px;--awb-margin-right-small:0px;--awb-margin-bottom-small:20px;--awb-margin-left-small:0px;\"><h1 class=\"fusion-title-heading title-heading-right fusion-responsive-typography-calculated\" style=\"margin:0;--fontSize:40;line-height:1.4;\"><span style=\"color: #ffffff; font-size: 36px; font-family: Tahoma, Verdana, Geneva, sans-serif;\">Alta Disponibilidade para Asterisk<\/span><\/h1><\/div><div class=\"fusion-title title fusion-title-2 fusion-sep-none fusion-title-text fusion-title-size-four\" style=\"--awb-text-color:#ff9900;--awb-margin-top:0px;--awb-margin-top-small:0px;--awb-margin-right-small:0px;--awb-margin-bottom-small:20px;--awb-margin-left-small:0px;--awb-font-size:18px;\"><h4 class=\"fusion-title-heading title-heading-right fusion-responsive-typography-calculated\" style=\"margin:0;font-size:1em;--fontSize:18;--minFontSize:18;line-height:1.67;\"><strong><span style=\"color: #ff6600; font-size: 18px; font-family: Tahoma, Verdana, Geneva, sans-serif;\">Informa\u00e7\u00f5es de sa\u00fade protegidas<\/span><\/strong><\/h4><\/div><div class=\"fusion-clearfix\"><\/div><\/div><\/div><\/div><\/div><div class=\"fusion-fullwidth fullwidth-box fusion-builder-row-2 fusion-parallax-none nonhundred-percent-fullwidth non-hundred-percent-height-scrolling fusion-equal-height-columns fusion-no-medium-visibility fusion-no-large-visibility lazyload\" style=\"--awb-border-color:#ff6600;--awb-border-radius-top-left:0px;--awb-border-radius-top-right:0px;--awb-border-radius-bottom-right:0px;--awb-border-radius-bottom-left:0px;--awb-padding-top:0px;--awb-padding-right:0px;--awb-padding-bottom:0px;--awb-padding-left:0px;--awb-margin-top:0px;--awb-margin-bottom:0px;--awb-background-size:cover;--awb-border-sizes-top:0px;--awb-border-sizes-bottom:0px;--awb-flex-wrap:wrap;\" data-bg=\"https:\/\/telium.io\/wp-content\/uploads\/sites\/6\/2020\/01\/banner-stethescope2-1024x341.jpg\" ><div class=\"fusion-builder-row fusion-row\"><div class=\"fusion-layout-column fusion_builder_column fusion-builder-column-2 fusion_builder_column_1_1 1_1 fusion-one-full fusion-column-first fusion-column-last mobileheader\" style=\"--awb-bg-size:cover;--awb-margin-top:0px;--awb-margin-bottom:0px;\"><div class=\"fusion-column-wrapper fusion-column-has-shadow fusion-flex-column-wrapper-legacy\"><div class=\"fusion-column-content-centered\"><div class=\"fusion-column-content\"><div class=\"fusion-title title fusion-title-3 fusion-no-medium-visibility fusion-no-large-visibility fusion-title-center fusion-title-text fusion-title-size-one mobilebreadcrumb\" style=\"--awb-text-color:#cfcfcf;--awb-margin-top:0px;--awb-margin-bottom:0px;--awb-margin-top-small:1em;--awb-margin-right-small:0px;--awb-margin-bottom-small:1em;--awb-margin-left-small:0px;--awb-font-size:150%;\"><div class=\"title-sep-container title-sep-container-left\"><div class=\"title-sep sep- sep-solid\" style=\"border-color:#e0dede;\"><\/div><\/div><span class=\"awb-title-spacer\"><\/span><h1 class=\"fusion-title-heading title-heading-center fusion-responsive-typography-calculated\" style=\"margin:0;font-size:1em;--fontSize:25.5;line-height:1.4;\">HAAST<\/h1><span class=\"awb-title-spacer\"><\/span><div class=\"title-sep-container title-sep-container-right\"><div class=\"title-sep sep- sep-solid\" style=\"border-color:#e0dede;\"><\/div><\/div><\/div><div class=\"fusion-text fusion-text-1\"><p><span style=\"color: #cfcfcf; font-size: 150%;\">\u00bb<\/span><\/p>\n<\/div><div class=\"fusion-title title fusion-title-4 fusion-no-medium-visibility fusion-no-large-visibility fusion-title-center fusion-title-text fusion-title-size-two mobilebreadcrumb\" style=\"--awb-text-color:#ff6600;--awb-margin-top:0px;--awb-margin-bottom:0px;--awb-margin-top-small:1em;--awb-margin-right-small:0px;--awb-margin-bottom-small:1em;--awb-margin-left-small:0px;--awb-font-size:150%;\"><div class=\"title-sep-container title-sep-container-left\"><div class=\"title-sep sep- sep-solid\" style=\"border-color:#e0dede;\"><\/div><\/div><span class=\"awb-title-spacer\"><\/span><h2 class=\"fusion-title-heading title-heading-center fusion-responsive-typography-calculated\" style=\"margin:0;font-size:1em;--fontSize:25.5;line-height:1.5;\">PHI<\/h2><span class=\"awb-title-spacer\"><\/span><div class=\"title-sep-container title-sep-container-right\"><div class=\"title-sep sep- sep-solid\" style=\"border-color:#e0dede;\"><\/div><\/div><\/div><\/div><\/div><div class=\"fusion-clearfix\"><\/div><\/div><\/div><\/div><\/div><div class=\"fusion-fullwidth fullwidth-box fusion-builder-row-3 nonhundred-percent-fullwidth non-hundred-percent-height-scrolling\" style=\"--awb-border-radius-top-left:0px;--awb-border-radius-top-right:0px;--awb-border-radius-bottom-right:0px;--awb-border-radius-bottom-left:0px;--awb-margin-bottom:20px;--awb-flex-wrap:wrap;\" ><div class=\"fusion-builder-row fusion-row\"><div class=\"fusion-layout-column fusion_builder_column fusion-builder-column-3 fusion_builder_column_1_1 1_1 fusion-one-full fusion-column-first fusion-column-last fusion-no-small-visibility fusion-no-medium-visibility\" style=\"--awb-bg-size:cover;\"><div class=\"fusion-column-wrapper fusion-column-has-shadow fusion-flex-column-wrapper-legacy\"><div class=\"fusion-clearfix\"><\/div><\/div><\/div><div class=\"fusion-layout-column fusion_builder_column fusion-builder-column-4 fusion_builder_column_1_1 1_1 fusion-one-full fusion-column-first fusion-column-last\" style=\"--awb-bg-size:cover;--awb-margin-top:20px;\"><div class=\"fusion-column-wrapper fusion-column-has-shadow fusion-flex-column-wrapper-legacy\"><div class=\"fusion-title title fusion-title-5 fusion-title-text fusion-title-size-two\" style=\"--awb-margin-top:0px;--awb-margin-top-small:0px;--awb-margin-right-small:0px;--awb-margin-bottom-small:20px;--awb-margin-left-small:0px;\"><h2 class=\"fusion-title-heading title-heading-left fusion-responsive-typography-calculated\" style=\"margin:0;--fontSize:36;line-height:1.5;\">Phi Material Designado e PBX Alta Disponibilidade<\/h2><span class=\"awb-title-spacer\"><\/span><div class=\"title-sep-container\"><div class=\"title-sep sep- sep-solid\" style=\"border-color:#e0dede;\"><\/div><\/div><\/div><div class=\"fusion-text fusion-text-2 awb-text-cols fusion-text-columns-2\" style=\"--awb-columns:2;--awb-column-spacing:4em;--awb-column-min-width:400px;\"><p>Profissionais de TI de sa\u00fade h\u00e1 muito reconhecem que as informa\u00e7\u00f5es armazenadas em seus sistemas telef\u00f4nicos (PBX&#8217;s) podem ser designadas como Informa\u00e7\u00f5es de Sa\u00fade Protegida (PHI). Uma mensagem deixada para um m\u00e9dico ou sua equipe pode incluir a identidade de um paciente, detalhes de sua doen\u00e7a ou tratamento, etc. Na maioria dos pa\u00edses existem leis federais e estaduais\/provinciais que especificam o n\u00edvel de prote\u00e7\u00e3o que deve ser concedido a este tipo de informa\u00e7\u00e3o (incluindo HIPAA nos EUA, PHIPA no Canad\u00e1, PDPA em Cingapura, etc.), e a aten\u00e7\u00e3o agora est\u00e1 se concentrando no PHI contido no PBX.<\/p>\n<p>Ao mesmo tempo, muitas unidades de sa\u00fade est\u00e3o adotando o VoIP PBX&#8217;s, baseado em Asteriske criando ambientes de telefonia econ\u00f4micos e ricos em recursos. Como as opera\u00e7\u00f5es do PBX podem afetar a pr\u00f3pria sobreviv\u00eancia dos pacientes, essas mesmas instala\u00e7\u00f5es tamb\u00e9m est\u00e3o implementando alta disponibilidade (clustering) para garantir o tempo m\u00e1ximo de tempo de inatividade do PBX. No entanto, o clustering implica que os dados devem se mover entre dois &#8220;n\u00f3s&#8221; pbx, incluindo mensagens de voz, nome do chamador e dados de n\u00famero de telefone, registros de chamadas, etc. (ou seja, ePHI em tr\u00e2nsito). Isso, por sua vez, exp\u00f5e o PBX \u00e0 conformidade regulat\u00f3ria do PHI.<\/p>\n<p>O produto High Availability for Asterisk (HAast) da Telium cria um cluster PBX que permite que seu ambiente de telefonia se torne compat\u00edvel com as regulamenta\u00e7\u00f5es locais de PHI. Desde 256 bits de criptografia de tr\u00e1fego entre n\u00f3s, at\u00e9 prote\u00e7\u00e3o de credenciais na mem\u00f3ria, e muito mais. Veja por que o HAAst \u00e9 o produto de alta disponibilidade de escolha para ambientes de sa\u00fade.<\/p>\n<\/div><div class=\"fusion-clearfix\"><\/div><\/div><\/div><\/div><\/div><\/p>\n","protected":false},"excerpt":{"rendered":"","protected":false},"author":4,"featured_media":0,"parent":9452,"menu_order":0,"comment_status":"closed","ping_status":"closed","template":"100-width.php","meta":{"_bbp_topic_count":0,"_bbp_reply_count":0,"_bbp_total_topic_count":0,"_bbp_total_reply_count":0,"_bbp_voice_count":0,"_bbp_anonymous_reply_count":0,"_bbp_topic_count_hidden":0,"_bbp_reply_count_hidden":0,"_bbp_forum_subforum_count":0,"footnotes":""},"class_list":["post-9729","page","type-page","status-publish","hentry"],"yoast_head":"<!-- This site is optimized with the Yoast SEO plugin v27.5 - https:\/\/yoast.com\/product\/yoast-seo-wordpress\/ -->\n<title>Informa\u00e7\u00f5es de sa\u00fade protegidas - Alta Disponibilidade para Asterisk - Telium<\/title>\n<meta name=\"description\" content=\"As mensagens de voz mantidas por um PBX podem ser designadas como PHI. O software de alta disponibilidade da PBX precisa considerar como as mensagens de voz s\u00e3o movidas entre os n\u00f3s do cluster.\" \/>\n<meta name=\"robots\" content=\"index, follow, max-snippet:-1, max-image-preview:large, max-video-preview:-1\" \/>\n<link rel=\"canonical\" href=\"https:\/\/telium.io\/pt-br\/alta-disponibilidade-para-asterisk\/informacoes-de-saude-protegidas\/\" \/>\n<meta property=\"og:locale\" content=\"pt_BR\" \/>\n<meta property=\"og:type\" content=\"article\" \/>\n<meta property=\"og:title\" content=\"Informa\u00e7\u00f5es de sa\u00fade protegidas - Alta Disponibilidade para Asterisk - Telium\" \/>\n<meta property=\"og:description\" content=\"As mensagens de voz mantidas por um PBX podem ser designadas como PHI. O software de alta disponibilidade da PBX precisa considerar como as mensagens de voz s\u00e3o movidas entre os n\u00f3s do cluster.\" \/>\n<meta property=\"og:url\" content=\"https:\/\/telium.io\/pt-br\/alta-disponibilidade-para-asterisk\/informacoes-de-saude-protegidas\/\" \/>\n<meta property=\"og:site_name\" content=\"Telium\" \/>\n<meta property=\"article:publisher\" content=\"https:\/\/www.facebook.com\/pages\/category\/Telecommunication-Company\/Telium-1581395458787072\/\" \/>\n<meta property=\"article:modified_time\" content=\"2024-04-24T16:57:27+00:00\" \/>\n<meta name=\"twitter:card\" content=\"summary_large_image\" \/>\n<meta name=\"twitter:site\" content=\"@telium_io\" \/>\n<meta name=\"twitter:label1\" content=\"Est. reading time\" \/>\n\t<meta name=\"twitter:data1\" content=\"12 minutes\" \/>\n<script type=\"application\/ld+json\" class=\"yoast-schema-graph\">{\"@context\":\"https:\\\/\\\/schema.org\",\"@graph\":[{\"@type\":\"WebPage\",\"@id\":\"https:\\\/\\\/telium.io\\\/pt-br\\\/alta-disponibilidade-para-asterisk\\\/informacoes-de-saude-protegidas\\\/\",\"url\":\"https:\\\/\\\/telium.io\\\/pt-br\\\/alta-disponibilidade-para-asterisk\\\/informacoes-de-saude-protegidas\\\/\",\"name\":\"Informa\u00e7\u00f5es de sa\u00fade protegidas - Alta Disponibilidade para Asterisk - Telium\",\"isPartOf\":{\"@id\":\"https:\\\/\\\/telium.io\\\/pt-br\\\/#website\"},\"datePublished\":\"2020-01-19T15:02:24+00:00\",\"dateModified\":\"2024-04-24T16:57:27+00:00\",\"description\":\"As mensagens de voz mantidas por um PBX podem ser designadas como PHI. O software de alta disponibilidade da PBX precisa considerar como as mensagens de voz s\u00e3o movidas entre os n\u00f3s do cluster.\",\"breadcrumb\":{\"@id\":\"https:\\\/\\\/telium.io\\\/pt-br\\\/alta-disponibilidade-para-asterisk\\\/informacoes-de-saude-protegidas\\\/#breadcrumb\"},\"inLanguage\":\"pt-BR\",\"potentialAction\":[{\"@type\":\"ReadAction\",\"target\":[\"https:\\\/\\\/telium.io\\\/pt-br\\\/alta-disponibilidade-para-asterisk\\\/informacoes-de-saude-protegidas\\\/\"]}]},{\"@type\":\"BreadcrumbList\",\"@id\":\"https:\\\/\\\/telium.io\\\/pt-br\\\/alta-disponibilidade-para-asterisk\\\/informacoes-de-saude-protegidas\\\/#breadcrumb\",\"itemListElement\":[{\"@type\":\"ListItem\",\"position\":1,\"name\":\"Home\",\"item\":\"https:\\\/\\\/telium.io\\\/pt-br\\\/pagina-inicial\\\/\"},{\"@type\":\"ListItem\",\"position\":2,\"name\":\"Alta Disponibilidade para Asterisk\",\"item\":\"https:\\\/\\\/telium.io\\\/pt-br\\\/alta-disponibilidade-para-asterisk\\\/\"},{\"@type\":\"ListItem\",\"position\":3,\"name\":\"Informa\u00e7\u00f5es de sa\u00fade protegidas\"}]},{\"@type\":\"WebSite\",\"@id\":\"https:\\\/\\\/telium.io\\\/pt-br\\\/#website\",\"url\":\"https:\\\/\\\/telium.io\\\/pt-br\\\/\",\"name\":\"Telium\",\"description\":\"Telefonia e Telem\u00e1tica\",\"publisher\":{\"@id\":\"https:\\\/\\\/telium.io\\\/pt-br\\\/#organization\"},\"potentialAction\":[{\"@type\":\"SearchAction\",\"target\":{\"@type\":\"EntryPoint\",\"urlTemplate\":\"https:\\\/\\\/telium.io\\\/pt-br\\\/?s={search_term_string}\"},\"query-input\":{\"@type\":\"PropertyValueSpecification\",\"valueRequired\":true,\"valueName\":\"search_term_string\"}}],\"inLanguage\":\"pt-BR\"},{\"@type\":\"Organization\",\"@id\":\"https:\\\/\\\/telium.io\\\/pt-br\\\/#organization\",\"name\":\"Telium\",\"url\":\"https:\\\/\\\/telium.io\\\/pt-br\\\/\",\"logo\":{\"@type\":\"ImageObject\",\"inLanguage\":\"pt-BR\",\"@id\":\"https:\\\/\\\/telium.io\\\/pt-br\\\/#\\\/schema\\\/logo\\\/image\\\/\",\"url\":\"https:\\\/\\\/telium.io\\\/wp-content\\\/uploads\\\/sites\\\/6\\\/2020\\\/01\\\/logo_o_800x800.png\",\"contentUrl\":\"https:\\\/\\\/telium.io\\\/wp-content\\\/uploads\\\/sites\\\/6\\\/2020\\\/01\\\/logo_o_800x800.png\",\"width\":800,\"height\":800,\"caption\":\"Telium\"},\"image\":{\"@id\":\"https:\\\/\\\/telium.io\\\/pt-br\\\/#\\\/schema\\\/logo\\\/image\\\/\"},\"sameAs\":[\"https:\\\/\\\/www.facebook.com\\\/pages\\\/category\\\/Telecommunication-Company\\\/Telium-1581395458787072\\\/\",\"https:\\\/\\\/x.com\\\/telium_io\",\"https:\\\/\\\/ca.linkedin.com\\\/company\\\/telium\"]}]}<\/script>\n<!-- \/ Yoast SEO plugin. -->","yoast_head_json":{"title":"Informa\u00e7\u00f5es de sa\u00fade protegidas - Alta Disponibilidade para Asterisk - Telium","description":"As mensagens de voz mantidas por um PBX podem ser designadas como PHI. O software de alta disponibilidade da PBX precisa considerar como as mensagens de voz s\u00e3o movidas entre os n\u00f3s do cluster.","robots":{"index":"index","follow":"follow","max-snippet":"max-snippet:-1","max-image-preview":"max-image-preview:large","max-video-preview":"max-video-preview:-1"},"canonical":"https:\/\/telium.io\/pt-br\/alta-disponibilidade-para-asterisk\/informacoes-de-saude-protegidas\/","og_locale":"pt_BR","og_type":"article","og_title":"Informa\u00e7\u00f5es de sa\u00fade protegidas - Alta Disponibilidade para Asterisk - Telium","og_description":"As mensagens de voz mantidas por um PBX podem ser designadas como PHI. O software de alta disponibilidade da PBX precisa considerar como as mensagens de voz s\u00e3o movidas entre os n\u00f3s do cluster.","og_url":"https:\/\/telium.io\/pt-br\/alta-disponibilidade-para-asterisk\/informacoes-de-saude-protegidas\/","og_site_name":"Telium","article_publisher":"https:\/\/www.facebook.com\/pages\/category\/Telecommunication-Company\/Telium-1581395458787072\/","article_modified_time":"2024-04-24T16:57:27+00:00","twitter_card":"summary_large_image","twitter_site":"@telium_io","twitter_misc":{"Est. reading time":"12 minutes"},"schema":{"@context":"https:\/\/schema.org","@graph":[{"@type":"WebPage","@id":"https:\/\/telium.io\/pt-br\/alta-disponibilidade-para-asterisk\/informacoes-de-saude-protegidas\/","url":"https:\/\/telium.io\/pt-br\/alta-disponibilidade-para-asterisk\/informacoes-de-saude-protegidas\/","name":"Informa\u00e7\u00f5es de sa\u00fade protegidas - Alta Disponibilidade para Asterisk - Telium","isPartOf":{"@id":"https:\/\/telium.io\/pt-br\/#website"},"datePublished":"2020-01-19T15:02:24+00:00","dateModified":"2024-04-24T16:57:27+00:00","description":"As mensagens de voz mantidas por um PBX podem ser designadas como PHI. O software de alta disponibilidade da PBX precisa considerar como as mensagens de voz s\u00e3o movidas entre os n\u00f3s do cluster.","breadcrumb":{"@id":"https:\/\/telium.io\/pt-br\/alta-disponibilidade-para-asterisk\/informacoes-de-saude-protegidas\/#breadcrumb"},"inLanguage":"pt-BR","potentialAction":[{"@type":"ReadAction","target":["https:\/\/telium.io\/pt-br\/alta-disponibilidade-para-asterisk\/informacoes-de-saude-protegidas\/"]}]},{"@type":"BreadcrumbList","@id":"https:\/\/telium.io\/pt-br\/alta-disponibilidade-para-asterisk\/informacoes-de-saude-protegidas\/#breadcrumb","itemListElement":[{"@type":"ListItem","position":1,"name":"Home","item":"https:\/\/telium.io\/pt-br\/pagina-inicial\/"},{"@type":"ListItem","position":2,"name":"Alta Disponibilidade para Asterisk","item":"https:\/\/telium.io\/pt-br\/alta-disponibilidade-para-asterisk\/"},{"@type":"ListItem","position":3,"name":"Informa\u00e7\u00f5es de sa\u00fade protegidas"}]},{"@type":"WebSite","@id":"https:\/\/telium.io\/pt-br\/#website","url":"https:\/\/telium.io\/pt-br\/","name":"Telium","description":"Telefonia e Telem\u00e1tica","publisher":{"@id":"https:\/\/telium.io\/pt-br\/#organization"},"potentialAction":[{"@type":"SearchAction","target":{"@type":"EntryPoint","urlTemplate":"https:\/\/telium.io\/pt-br\/?s={search_term_string}"},"query-input":{"@type":"PropertyValueSpecification","valueRequired":true,"valueName":"search_term_string"}}],"inLanguage":"pt-BR"},{"@type":"Organization","@id":"https:\/\/telium.io\/pt-br\/#organization","name":"Telium","url":"https:\/\/telium.io\/pt-br\/","logo":{"@type":"ImageObject","inLanguage":"pt-BR","@id":"https:\/\/telium.io\/pt-br\/#\/schema\/logo\/image\/","url":"https:\/\/telium.io\/wp-content\/uploads\/sites\/6\/2020\/01\/logo_o_800x800.png","contentUrl":"https:\/\/telium.io\/wp-content\/uploads\/sites\/6\/2020\/01\/logo_o_800x800.png","width":800,"height":800,"caption":"Telium"},"image":{"@id":"https:\/\/telium.io\/pt-br\/#\/schema\/logo\/image\/"},"sameAs":["https:\/\/www.facebook.com\/pages\/category\/Telecommunication-Company\/Telium-1581395458787072\/","https:\/\/x.com\/telium_io","https:\/\/ca.linkedin.com\/company\/telium"]}]}},"_links":{"self":[{"href":"https:\/\/telium.io\/pt-br\/wp-json\/wp\/v2\/pages\/9729","targetHints":{"allow":["GET"]}}],"collection":[{"href":"https:\/\/telium.io\/pt-br\/wp-json\/wp\/v2\/pages"}],"about":[{"href":"https:\/\/telium.io\/pt-br\/wp-json\/wp\/v2\/types\/page"}],"author":[{"embeddable":true,"href":"https:\/\/telium.io\/pt-br\/wp-json\/wp\/v2\/users\/4"}],"replies":[{"embeddable":true,"href":"https:\/\/telium.io\/pt-br\/wp-json\/wp\/v2\/comments?post=9729"}],"version-history":[{"count":10,"href":"https:\/\/telium.io\/pt-br\/wp-json\/wp\/v2\/pages\/9729\/revisions"}],"predecessor-version":[{"id":18029,"href":"https:\/\/telium.io\/pt-br\/wp-json\/wp\/v2\/pages\/9729\/revisions\/18029"}],"up":[{"embeddable":true,"href":"https:\/\/telium.io\/pt-br\/wp-json\/wp\/v2\/pages\/9452"}],"wp:attachment":[{"href":"https:\/\/telium.io\/pt-br\/wp-json\/wp\/v2\/media?parent=9729"}],"curies":[{"name":"wp","href":"https:\/\/api.w.org\/{rel}","templated":true}]}}