{"id":22748,"date":"2020-01-18T03:57:20","date_gmt":"2020-01-18T08:57:20","guid":{"rendered":"https:\/\/telium.io\/login-designer\/"},"modified":"2020-01-18T03:57:20","modified_gmt":"2020-01-18T08:57:20","slug":"login-designer","status":"publish","type":"page","link":"https:\/\/telium.io\/pt-br\/login-designer\/","title":{"rendered":"Login Designer"},"content":{"rendered":"<p>Esta p\u00e1gina \u00e9 usada pelo Designer de Logon para visualizar o formul\u00e1rio de logon no Personalizador.<\/p>\n","protected":false},"excerpt":{"rendered":"<p>Esta p\u00e1gina \u00e9 usada pelo Designer de Logon para visualizar o formul\u00e1rio de logon no Personalizador.<\/p>\n","protected":false},"author":1,"featured_media":0,"parent":0,"menu_order":0,"comment_status":"closed","ping_status":"closed","template":"template-login-designer.php","meta":{"_bbp_topic_count":0,"_bbp_reply_count":0,"_bbp_total_topic_count":0,"_bbp_total_reply_count":0,"_bbp_voice_count":0,"_bbp_anonymous_reply_count":0,"_bbp_topic_count_hidden":0,"_bbp_reply_count_hidden":0,"_bbp_forum_subforum_count":0,"footnotes":""},"class_list":["post-22748","page","type-page","status-publish","hentry"],"yoast_head":"<!-- This site is optimized with the Yoast SEO plugin v27.5 - https:\/\/yoast.com\/product\/yoast-seo-wordpress\/ -->\n<title>Login Designer - Telium<\/title>\n<meta name=\"robots\" content=\"index, follow, max-snippet:-1, max-image-preview:large, max-video-preview:-1\" \/>\n<link rel=\"canonical\" href=\"https:\/\/telium.io\/pt-br\/login-designer\/\" \/>\n<meta property=\"og:locale\" content=\"pt_BR\" \/>\n<meta property=\"og:type\" content=\"article\" \/>\n<meta property=\"og:title\" content=\"Login Designer - Telium\" \/>\n<meta property=\"og:description\" content=\"Esta p\u00e1gina \u00e9 usada pelo Designer de Logon para visualizar o formul\u00e1rio de logon no Personalizador.\" \/>\n<meta property=\"og:url\" content=\"https:\/\/telium.io\/pt-br\/login-designer\/\" \/>\n<meta property=\"og:site_name\" content=\"Telium\" \/>\n<meta property=\"article:publisher\" content=\"https:\/\/www.facebook.com\/pages\/category\/Telecommunication-Company\/Telium-1581395458787072\/\" \/>\n<meta name=\"twitter:card\" content=\"summary_large_image\" \/>\n<meta name=\"twitter:site\" content=\"@telium_io\" \/>\n<script type=\"application\/ld+json\" class=\"yoast-schema-graph\">{\"@context\":\"https:\\\/\\\/schema.org\",\"@graph\":[{\"@type\":\"WebPage\",\"@id\":\"https:\\\/\\\/telium.io\\\/pt-br\\\/login-designer\\\/\",\"url\":\"https:\\\/\\\/telium.io\\\/pt-br\\\/login-designer\\\/\",\"name\":\"Login Designer - Telium\",\"isPartOf\":{\"@id\":\"https:\\\/\\\/telium.io\\\/pt-br\\\/#website\"},\"datePublished\":\"2020-01-18T08:57:20+00:00\",\"breadcrumb\":{\"@id\":\"https:\\\/\\\/telium.io\\\/pt-br\\\/login-designer\\\/#breadcrumb\"},\"inLanguage\":\"pt-BR\",\"potentialAction\":[{\"@type\":\"ReadAction\",\"target\":[\"https:\\\/\\\/telium.io\\\/pt-br\\\/login-designer\\\/\"]}]},{\"@type\":\"BreadcrumbList\",\"@id\":\"https:\\\/\\\/telium.io\\\/pt-br\\\/login-designer\\\/#breadcrumb\",\"itemListElement\":[{\"@type\":\"ListItem\",\"position\":1,\"name\":\"Home\",\"item\":\"https:\\\/\\\/telium.io\\\/pt-br\\\/pagina-inicial\\\/\"},{\"@type\":\"ListItem\",\"position\":2,\"name\":\"Login Designer\"}]},{\"@type\":\"WebSite\",\"@id\":\"https:\\\/\\\/telium.io\\\/pt-br\\\/#website\",\"url\":\"https:\\\/\\\/telium.io\\\/pt-br\\\/\",\"name\":\"Telium\",\"description\":\"Telefonia e Telem\u00e1tica\",\"publisher\":{\"@id\":\"https:\\\/\\\/telium.io\\\/pt-br\\\/#organization\"},\"potentialAction\":[{\"@type\":\"SearchAction\",\"target\":{\"@type\":\"EntryPoint\",\"urlTemplate\":\"https:\\\/\\\/telium.io\\\/pt-br\\\/?s={search_term_string}\"},\"query-input\":{\"@type\":\"PropertyValueSpecification\",\"valueRequired\":true,\"valueName\":\"search_term_string\"}}],\"inLanguage\":\"pt-BR\"},{\"@type\":\"Organization\",\"@id\":\"https:\\\/\\\/telium.io\\\/pt-br\\\/#organization\",\"name\":\"Telium\",\"url\":\"https:\\\/\\\/telium.io\\\/pt-br\\\/\",\"logo\":{\"@type\":\"ImageObject\",\"inLanguage\":\"pt-BR\",\"@id\":\"https:\\\/\\\/telium.io\\\/pt-br\\\/#\\\/schema\\\/logo\\\/image\\\/\",\"url\":\"https:\\\/\\\/telium.io\\\/wp-content\\\/uploads\\\/sites\\\/6\\\/2020\\\/01\\\/logo_o_800x800.png\",\"contentUrl\":\"https:\\\/\\\/telium.io\\\/wp-content\\\/uploads\\\/sites\\\/6\\\/2020\\\/01\\\/logo_o_800x800.png\",\"width\":800,\"height\":800,\"caption\":\"Telium\"},\"image\":{\"@id\":\"https:\\\/\\\/telium.io\\\/pt-br\\\/#\\\/schema\\\/logo\\\/image\\\/\"},\"sameAs\":[\"https:\\\/\\\/www.facebook.com\\\/pages\\\/category\\\/Telecommunication-Company\\\/Telium-1581395458787072\\\/\",\"https:\\\/\\\/x.com\\\/telium_io\",\"https:\\\/\\\/ca.linkedin.com\\\/company\\\/telium\"]}]}<\/script>\n<!-- \/ Yoast SEO plugin. -->","yoast_head_json":{"title":"Login Designer - Telium","robots":{"index":"index","follow":"follow","max-snippet":"max-snippet:-1","max-image-preview":"max-image-preview:large","max-video-preview":"max-video-preview:-1"},"canonical":"https:\/\/telium.io\/pt-br\/login-designer\/","og_locale":"pt_BR","og_type":"article","og_title":"Login Designer - Telium","og_description":"Esta p\u00e1gina \u00e9 usada pelo Designer de Logon para visualizar o formul\u00e1rio de logon no Personalizador.","og_url":"https:\/\/telium.io\/pt-br\/login-designer\/","og_site_name":"Telium","article_publisher":"https:\/\/www.facebook.com\/pages\/category\/Telecommunication-Company\/Telium-1581395458787072\/","twitter_card":"summary_large_image","twitter_site":"@telium_io","schema":{"@context":"https:\/\/schema.org","@graph":[{"@type":"WebPage","@id":"https:\/\/telium.io\/pt-br\/login-designer\/","url":"https:\/\/telium.io\/pt-br\/login-designer\/","name":"Login Designer - Telium","isPartOf":{"@id":"https:\/\/telium.io\/pt-br\/#website"},"datePublished":"2020-01-18T08:57:20+00:00","breadcrumb":{"@id":"https:\/\/telium.io\/pt-br\/login-designer\/#breadcrumb"},"inLanguage":"pt-BR","potentialAction":[{"@type":"ReadAction","target":["https:\/\/telium.io\/pt-br\/login-designer\/"]}]},{"@type":"BreadcrumbList","@id":"https:\/\/telium.io\/pt-br\/login-designer\/#breadcrumb","itemListElement":[{"@type":"ListItem","position":1,"name":"Home","item":"https:\/\/telium.io\/pt-br\/pagina-inicial\/"},{"@type":"ListItem","position":2,"name":"Login Designer"}]},{"@type":"WebSite","@id":"https:\/\/telium.io\/pt-br\/#website","url":"https:\/\/telium.io\/pt-br\/","name":"Telium","description":"Telefonia e Telem\u00e1tica","publisher":{"@id":"https:\/\/telium.io\/pt-br\/#organization"},"potentialAction":[{"@type":"SearchAction","target":{"@type":"EntryPoint","urlTemplate":"https:\/\/telium.io\/pt-br\/?s={search_term_string}"},"query-input":{"@type":"PropertyValueSpecification","valueRequired":true,"valueName":"search_term_string"}}],"inLanguage":"pt-BR"},{"@type":"Organization","@id":"https:\/\/telium.io\/pt-br\/#organization","name":"Telium","url":"https:\/\/telium.io\/pt-br\/","logo":{"@type":"ImageObject","inLanguage":"pt-BR","@id":"https:\/\/telium.io\/pt-br\/#\/schema\/logo\/image\/","url":"https:\/\/telium.io\/wp-content\/uploads\/sites\/6\/2020\/01\/logo_o_800x800.png","contentUrl":"https:\/\/telium.io\/wp-content\/uploads\/sites\/6\/2020\/01\/logo_o_800x800.png","width":800,"height":800,"caption":"Telium"},"image":{"@id":"https:\/\/telium.io\/pt-br\/#\/schema\/logo\/image\/"},"sameAs":["https:\/\/www.facebook.com\/pages\/category\/Telecommunication-Company\/Telium-1581395458787072\/","https:\/\/x.com\/telium_io","https:\/\/ca.linkedin.com\/company\/telium"]}]}},"_links":{"self":[{"href":"https:\/\/telium.io\/pt-br\/wp-json\/wp\/v2\/pages\/22748","targetHints":{"allow":["GET"]}}],"collection":[{"href":"https:\/\/telium.io\/pt-br\/wp-json\/wp\/v2\/pages"}],"about":[{"href":"https:\/\/telium.io\/pt-br\/wp-json\/wp\/v2\/types\/page"}],"author":[{"embeddable":true,"href":"https:\/\/telium.io\/pt-br\/wp-json\/wp\/v2\/users\/1"}],"replies":[{"embeddable":true,"href":"https:\/\/telium.io\/pt-br\/wp-json\/wp\/v2\/comments?post=22748"}],"version-history":[{"count":0,"href":"https:\/\/telium.io\/pt-br\/wp-json\/wp\/v2\/pages\/22748\/revisions"}],"wp:attachment":[{"href":"https:\/\/telium.io\/pt-br\/wp-json\/wp\/v2\/media?parent=22748"}],"curies":[{"name":"wp","href":"https:\/\/api.w.org\/{rel}","templated":true}]}}