{"id":13312,"date":"2020-02-20T18:33:42","date_gmt":"2020-02-20T23:33:42","guid":{"rendered":"https:\/\/telium.io\/bancos-de-dados-de-seguranca\/"},"modified":"2020-03-09T19:21:30","modified_gmt":"2020-03-10T00:21:30","slug":"bancos-de-dados-de-seguranca","status":"publish","type":"page","link":"https:\/\/telium.io\/pt-br\/bancos-de-dados-de-seguranca\/","title":{"rendered":"Bancos de Dados de Seguran\u00e7a"},"content":{"rendered":"<p><div class=\"fusion-fullwidth fullwidth-box fusion-builder-row-1 fusion-parallax-none nonhundred-percent-fullwidth non-hundred-percent-height-scrolling fusion-no-small-visibility lazyload headerheight\" style=\"--awb-border-radius-top-left:0px;--awb-border-radius-top-right:0px;--awb-border-radius-bottom-right:0px;--awb-border-radius-bottom-left:0px;--awb-padding-top:0px;--awb-padding-bottom:0px;--awb-margin-top:0px;--awb-margin-bottom:0px;--awb-background-color:#000000;--awb-background-size:cover;--awb-flex-wrap:wrap;\" data-bg=\"https:\/\/telium.io\/wp-content\/uploads\/sites\/6\/2020\/02\/banner-hacker.jpg\" ><div class=\"fusion-builder-row fusion-row\"><div class=\"fusion-layout-column fusion_builder_column fusion-builder-column-0 fusion_builder_column_1_3 1_3 fusion-one-third fusion-column-first fusion-no-small-visibility fusion-no-medium-visibility\" style=\"--awb-padding-top:125px;--awb-bg-size:cover;--awb-margin-top:0px;--awb-margin-bottom:0px;width:33.333333333333%;width:calc(33.333333333333% - ( ( 4% ) * 0.33333333333333 ) );margin-right: 4%;\"><div class=\"fusion-column-wrapper fusion-column-has-shadow fusion-flex-column-wrapper-legacy\"><div class=\"fusion-image-element fusion-no-small-visibility fusion-no-medium-visibility in-legacy-container\" style=\"--awb-caption-title-font-family:var(--h2_typography-font-family);--awb-caption-title-font-weight:var(--h2_typography-font-weight);--awb-caption-title-font-style:var(--h2_typography-font-style);--awb-caption-title-size:var(--h2_typography-font-size);--awb-caption-title-transform:var(--h2_typography-text-transform);--awb-caption-title-line-height:var(--h2_typography-line-height);--awb-caption-title-letter-spacing:var(--h2_typography-letter-spacing);\"><span class=\" fusion-imageframe imageframe-none imageframe-1 hover-type-none\"><img decoding=\"async\" width=\"226\" height=\"225\" title=\"Logotipo\" src=\"https:\/\/telium.io\/wp-content\/uploads\/sites\/6\/2020\/02\/logo-3.png\" data-orig-src=\"https:\/\/telium.io\/wp-content\/uploads\/sites\/6\/2020\/02\/logo-3.png\" alt class=\"lazyload img-responsive wp-image-10957\" srcset=\"data:image\/svg+xml,%3Csvg%20xmlns%3D%27http%3A%2F%2Fwww.w3.org%2F2000%2Fsvg%27%20width%3D%27226%27%20height%3D%27225%27%20viewBox%3D%270%200%20226%20225%27%3E%3Crect%20width%3D%27226%27%20height%3D%27225%27%20fill-opacity%3D%220%22%2F%3E%3C%2Fsvg%3E\" data-srcset=\"https:\/\/telium.io\/wp-content\/uploads\/sites\/6\/2020\/02\/logo-3-200x199.png 200w, https:\/\/telium.io\/wp-content\/uploads\/sites\/6\/2020\/02\/logo-3.png 226w\" data-sizes=\"auto\" data-orig-sizes=\"(max-width: 1024px) 100vw, 226px\" \/><\/span><\/div><div class=\"fusion-clearfix\"><\/div><\/div><\/div><div class=\"fusion-layout-column fusion_builder_column fusion-builder-column-1 fusion_builder_column_2_3 2_3 fusion-two-third fusion-column-last fusion-column-no-min-height\" style=\"--awb-padding-top:50px;--awb-bg-size:cover;--awb-margin-top:0px;--awb-margin-bottom:0px;width:66.666666666667%;width:calc(66.666666666667% - ( ( 4% ) * 0.66666666666667 ) );\"><div class=\"fusion-column-wrapper fusion-column-has-shadow fusion-flex-column-wrapper-legacy\"><div class=\"fusion-sep-clear\"><\/div><div class=\"fusion-separator fusion-no-small-visibility fusion-no-medium-visibility fusion-full-width-sep\" style=\"margin-left: auto;margin-right: auto;margin-bottom:50px;width:100%;\"><\/div><div class=\"fusion-sep-clear\"><\/div><div class=\"fusion-title title fusion-title-1 fusion-sep-none fusion-title-text fusion-title-size-one\" style=\"--awb-text-color:#ffffff;--awb-margin-bottom:0px;--awb-margin-top-small:0px;--awb-margin-right-small:0px;--awb-margin-bottom-small:20px;--awb-margin-left-small:0px;--awb-font-size:36px;\"><h1 class=\"fusion-title-heading title-heading-right fusion-responsive-typography-calculated\" style=\"margin:0;font-size:1em;--fontSize:36;line-height:1.4;\">Bancos de dados de seguran\u00e7a<\/h1><\/div><div class=\"fusion-title title fusion-title-2 fusion-sep-none fusion-title-text fusion-title-size-four\" style=\"--awb-text-color:#ff6600;--awb-margin-top:0px;--awb-margin-top-small:0px;--awb-margin-right-small:0px;--awb-margin-bottom-small:20px;--awb-margin-left-small:0px;--awb-font-size:18px;\"><h4 class=\"fusion-title-heading title-heading-right fusion-responsive-typography-calculated\" style=\"margin:0;font-size:1em;--fontSize:18;--minFontSize:18;line-height:1.67;\">Identifique os n\u00fameros de telefones de hackers e fraudes<\/h4><\/div><div class=\"fusion-clearfix\"><\/div><\/div><\/div><\/div><\/div><div class=\"fusion-fullwidth fullwidth-box fusion-builder-row-2 fusion-parallax-none nonhundred-percent-fullwidth non-hundred-percent-height-scrolling fusion-equal-height-columns fusion-no-medium-visibility fusion-no-large-visibility lazyload\" style=\"--awb-border-color:#ff6600;--awb-border-radius-top-left:0px;--awb-border-radius-top-right:0px;--awb-border-radius-bottom-right:0px;--awb-border-radius-bottom-left:0px;--awb-padding-top:0px;--awb-padding-right:0px;--awb-padding-bottom:0px;--awb-padding-left:0px;--awb-margin-top:0px;--awb-margin-bottom:0px;--awb-background-size:cover;--awb-border-sizes-top:0px;--awb-border-sizes-bottom:0px;--awb-flex-wrap:wrap;\" data-bg=\"https:\/\/telium.io\/wp-content\/uploads\/sites\/6\/2020\/02\/banner-hacker.jpg\" ><div class=\"fusion-builder-row fusion-row\"><div class=\"fusion-layout-column fusion_builder_column fusion-builder-column-2 fusion_builder_column_1_1 1_1 fusion-one-full fusion-column-first fusion-column-last mobileheader\" style=\"--awb-bg-size:cover;--awb-margin-top:0px;--awb-margin-bottom:0px;\"><div class=\"fusion-column-wrapper fusion-column-has-shadow fusion-flex-column-wrapper-legacy\"><div class=\"fusion-column-content-centered\"><div class=\"fusion-column-content\"><div class=\"fusion-title title fusion-title-3 fusion-no-medium-visibility fusion-no-large-visibility fusion-title-center fusion-title-text fusion-title-size-one mobilebreadcrumb\" style=\"--awb-text-color:#cfcfcf;--awb-margin-top:0px;--awb-margin-bottom:0px;--awb-margin-top-small:1em;--awb-margin-right-small:0px;--awb-margin-bottom-small:1em;--awb-margin-left-small:0px;--awb-font-size:150%;\"><div class=\"title-sep-container title-sep-container-left\"><div class=\"title-sep sep- sep-solid\" style=\"border-color:#e0dede;\"><\/div><\/div><span class=\"awb-title-spacer\"><\/span><h1 class=\"fusion-title-heading title-heading-center fusion-responsive-typography-calculated\" style=\"margin:0;font-size:1em;--fontSize:25.5;line-height:1.4;\">SECDATA<\/h1><span class=\"awb-title-spacer\"><\/span><div class=\"title-sep-container title-sep-container-right\"><div class=\"title-sep sep- sep-solid\" style=\"border-color:#e0dede;\"><\/div><\/div><\/div><div class=\"fusion-text fusion-text-1\"><p><span style=\"color: #cfcfcf;font-size: 150%\">\u00bb<\/span><\/p>\n<\/div><div class=\"fusion-title title fusion-title-4 fusion-no-medium-visibility fusion-no-large-visibility fusion-title-center fusion-title-text fusion-title-size-two mobilebreadcrumb\" style=\"--awb-text-color:#ff6600;--awb-margin-top:0px;--awb-margin-bottom:0px;--awb-margin-top-small:1em;--awb-margin-right-small:0px;--awb-margin-bottom-small:1em;--awb-margin-left-small:0px;--awb-font-size:150%;\"><div class=\"title-sep-container title-sep-container-left\"><div class=\"title-sep sep- sep-solid\" style=\"border-color:#e0dede;\"><\/div><\/div><span class=\"awb-title-spacer\"><\/span><h2 class=\"fusion-title-heading title-heading-center fusion-responsive-typography-calculated\" style=\"margin:0;font-size:1em;--fontSize:25.5;line-height:1.5;\">VIS\u00c3O GERAL<\/h2><span class=\"awb-title-spacer\"><\/span><div class=\"title-sep-container title-sep-container-right\"><div class=\"title-sep sep- sep-solid\" style=\"border-color:#e0dede;\"><\/div><\/div><\/div><\/div><\/div><div class=\"fusion-clearfix\"><\/div><\/div><\/div><\/div><\/div><div class=\"fusion-fullwidth fullwidth-box fusion-builder-row-3 nonhundred-percent-fullwidth non-hundred-percent-height-scrolling\" style=\"--awb-border-radius-top-left:0px;--awb-border-radius-top-right:0px;--awb-border-radius-bottom-right:0px;--awb-border-radius-bottom-left:0px;--awb-flex-wrap:wrap;\" ><div class=\"fusion-builder-row fusion-row\"><div class=\"fusion-layout-column fusion_builder_column fusion-builder-column-3 fusion_builder_column_1_1 1_1 fusion-one-full fusion-column-first fusion-column-last\" style=\"--awb-bg-size:cover;\"><div class=\"fusion-column-wrapper fusion-column-has-shadow fusion-flex-column-wrapper-legacy\"><div class=\"product-tabs\"><div class=\"fusion-button-wrapper\"><a class=\"fusion-button button-3d button-large button-custom fusion-button-default button-1 fusion-button-span-no fusion-has-button-gradient cursor-default product-tab\" style=\"--button_accent_color:#fff;--button_accent_hover_color:#fff;--button_border_hover_color:#787878;--button_gradient_top_color:#ff6600;--button_gradient_bottom_color:#dd4400;--button_gradient_top_color_hover:#ff6600;--button_gradient_bottom_color_hover:#dd4400;--button_text_transform:none;\" target=\"_self\" href=\"#\"><i class=\"fa-book fas awb-button__icon awb-button__icon--default button-icon-left\" aria-hidden=\"true\"><\/i><span class=\"fusion-button-text awb-button__text awb-button__text--default\">Overview<\/span><\/a><\/div><div class=\"fusion-button-wrapper\"><a class=\"fusion-button button-3d button-medium button-default fusion-button-default button-2 fusion-button-span-no product-tab\" style=\"--button_text_transform:none;\" target=\"_self\" href=\"https:\/\/telium.io\/pt-br\/bancos-de-dados-de-seguranca\/beneficios\/\"><i class=\"fa-life-ring fas awb-button__icon awb-button__icon--default button-icon-left\" aria-hidden=\"true\"><\/i><span class=\"fusion-button-text awb-button__text awb-button__text--default\">Benefits<\/span><\/a><\/div><div class=\"fusion-button-wrapper\"><a class=\"fusion-button button-3d button-medium button-default fusion-button-default button-3 fusion-button-span-no product-tab\" style=\"--button_text_transform:none;\" target=\"_self\" href=\"https:\/\/telium.io\/pt-br\/bancos-de-dados-de-seguranca\/caracteristicas\/\"><i class=\"fa-check-double fas awb-button__icon awb-button__icon--default button-icon-left\" aria-hidden=\"true\"><\/i><span class=\"fusion-button-text awb-button__text awb-button__text--default\">Features<\/span><\/a><\/div><div class=\"fusion-button-wrapper\"><a class=\"fusion-button button-3d button-medium button-default fusion-button-default button-4 fusion-button-span-no product-tab\" style=\"--button_text_transform:none;\" target=\"_self\" href=\"https:\/\/telium.io\/pt-br\/bancos-de-dados-de-seguranca\/tecnologia\/\"><i class=\"fa-microchip fas awb-button__icon awb-button__icon--default button-icon-left\" aria-hidden=\"true\"><\/i><span class=\"fusion-button-text awb-button__text awb-button__text--default\">Technology<\/span><\/a><\/div><div class=\"fusion-button-wrapper\"><a class=\"fusion-button button-3d button-medium button-default fusion-button-default button-5 fusion-button-span-no product-tab\" style=\"--button_text_transform:none;\" target=\"_self\" href=\"https:\/\/telium.io\/pt-br\/bancos-de-dados-de-seguranca\/api\/\"><i class=\"fa-plug fa awb-button__icon awb-button__icon--default button-icon-left\" aria-hidden=\"true\"><\/i><span class=\"fusion-button-text awb-button__text awb-button__text--default\">API<\/span><\/a><\/div><div class=\"fusion-button-wrapper\"><a class=\"fusion-button button-3d button-medium button-default fusion-button-default button-6 fusion-button-span-no product-tab\" style=\"--button_text_transform:none;\" target=\"_self\" href=\"https:\/\/telium.io\/pt-br\/bancos-de-dados-de-seguranca\/perguntas-frequentemente-feitas\/\"><i class=\"fa-question-circle fas awb-button__icon awb-button__icon--default button-icon-left\" aria-hidden=\"true\"><\/i><span class=\"fusion-button-text awb-button__text awb-button__text--default\">FAQ<\/span><\/a><\/div><div class=\"fusion-button-wrapper\"><a class=\"fusion-button button-3d button-medium button-default fusion-button-default button-7 fusion-button-span-no product-tab\" style=\"--button_text_transform:none;\" target=\"_self\" href=\"https:\/\/telium.io\/pt-br\/bancos-de-dados-de-seguranca\/precos-comprar\/\"><i class=\"fa-shopping-cart fa awb-button__icon awb-button__icon--default button-icon-left\" aria-hidden=\"true\"><\/i><span class=\"fusion-button-text awb-button__text awb-button__text--default\">Pricing \/ Buy<\/span><\/a><\/div><div class=\"fusion-button-wrapper\"><a class=\"fusion-button button-3d button-medium button-default fusion-button-default button-8 fusion-button-span-no product-tab\" style=\"--button_text_transform:none;\" target=\"_self\" href=\"https:\/\/telium.io\/pt-br\/bancos-de-dados-de-seguranca\/licenca\/\"><i class=\"fa-gavel fa awb-button__icon awb-button__icon--default button-icon-left\" aria-hidden=\"true\"><\/i><span class=\"fusion-button-text awb-button__text awb-button__text--default\">License<\/span><\/a><\/div><h2 style=\"color: rgba(0,0,0,0);display: inline;font-size: 0em;\">overview<\/h2><\/div><div class=\"fusion-clearfix\"><\/div><\/div><\/div><\/div><\/div><div class=\"fusion-fullwidth fullwidth-box fusion-builder-row-4 nonhundred-percent-fullwidth non-hundred-percent-height-scrolling\" style=\"--awb-border-radius-top-left:0px;--awb-border-radius-top-right:0px;--awb-border-radius-bottom-right:0px;--awb-border-radius-bottom-left:0px;--awb-margin-top:10px;--awb-flex-wrap:wrap;\" ><div class=\"fusion-builder-row fusion-row\"><div class=\"fusion-layout-column fusion_builder_column fusion-builder-column-4 fusion_builder_column_1_1 1_1 fusion-one-full fusion-column-first fusion-column-last fusion-no-small-visibility fusion-no-medium-visibility\" style=\"--awb-bg-size:cover;--awb-margin-bottom:30px;\"><div class=\"fusion-column-wrapper fusion-column-has-shadow fusion-flex-column-wrapper-legacy\"><div class=\"fusion-clearfix\"><\/div><\/div><\/div><div class=\"fusion-layout-column fusion_builder_column fusion-builder-column-5 fusion_builder_column_1_1 1_1 fusion-one-full fusion-column-first fusion-column-last\" style=\"--awb-bg-size:cover;\"><div class=\"fusion-column-wrapper fusion-column-has-shadow fusion-flex-column-wrapper-legacy\"><div class=\"fusion-column-content-centered\"><div class=\"fusion-column-content\"><div class=\"fusion-text fusion-text-2\"><p>Bancos de Dados de Seguran\u00e7a\u2122 (SecData\u2122) \u00e9 um servi\u00e7o baseado em nuvem que ajuda a proteger seu ambiente de telefonia contra hackers e fraudes. SecData pode avaliar os riscos associados a qualquer n\u00famero de telefone que est\u00e1 sendo discado e os riscos associados a qualquer endere\u00e7o IP de origem que tente se conectar aos seus servidores. SecData permite que seu firewall\/PBX\/servidores bloqueie e desconecte hackers e fraudadores antes que eles possam causar qualquer dano ou fazer com que voc\u00ea incorra em quaisquer cobran\u00e7as de ped\u00e1gio.<\/p>\n<p>SecData \u00e9 uma solu\u00e7\u00e3o de software de 100 com todos os recursos acess\u00edveis atrav\u00e9s de uma interface ReST simples. Os servidores SecData est\u00e3o localizados na nuvem e em todo o mundo para garantir uma resposta r\u00e1pida e alta disponibilidade. Essa abordagem garante que o servi\u00e7o SecData seja acess\u00edvel a partir de praticamente qualquer linguagem de programa\u00e7\u00e3o, linguagem de script, dialplan, etc. e seja compat\u00edvel com praticamente todos os ambientes de telefonia, PBX e firewall.<\/p>\n<p>O banco de dados de hackers da SecDatacont\u00e9m os endere\u00e7os IP de hackers conhecidos em todo o mundo. Uma consulta ao banco de dados de hackers com um endere\u00e7o IP retorna uma pontua\u00e7\u00e3o de 0 a 100 indicando a probabilidade de um hacker operar nesse endere\u00e7o. Os dados no banco de dados de hackers s\u00e3o continuamente atualizados e envelhecidos (para evitar que dados obsoletos afetem pontua\u00e7\u00f5es), e correlacionados com outros endere\u00e7os IP e dados de comportamento com base na natureza, frequ\u00eancia, tipo de ataques etc. O banco de dados de hackers ainda considera blocos de endere\u00e7os (sub-redes) contendo IPs de hackers para que novos endere\u00e7os IP pr\u00f3ximos a endere\u00e7os IP de hackers conhecidos sejam reconhecidos como potencialmente mais perigosos.<\/p>\n<p>O banco de dados fraudulento de n\u00fameros de telefone da SecDatacont\u00e9m n\u00fameros de telefone conhecidos por serem usados em esquemas de fraude\/ hacking em todo o mundo. Esses n\u00fameros s\u00e3o frequentemente n\u00fameros de taxas premium que podem gerar centenas de milhares de d\u00f3lares em encargos em apenas uma quest\u00e3o de horas. Uma consulta ao banco de dados de n\u00fameros de telefone fraudulento retorna uma pontua\u00e7\u00e3o de 0 a 100 indicando a probabilidade do n\u00famero discado estar envolvido em um esquema de fraude. Os dados no banco de dados de n\u00fameros telef\u00f4nicos fraudulentos s\u00e3o continuamente atualizados e envelhecidos (para evitar que dados obsoletos afetem pontua\u00e7\u00f5es), e analisados com base nos c\u00f3digos\/prefixos de pa\u00eds usados ao discar, etc.<\/p>\n<p>SecData \u00e9 uma solu\u00e7\u00e3o f\u00e1cil de usar, adequada para uma ampla gama de ambientes de telefonia, desde escrit\u00f3rios at\u00e9 grandes call centers, operadoras e ITSP&#8217;s. O servi\u00e7o SecData pode proteger n\u00e3o apenas os servidores de provisionamento da PBX,mas tamb\u00e9m os de provisionamento (TFTP\/FTP\/WWW), os controladores de borda de sess\u00e3o e muito mais.<\/p>\n<\/div><\/div><\/div><div class=\"fusion-clearfix\"><\/div><\/div><\/div><div class=\"fusion-layout-column fusion_builder_column fusion-builder-column-6 fusion_builder_column_1_1 1_1 fusion-one-full fusion-column-first fusion-column-last fusion-no-small-visibility fusion-no-medium-visibility\" style=\"--awb-bg-size:cover;--awb-margin-bottom:30px;\"><div class=\"fusion-column-wrapper fusion-column-has-shadow fusion-flex-column-wrapper-legacy\"><div class=\"fusion-clearfix\"><\/div><\/div><\/div><\/div><\/div><\/p>\n","protected":false},"excerpt":{"rendered":"","protected":false},"author":4,"featured_media":0,"parent":0,"menu_order":0,"comment_status":"closed","ping_status":"closed","template":"100-width.php","meta":{"_bbp_topic_count":0,"_bbp_reply_count":0,"_bbp_total_topic_count":0,"_bbp_total_reply_count":0,"_bbp_voice_count":0,"_bbp_anonymous_reply_count":0,"_bbp_topic_count_hidden":0,"_bbp_reply_count_hidden":0,"_bbp_forum_subforum_count":0,"footnotes":""},"class_list":["post-13312","page","type-page","status-publish","hentry"],"yoast_head":"<!-- This site is optimized with the Yoast SEO plugin v27.5 - https:\/\/yoast.com\/product\/yoast-seo-wordpress\/ -->\n<title>Bancos de Dados de Seguran\u00e7a - Telium<\/title>\n<meta name=\"description\" content=\"Security DatabasesSecData\u00e9 um servi\u00e7o baseado em nuvem que ajuda a proteger seu ambiente de telefonia contra hackers e fraudes.\" \/>\n<meta name=\"robots\" content=\"index, follow, max-snippet:-1, max-image-preview:large, max-video-preview:-1\" \/>\n<link rel=\"canonical\" href=\"https:\/\/telium.io\/pt-br\/bancos-de-dados-de-seguranca\/\" \/>\n<meta property=\"og:locale\" content=\"pt_BR\" \/>\n<meta property=\"og:type\" content=\"article\" \/>\n<meta property=\"og:title\" content=\"Bancos de Dados de Seguran\u00e7a - Telium\" \/>\n<meta property=\"og:description\" content=\"Security DatabasesSecData\u00e9 um servi\u00e7o baseado em nuvem que ajuda a proteger seu ambiente de telefonia contra hackers e fraudes.\" \/>\n<meta property=\"og:url\" content=\"https:\/\/telium.io\/pt-br\/bancos-de-dados-de-seguranca\/\" \/>\n<meta property=\"og:site_name\" content=\"Telium\" \/>\n<meta property=\"article:publisher\" content=\"https:\/\/www.facebook.com\/pages\/category\/Telecommunication-Company\/Telium-1581395458787072\/\" \/>\n<meta property=\"article:modified_time\" content=\"2020-03-10T00:21:30+00:00\" \/>\n<meta name=\"twitter:card\" content=\"summary_large_image\" \/>\n<meta name=\"twitter:site\" content=\"@telium_io\" \/>\n<meta name=\"twitter:label1\" content=\"Est. reading time\" \/>\n\t<meta name=\"twitter:data1\" content=\"15 minutes\" \/>\n<script type=\"application\/ld+json\" class=\"yoast-schema-graph\">{\"@context\":\"https:\\\/\\\/schema.org\",\"@graph\":[{\"@type\":\"WebPage\",\"@id\":\"https:\\\/\\\/telium.io\\\/pt-br\\\/bancos-de-dados-de-seguranca\\\/\",\"url\":\"https:\\\/\\\/telium.io\\\/pt-br\\\/bancos-de-dados-de-seguranca\\\/\",\"name\":\"Bancos de Dados de Seguran\u00e7a - Telium\",\"isPartOf\":{\"@id\":\"https:\\\/\\\/telium.io\\\/pt-br\\\/#website\"},\"datePublished\":\"2020-02-20T23:33:42+00:00\",\"dateModified\":\"2020-03-10T00:21:30+00:00\",\"description\":\"Security DatabasesSecData\u00e9 um servi\u00e7o baseado em nuvem que ajuda a proteger seu ambiente de telefonia contra hackers e fraudes.\",\"breadcrumb\":{\"@id\":\"https:\\\/\\\/telium.io\\\/pt-br\\\/bancos-de-dados-de-seguranca\\\/#breadcrumb\"},\"inLanguage\":\"pt-BR\",\"potentialAction\":[{\"@type\":\"ReadAction\",\"target\":[\"https:\\\/\\\/telium.io\\\/pt-br\\\/bancos-de-dados-de-seguranca\\\/\"]}]},{\"@type\":\"BreadcrumbList\",\"@id\":\"https:\\\/\\\/telium.io\\\/pt-br\\\/bancos-de-dados-de-seguranca\\\/#breadcrumb\",\"itemListElement\":[{\"@type\":\"ListItem\",\"position\":1,\"name\":\"Home\",\"item\":\"https:\\\/\\\/telium.io\\\/pt-br\\\/pagina-inicial\\\/\"},{\"@type\":\"ListItem\",\"position\":2,\"name\":\"Bancos de Dados de Seguran\u00e7a\"}]},{\"@type\":\"WebSite\",\"@id\":\"https:\\\/\\\/telium.io\\\/pt-br\\\/#website\",\"url\":\"https:\\\/\\\/telium.io\\\/pt-br\\\/\",\"name\":\"Telium\",\"description\":\"Telefonia e Telem\u00e1tica\",\"publisher\":{\"@id\":\"https:\\\/\\\/telium.io\\\/pt-br\\\/#organization\"},\"potentialAction\":[{\"@type\":\"SearchAction\",\"target\":{\"@type\":\"EntryPoint\",\"urlTemplate\":\"https:\\\/\\\/telium.io\\\/pt-br\\\/?s={search_term_string}\"},\"query-input\":{\"@type\":\"PropertyValueSpecification\",\"valueRequired\":true,\"valueName\":\"search_term_string\"}}],\"inLanguage\":\"pt-BR\"},{\"@type\":\"Organization\",\"@id\":\"https:\\\/\\\/telium.io\\\/pt-br\\\/#organization\",\"name\":\"Telium\",\"url\":\"https:\\\/\\\/telium.io\\\/pt-br\\\/\",\"logo\":{\"@type\":\"ImageObject\",\"inLanguage\":\"pt-BR\",\"@id\":\"https:\\\/\\\/telium.io\\\/pt-br\\\/#\\\/schema\\\/logo\\\/image\\\/\",\"url\":\"https:\\\/\\\/telium.io\\\/wp-content\\\/uploads\\\/sites\\\/6\\\/2020\\\/01\\\/logo_o_800x800.png\",\"contentUrl\":\"https:\\\/\\\/telium.io\\\/wp-content\\\/uploads\\\/sites\\\/6\\\/2020\\\/01\\\/logo_o_800x800.png\",\"width\":800,\"height\":800,\"caption\":\"Telium\"},\"image\":{\"@id\":\"https:\\\/\\\/telium.io\\\/pt-br\\\/#\\\/schema\\\/logo\\\/image\\\/\"},\"sameAs\":[\"https:\\\/\\\/www.facebook.com\\\/pages\\\/category\\\/Telecommunication-Company\\\/Telium-1581395458787072\\\/\",\"https:\\\/\\\/x.com\\\/telium_io\",\"https:\\\/\\\/ca.linkedin.com\\\/company\\\/telium\"]}]}<\/script>\n<!-- \/ Yoast SEO plugin. -->","yoast_head_json":{"title":"Bancos de Dados de Seguran\u00e7a - Telium","description":"Security DatabasesSecData\u00e9 um servi\u00e7o baseado em nuvem que ajuda a proteger seu ambiente de telefonia contra hackers e fraudes.","robots":{"index":"index","follow":"follow","max-snippet":"max-snippet:-1","max-image-preview":"max-image-preview:large","max-video-preview":"max-video-preview:-1"},"canonical":"https:\/\/telium.io\/pt-br\/bancos-de-dados-de-seguranca\/","og_locale":"pt_BR","og_type":"article","og_title":"Bancos de Dados de Seguran\u00e7a - Telium","og_description":"Security DatabasesSecData\u00e9 um servi\u00e7o baseado em nuvem que ajuda a proteger seu ambiente de telefonia contra hackers e fraudes.","og_url":"https:\/\/telium.io\/pt-br\/bancos-de-dados-de-seguranca\/","og_site_name":"Telium","article_publisher":"https:\/\/www.facebook.com\/pages\/category\/Telecommunication-Company\/Telium-1581395458787072\/","article_modified_time":"2020-03-10T00:21:30+00:00","twitter_card":"summary_large_image","twitter_site":"@telium_io","twitter_misc":{"Est. reading time":"15 minutes"},"schema":{"@context":"https:\/\/schema.org","@graph":[{"@type":"WebPage","@id":"https:\/\/telium.io\/pt-br\/bancos-de-dados-de-seguranca\/","url":"https:\/\/telium.io\/pt-br\/bancos-de-dados-de-seguranca\/","name":"Bancos de Dados de Seguran\u00e7a - Telium","isPartOf":{"@id":"https:\/\/telium.io\/pt-br\/#website"},"datePublished":"2020-02-20T23:33:42+00:00","dateModified":"2020-03-10T00:21:30+00:00","description":"Security DatabasesSecData\u00e9 um servi\u00e7o baseado em nuvem que ajuda a proteger seu ambiente de telefonia contra hackers e fraudes.","breadcrumb":{"@id":"https:\/\/telium.io\/pt-br\/bancos-de-dados-de-seguranca\/#breadcrumb"},"inLanguage":"pt-BR","potentialAction":[{"@type":"ReadAction","target":["https:\/\/telium.io\/pt-br\/bancos-de-dados-de-seguranca\/"]}]},{"@type":"BreadcrumbList","@id":"https:\/\/telium.io\/pt-br\/bancos-de-dados-de-seguranca\/#breadcrumb","itemListElement":[{"@type":"ListItem","position":1,"name":"Home","item":"https:\/\/telium.io\/pt-br\/pagina-inicial\/"},{"@type":"ListItem","position":2,"name":"Bancos de Dados de Seguran\u00e7a"}]},{"@type":"WebSite","@id":"https:\/\/telium.io\/pt-br\/#website","url":"https:\/\/telium.io\/pt-br\/","name":"Telium","description":"Telefonia e Telem\u00e1tica","publisher":{"@id":"https:\/\/telium.io\/pt-br\/#organization"},"potentialAction":[{"@type":"SearchAction","target":{"@type":"EntryPoint","urlTemplate":"https:\/\/telium.io\/pt-br\/?s={search_term_string}"},"query-input":{"@type":"PropertyValueSpecification","valueRequired":true,"valueName":"search_term_string"}}],"inLanguage":"pt-BR"},{"@type":"Organization","@id":"https:\/\/telium.io\/pt-br\/#organization","name":"Telium","url":"https:\/\/telium.io\/pt-br\/","logo":{"@type":"ImageObject","inLanguage":"pt-BR","@id":"https:\/\/telium.io\/pt-br\/#\/schema\/logo\/image\/","url":"https:\/\/telium.io\/wp-content\/uploads\/sites\/6\/2020\/01\/logo_o_800x800.png","contentUrl":"https:\/\/telium.io\/wp-content\/uploads\/sites\/6\/2020\/01\/logo_o_800x800.png","width":800,"height":800,"caption":"Telium"},"image":{"@id":"https:\/\/telium.io\/pt-br\/#\/schema\/logo\/image\/"},"sameAs":["https:\/\/www.facebook.com\/pages\/category\/Telecommunication-Company\/Telium-1581395458787072\/","https:\/\/x.com\/telium_io","https:\/\/ca.linkedin.com\/company\/telium"]}]}},"_links":{"self":[{"href":"https:\/\/telium.io\/pt-br\/wp-json\/wp\/v2\/pages\/13312","targetHints":{"allow":["GET"]}}],"collection":[{"href":"https:\/\/telium.io\/pt-br\/wp-json\/wp\/v2\/pages"}],"about":[{"href":"https:\/\/telium.io\/pt-br\/wp-json\/wp\/v2\/types\/page"}],"author":[{"embeddable":true,"href":"https:\/\/telium.io\/pt-br\/wp-json\/wp\/v2\/users\/4"}],"replies":[{"embeddable":true,"href":"https:\/\/telium.io\/pt-br\/wp-json\/wp\/v2\/comments?post=13312"}],"version-history":[{"count":3,"href":"https:\/\/telium.io\/pt-br\/wp-json\/wp\/v2\/pages\/13312\/revisions"}],"predecessor-version":[{"id":13315,"href":"https:\/\/telium.io\/pt-br\/wp-json\/wp\/v2\/pages\/13312\/revisions\/13315"}],"wp:attachment":[{"href":"https:\/\/telium.io\/pt-br\/wp-json\/wp\/v2\/media?parent=13312"}],"curies":[{"name":"wp","href":"https:\/\/api.w.org\/{rel}","templated":true}]}}