{"id":9725,"date":"2020-01-19T10:02:24","date_gmt":"2020-01-19T15:02:24","guid":{"rendered":"https:\/\/new.telium.io\/haute-disponibilite-pour-asterisk\/dinformations-sanitaires-protegees\/"},"modified":"2024-04-24T11:57:27","modified_gmt":"2024-04-24T16:57:27","slug":"dinformations-sanitaires-protegees","status":"publish","type":"page","link":"https:\/\/telium.io\/fr\/haute-disponibilite-pour-asterisk\/dinformations-sanitaires-protegees\/","title":{"rendered":"Informations sur la sant\u00e9 prot\u00e9g\u00e9e"},"content":{"rendered":"<p><div class=\"fusion-fullwidth fullwidth-box fusion-builder-row-1 fusion-parallax-none nonhundred-percent-fullwidth non-hundred-percent-height-scrolling fusion-no-small-visibility lazyload headerheight\" style=\"--awb-border-radius-top-left:0px;--awb-border-radius-top-right:0px;--awb-border-radius-bottom-right:0px;--awb-border-radius-bottom-left:0px;--awb-padding-top:0px;--awb-padding-bottom:0px;--awb-margin-top:0px;--awb-margin-bottom:0px;--awb-background-color:#000000;--awb-background-size:cover;--awb-flex-wrap:wrap;\" data-bg=\"https:\/\/telium.io\/wp-content\/uploads\/sites\/6\/2020\/01\/banner-stethescope2.jpg\" ><div class=\"fusion-builder-row fusion-row\"><div class=\"fusion-layout-column fusion_builder_column fusion-builder-column-0 fusion_builder_column_1_4 1_4 fusion-one-fourth fusion-column-first fusion-no-small-visibility fusion-no-medium-visibility\" style=\"--awb-padding-top:125px;--awb-bg-size:cover;width:25%;width:calc(25% - ( ( 4% ) * 0.25 ) );margin-right: 4%;\"><div class=\"fusion-column-wrapper fusion-column-has-shadow fusion-flex-column-wrapper-legacy\"><div class=\"fusion-image-element in-legacy-container\" style=\"--awb-caption-title-font-family:var(--h2_typography-font-family);--awb-caption-title-font-weight:var(--h2_typography-font-weight);--awb-caption-title-font-style:var(--h2_typography-font-style);--awb-caption-title-size:var(--h2_typography-font-size);--awb-caption-title-transform:var(--h2_typography-text-transform);--awb-caption-title-line-height:var(--h2_typography-line-height);--awb-caption-title-letter-spacing:var(--h2_typography-letter-spacing);\"><span class=\" fusion-imageframe imageframe-none imageframe-1 hover-type-none\"><img decoding=\"async\" width=\"353\" height=\"425\" title=\"HAAst-bouclier4\" src=\"https:\/\/telium.io\/wp-content\/uploads\/sites\/6\/2020\/02\/haast-shield4.png\" data-orig-src=\"https:\/\/telium.io\/wp-content\/uploads\/sites\/6\/2020\/02\/haast-shield4.png\" alt class=\"lazyload img-responsive wp-image-10022\" srcset=\"data:image\/svg+xml,%3Csvg%20xmlns%3D%27http%3A%2F%2Fwww.w3.org%2F2000%2Fsvg%27%20width%3D%27353%27%20height%3D%27425%27%20viewBox%3D%270%200%20353%20425%27%3E%3Crect%20width%3D%27353%27%20height%3D%27425%27%20fill-opacity%3D%220%22%2F%3E%3C%2Fsvg%3E\" data-srcset=\"https:\/\/telium.io\/wp-content\/uploads\/sites\/6\/2020\/02\/haast-shield4-200x241.png 200w, https:\/\/telium.io\/wp-content\/uploads\/sites\/6\/2020\/02\/haast-shield4.png 353w\" data-sizes=\"auto\" data-orig-sizes=\"(max-width: 1024px) 100vw, 353px\" \/><\/span><\/div><div class=\"fusion-clearfix\"><\/div><\/div><\/div><div class=\"fusion-layout-column fusion_builder_column fusion-builder-column-1 fusion_builder_column_3_4 3_4 fusion-three-fourth fusion-column-last fusion-animated\" style=\"--awb-padding-top:50px;--awb-bg-size:cover;--awb-margin-top:0px;--awb-margin-bottom:0px;width:75%;width:calc(75% - ( ( 4% ) * 0.75 ) );\" data-animationType=\"zoomIn\" data-animationDuration=\"0.9\" data-animationOffset=\"top-into-view\"><div class=\"fusion-column-wrapper fusion-column-has-shadow fusion-flex-column-wrapper-legacy\"><div class=\"fusion-sep-clear\"><\/div><div class=\"fusion-separator fusion-no-small-visibility fusion-no-medium-visibility fusion-full-width-sep\" style=\"margin-left: auto;margin-right: auto;margin-bottom:50px;width:100%;\"><\/div><div class=\"fusion-sep-clear\"><\/div><div class=\"fusion-title title fusion-title-1 fusion-sep-none fusion-title-text fusion-title-size-one\" style=\"--awb-margin-bottom:0px;--awb-margin-top-small:0px;--awb-margin-right-small:0px;--awb-margin-bottom-small:20px;--awb-margin-left-small:0px;\"><h1 class=\"fusion-title-heading title-heading-right fusion-responsive-typography-calculated\" style=\"margin:0;--fontSize:40;line-height:1.4;\"><span style=\"color: #ffffff; font-size: 36px; font-family: Tahoma, Verdana, Geneva, sans-serif;\">Haute Disponibilit\u00e9 pour Asterisk<\/span><\/h1><\/div><div class=\"fusion-title title fusion-title-2 fusion-sep-none fusion-title-text fusion-title-size-four\" style=\"--awb-text-color:#ff9900;--awb-margin-top:0px;--awb-margin-top-small:0px;--awb-margin-right-small:0px;--awb-margin-bottom-small:20px;--awb-margin-left-small:0px;--awb-font-size:18px;\"><h4 class=\"fusion-title-heading title-heading-right fusion-responsive-typography-calculated\" style=\"margin:0;font-size:1em;--fontSize:18;--minFontSize:18;line-height:1.67;\"><strong><span style=\"color: #ff6600; font-size: 18px; font-family: Tahoma, Verdana, Geneva, sans-serif;\">Informations sur la sant\u00e9 prot\u00e9g\u00e9e<\/span><\/strong><\/h4><\/div><div class=\"fusion-clearfix\"><\/div><\/div><\/div><\/div><\/div><div class=\"fusion-fullwidth fullwidth-box fusion-builder-row-2 fusion-parallax-none nonhundred-percent-fullwidth non-hundred-percent-height-scrolling fusion-equal-height-columns fusion-no-medium-visibility fusion-no-large-visibility lazyload\" style=\"--awb-border-color:#ff6600;--awb-border-radius-top-left:0px;--awb-border-radius-top-right:0px;--awb-border-radius-bottom-right:0px;--awb-border-radius-bottom-left:0px;--awb-padding-top:0px;--awb-padding-right:0px;--awb-padding-bottom:0px;--awb-padding-left:0px;--awb-margin-top:0px;--awb-margin-bottom:0px;--awb-background-size:cover;--awb-border-sizes-top:0px;--awb-border-sizes-bottom:0px;--awb-flex-wrap:wrap;\" data-bg=\"https:\/\/telium.io\/wp-content\/uploads\/sites\/6\/2020\/01\/banner-stethescope2-1024x341.jpg\" ><div class=\"fusion-builder-row fusion-row\"><div class=\"fusion-layout-column fusion_builder_column fusion-builder-column-2 fusion_builder_column_1_1 1_1 fusion-one-full fusion-column-first fusion-column-last mobileheader\" style=\"--awb-bg-size:cover;--awb-margin-top:0px;--awb-margin-bottom:0px;\"><div class=\"fusion-column-wrapper fusion-column-has-shadow fusion-flex-column-wrapper-legacy\"><div class=\"fusion-column-content-centered\"><div class=\"fusion-column-content\"><div class=\"fusion-title title fusion-title-3 fusion-no-medium-visibility fusion-no-large-visibility fusion-title-center fusion-title-text fusion-title-size-one mobilebreadcrumb\" style=\"--awb-text-color:#cfcfcf;--awb-margin-top:0px;--awb-margin-bottom:0px;--awb-margin-top-small:1em;--awb-margin-right-small:0px;--awb-margin-bottom-small:1em;--awb-margin-left-small:0px;--awb-font-size:150%;\"><div class=\"title-sep-container title-sep-container-left\"><div class=\"title-sep sep- sep-solid\" style=\"border-color:#e0dede;\"><\/div><\/div><span class=\"awb-title-spacer\"><\/span><h1 class=\"fusion-title-heading title-heading-center fusion-responsive-typography-calculated\" style=\"margin:0;font-size:1em;--fontSize:25.5;line-height:1.4;\">HAAST<\/h1><span class=\"awb-title-spacer\"><\/span><div class=\"title-sep-container title-sep-container-right\"><div class=\"title-sep sep- sep-solid\" style=\"border-color:#e0dede;\"><\/div><\/div><\/div><div class=\"fusion-text fusion-text-1\"><p><span style=\"color: #cfcfcf; font-size: 150%;\">\u00bb<\/span><\/p>\n<\/div><div class=\"fusion-title title fusion-title-4 fusion-no-medium-visibility fusion-no-large-visibility fusion-title-center fusion-title-text fusion-title-size-two mobilebreadcrumb\" style=\"--awb-text-color:#ff6600;--awb-margin-top:0px;--awb-margin-bottom:0px;--awb-margin-top-small:1em;--awb-margin-right-small:0px;--awb-margin-bottom-small:1em;--awb-margin-left-small:0px;--awb-font-size:150%;\"><div class=\"title-sep-container title-sep-container-left\"><div class=\"title-sep sep- sep-solid\" style=\"border-color:#e0dede;\"><\/div><\/div><span class=\"awb-title-spacer\"><\/span><h2 class=\"fusion-title-heading title-heading-center fusion-responsive-typography-calculated\" style=\"margin:0;font-size:1em;--fontSize:25.5;line-height:1.5;\">ISP<\/h2><span class=\"awb-title-spacer\"><\/span><div class=\"title-sep-container title-sep-container-right\"><div class=\"title-sep sep- sep-solid\" style=\"border-color:#e0dede;\"><\/div><\/div><\/div><\/div><\/div><div class=\"fusion-clearfix\"><\/div><\/div><\/div><\/div><\/div><div class=\"fusion-fullwidth fullwidth-box fusion-builder-row-3 nonhundred-percent-fullwidth non-hundred-percent-height-scrolling\" style=\"--awb-border-radius-top-left:0px;--awb-border-radius-top-right:0px;--awb-border-radius-bottom-right:0px;--awb-border-radius-bottom-left:0px;--awb-margin-bottom:20px;--awb-flex-wrap:wrap;\" ><div class=\"fusion-builder-row fusion-row\"><div class=\"fusion-layout-column fusion_builder_column fusion-builder-column-3 fusion_builder_column_1_1 1_1 fusion-one-full fusion-column-first fusion-column-last fusion-no-small-visibility fusion-no-medium-visibility\" style=\"--awb-bg-size:cover;\"><div class=\"fusion-column-wrapper fusion-column-has-shadow fusion-flex-column-wrapper-legacy\"><div class=\"fusion-clearfix\"><\/div><\/div><\/div><div class=\"fusion-layout-column fusion_builder_column fusion-builder-column-4 fusion_builder_column_1_1 1_1 fusion-one-full fusion-column-first fusion-column-last\" style=\"--awb-bg-size:cover;--awb-margin-top:20px;\"><div class=\"fusion-column-wrapper fusion-column-has-shadow fusion-flex-column-wrapper-legacy\"><div class=\"fusion-title title fusion-title-5 fusion-title-text fusion-title-size-two\" style=\"--awb-margin-top:0px;--awb-margin-top-small:0px;--awb-margin-right-small:0px;--awb-margin-bottom-small:20px;--awb-margin-left-small:0px;\"><h2 class=\"fusion-title-heading title-heading-left fusion-responsive-typography-calculated\" style=\"margin:0;--fontSize:36;line-height:1.5;\">ISP Mat\u00e9riel D\u00e9sign\u00e9 et PBX Haute Disponibilit\u00e9<\/h2><span class=\"awb-title-spacer\"><\/span><div class=\"title-sep-container\"><div class=\"title-sep sep- sep-solid\" style=\"border-color:#e0dede;\"><\/div><\/div><\/div><div class=\"fusion-text fusion-text-2 awb-text-cols fusion-text-columns-2\" style=\"--awb-columns:2;--awb-column-spacing:4em;--awb-column-min-width:400px;\"><p>Les professionnels de l&#8217;informatique en soins de sant\u00e9 reconnaissent depuis longtemps que les renseignements stock\u00e9s sur leurs syst\u00e8mes t\u00e9l\u00e9phoniques (PBX) peuvent \u00eatre d\u00e9sign\u00e9s comme renseignements sur la sanitaires prot\u00e9g\u00e9es (ISP) Un message laiss\u00e9 \u00e0 un m\u00e9decin ou \u00e0 son personnel peut inclure l&#8217;identit\u00e9 d&#8217;un patient, les d\u00e9tails de sa maladie ou de son traitement, etc. Dans la plupart des pays, il existe des lois f\u00e9d\u00e9rales et \u00e9tatiques\/provinciales qui pr\u00e9cisent le niveau de protection qui doit \u00eatre accord\u00e9 ce type d&#8217;information (y compris HIPAA aux \u00c9tats-Unis, PHIPA au Canada, PDPA \u00e0 Singapour, etc.), et l&#8217;attention se concentre maintenant sur phi contenu dans le PBX.<\/p>\n<p>Dans le m\u00eame temps, de nombreux \u00e9tablissements de soins de sant\u00e9 adoptent des VoIP open source \u00e0 base Asterisket cr\u00e9ent des environnements de t\u00e9l\u00e9phonie rentables et riches en fonctionnalit\u00e9s. Comme les op\u00e9rations DE PBX peuvent affecter la survie m\u00eame des patients, ces m\u00eames installations mettent \u00e9galement en \u0153uvre une haute disponibilit\u00e9 (clustering) pour assurer une disponibilit\u00e9 maximale de PBX. Toutefois, le regroupement implique que les donn\u00e9es doivent se d\u00e9placer entre deux \u00ab n\u0153uds \u00bb PBX, y compris les messages vocaux, les donn\u00e9es de nom et de num\u00e9ro de t\u00e9l\u00e9phone de l&#8217;appelant, les journaux d&#8217;appels, etc. (c.-\u00e0-d. ePHI en transit). Cela expose le PBX \u00e0 la conformit\u00e9 r\u00e9glementaire de l&#8217;ISP.<\/p>\n<p>Le produit High Availability for Asterisk (HAast) de Telium cr\u00e9e un cluster PBX qui permet \u00e0 votre environnement t\u00e9l\u00e9phonique de se conformer aux r\u00e9glementations locales en mati\u00e8re de PHI. De 256 bits de cryptage du trafic inter-noeuds, \u00e0 la protection des informations d&#8217;identification dans la m\u00e9moire, et plus encore. D\u00e9couvrez pourquoi HAAst est le produit de grande disponibilit\u00e9 de choix pour les environnements de soins de sant\u00e9.<\/p>\n<\/div><div class=\"fusion-clearfix\"><\/div><\/div><\/div><\/div><\/div><\/p>\n","protected":false},"excerpt":{"rendered":"","protected":false},"author":4,"featured_media":0,"parent":9427,"menu_order":0,"comment_status":"closed","ping_status":"closed","template":"100-width.php","meta":{"_bbp_topic_count":0,"_bbp_reply_count":0,"_bbp_total_topic_count":0,"_bbp_total_reply_count":0,"_bbp_voice_count":0,"_bbp_anonymous_reply_count":0,"_bbp_topic_count_hidden":0,"_bbp_reply_count_hidden":0,"_bbp_forum_subforum_count":0,"footnotes":""},"class_list":["post-9725","page","type-page","status-publish","hentry"],"yoast_head":"<!-- This site is optimized with the Yoast SEO plugin v27.5 - https:\/\/yoast.com\/product\/yoast-seo-wordpress\/ -->\n<title>Informations sur la sant\u00e9 prot\u00e9g\u00e9e de titre - Haute disponibilit\u00e9 pour Asterisk nom Telium -<\/title>\n<meta name=\"description\" content=\"Les messages vocaux d\u00e9tenus par un PBX peuvent \u00eatre d\u00e9sign\u00e9s comme ISP. Le logiciel \u00e0 haute disponibilit\u00e9 PBX doit tenir compte de la fa\u00e7on dont les messages vocaux sont d\u00e9plac\u00e9s entre les n\u0153uds de cluster.\" \/>\n<meta name=\"robots\" content=\"index, follow, max-snippet:-1, max-image-preview:large, max-video-preview:-1\" \/>\n<link rel=\"canonical\" href=\"https:\/\/telium.io\/fr\/haute-disponibilite-pour-asterisk\/dinformations-sanitaires-protegees\/\" \/>\n<meta property=\"og:locale\" content=\"fr_FR\" \/>\n<meta property=\"og:type\" content=\"article\" \/>\n<meta property=\"og:title\" content=\"Informations sur la sant\u00e9 prot\u00e9g\u00e9e de titre - Haute disponibilit\u00e9 pour Asterisk nom Telium -\" \/>\n<meta property=\"og:description\" content=\"Les messages vocaux d\u00e9tenus par un PBX peuvent \u00eatre d\u00e9sign\u00e9s comme ISP. Le logiciel \u00e0 haute disponibilit\u00e9 PBX doit tenir compte de la fa\u00e7on dont les messages vocaux sont d\u00e9plac\u00e9s entre les n\u0153uds de cluster.\" \/>\n<meta property=\"og:url\" content=\"https:\/\/telium.io\/fr\/haute-disponibilite-pour-asterisk\/dinformations-sanitaires-protegees\/\" \/>\n<meta property=\"og:site_name\" content=\"Telium\" \/>\n<meta property=\"article:publisher\" content=\"https:\/\/www.facebook.com\/pages\/category\/Telecommunication-Company\/Telium-1581395458787072\/\" \/>\n<meta property=\"article:modified_time\" content=\"2024-04-24T16:57:27+00:00\" \/>\n<meta name=\"twitter:card\" content=\"summary_large_image\" \/>\n<meta name=\"twitter:site\" content=\"@telium_io\" \/>\n<meta name=\"twitter:label1\" content=\"Est. reading time\" \/>\n\t<meta name=\"twitter:data1\" content=\"12 minutes\" \/>\n<script type=\"application\/ld+json\" class=\"yoast-schema-graph\">{\"@context\":\"https:\\\/\\\/schema.org\",\"@graph\":[{\"@type\":\"WebPage\",\"@id\":\"https:\\\/\\\/telium.io\\\/fr\\\/haute-disponibilite-pour-asterisk\\\/dinformations-sanitaires-protegees\\\/\",\"url\":\"https:\\\/\\\/telium.io\\\/fr\\\/haute-disponibilite-pour-asterisk\\\/dinformations-sanitaires-protegees\\\/\",\"name\":\"Informations sur la sant\u00e9 prot\u00e9g\u00e9e de titre - Haute disponibilit\u00e9 pour Asterisk nom Telium -\",\"isPartOf\":{\"@id\":\"https:\\\/\\\/telium.io\\\/fr\\\/#website\"},\"datePublished\":\"2020-01-19T15:02:24+00:00\",\"dateModified\":\"2024-04-24T16:57:27+00:00\",\"description\":\"Les messages vocaux d\u00e9tenus par un PBX peuvent \u00eatre d\u00e9sign\u00e9s comme ISP. Le logiciel \u00e0 haute disponibilit\u00e9 PBX doit tenir compte de la fa\u00e7on dont les messages vocaux sont d\u00e9plac\u00e9s entre les n\u0153uds de cluster.\",\"breadcrumb\":{\"@id\":\"https:\\\/\\\/telium.io\\\/fr\\\/haute-disponibilite-pour-asterisk\\\/dinformations-sanitaires-protegees\\\/#breadcrumb\"},\"inLanguage\":\"fr-FR\",\"potentialAction\":[{\"@type\":\"ReadAction\",\"target\":[\"https:\\\/\\\/telium.io\\\/fr\\\/haute-disponibilite-pour-asterisk\\\/dinformations-sanitaires-protegees\\\/\"]}]},{\"@type\":\"BreadcrumbList\",\"@id\":\"https:\\\/\\\/telium.io\\\/fr\\\/haute-disponibilite-pour-asterisk\\\/dinformations-sanitaires-protegees\\\/#breadcrumb\",\"itemListElement\":[{\"@type\":\"ListItem\",\"position\":1,\"name\":\"Home\",\"item\":\"https:\\\/\\\/telium.io\\\/fr\\\/accueil\\\/\"},{\"@type\":\"ListItem\",\"position\":2,\"name\":\"Haute disponibilit\u00e9 pour Asterisk\",\"item\":\"https:\\\/\\\/telium.io\\\/fr\\\/haute-disponibilite-pour-asterisk\\\/\"},{\"@type\":\"ListItem\",\"position\":3,\"name\":\"Informations sur la sant\u00e9 prot\u00e9g\u00e9e\"}]},{\"@type\":\"WebSite\",\"@id\":\"https:\\\/\\\/telium.io\\\/fr\\\/#website\",\"url\":\"https:\\\/\\\/telium.io\\\/fr\\\/\",\"name\":\"Telium\",\"description\":\"T\u00e9l\u00e9phonie et T\u00e9l\u00e9matique\",\"publisher\":{\"@id\":\"https:\\\/\\\/telium.io\\\/fr\\\/#organization\"},\"potentialAction\":[{\"@type\":\"SearchAction\",\"target\":{\"@type\":\"EntryPoint\",\"urlTemplate\":\"https:\\\/\\\/telium.io\\\/fr\\\/?s={search_term_string}\"},\"query-input\":{\"@type\":\"PropertyValueSpecification\",\"valueRequired\":true,\"valueName\":\"search_term_string\"}}],\"inLanguage\":\"fr-FR\"},{\"@type\":\"Organization\",\"@id\":\"https:\\\/\\\/telium.io\\\/fr\\\/#organization\",\"name\":\"Telium\",\"url\":\"https:\\\/\\\/telium.io\\\/fr\\\/\",\"logo\":{\"@type\":\"ImageObject\",\"inLanguage\":\"fr-FR\",\"@id\":\"https:\\\/\\\/telium.io\\\/fr\\\/#\\\/schema\\\/logo\\\/image\\\/\",\"url\":\"https:\\\/\\\/telium.io\\\/wp-content\\\/uploads\\\/sites\\\/6\\\/2020\\\/01\\\/logo_o_800x800.png\",\"contentUrl\":\"https:\\\/\\\/telium.io\\\/wp-content\\\/uploads\\\/sites\\\/6\\\/2020\\\/01\\\/logo_o_800x800.png\",\"width\":800,\"height\":800,\"caption\":\"Telium\"},\"image\":{\"@id\":\"https:\\\/\\\/telium.io\\\/fr\\\/#\\\/schema\\\/logo\\\/image\\\/\"},\"sameAs\":[\"https:\\\/\\\/www.facebook.com\\\/pages\\\/category\\\/Telecommunication-Company\\\/Telium-1581395458787072\\\/\",\"https:\\\/\\\/x.com\\\/telium_io\",\"https:\\\/\\\/ca.linkedin.com\\\/company\\\/telium\"]}]}<\/script>\n<!-- \/ Yoast SEO plugin. -->","yoast_head_json":{"title":"Informations sur la sant\u00e9 prot\u00e9g\u00e9e de titre - Haute disponibilit\u00e9 pour Asterisk nom Telium -","description":"Les messages vocaux d\u00e9tenus par un PBX peuvent \u00eatre d\u00e9sign\u00e9s comme ISP. Le logiciel \u00e0 haute disponibilit\u00e9 PBX doit tenir compte de la fa\u00e7on dont les messages vocaux sont d\u00e9plac\u00e9s entre les n\u0153uds de cluster.","robots":{"index":"index","follow":"follow","max-snippet":"max-snippet:-1","max-image-preview":"max-image-preview:large","max-video-preview":"max-video-preview:-1"},"canonical":"https:\/\/telium.io\/fr\/haute-disponibilite-pour-asterisk\/dinformations-sanitaires-protegees\/","og_locale":"fr_FR","og_type":"article","og_title":"Informations sur la sant\u00e9 prot\u00e9g\u00e9e de titre - Haute disponibilit\u00e9 pour Asterisk nom Telium -","og_description":"Les messages vocaux d\u00e9tenus par un PBX peuvent \u00eatre d\u00e9sign\u00e9s comme ISP. Le logiciel \u00e0 haute disponibilit\u00e9 PBX doit tenir compte de la fa\u00e7on dont les messages vocaux sont d\u00e9plac\u00e9s entre les n\u0153uds de cluster.","og_url":"https:\/\/telium.io\/fr\/haute-disponibilite-pour-asterisk\/dinformations-sanitaires-protegees\/","og_site_name":"Telium","article_publisher":"https:\/\/www.facebook.com\/pages\/category\/Telecommunication-Company\/Telium-1581395458787072\/","article_modified_time":"2024-04-24T16:57:27+00:00","twitter_card":"summary_large_image","twitter_site":"@telium_io","twitter_misc":{"Est. reading time":"12 minutes"},"schema":{"@context":"https:\/\/schema.org","@graph":[{"@type":"WebPage","@id":"https:\/\/telium.io\/fr\/haute-disponibilite-pour-asterisk\/dinformations-sanitaires-protegees\/","url":"https:\/\/telium.io\/fr\/haute-disponibilite-pour-asterisk\/dinformations-sanitaires-protegees\/","name":"Informations sur la sant\u00e9 prot\u00e9g\u00e9e de titre - Haute disponibilit\u00e9 pour Asterisk nom Telium -","isPartOf":{"@id":"https:\/\/telium.io\/fr\/#website"},"datePublished":"2020-01-19T15:02:24+00:00","dateModified":"2024-04-24T16:57:27+00:00","description":"Les messages vocaux d\u00e9tenus par un PBX peuvent \u00eatre d\u00e9sign\u00e9s comme ISP. Le logiciel \u00e0 haute disponibilit\u00e9 PBX doit tenir compte de la fa\u00e7on dont les messages vocaux sont d\u00e9plac\u00e9s entre les n\u0153uds de cluster.","breadcrumb":{"@id":"https:\/\/telium.io\/fr\/haute-disponibilite-pour-asterisk\/dinformations-sanitaires-protegees\/#breadcrumb"},"inLanguage":"fr-FR","potentialAction":[{"@type":"ReadAction","target":["https:\/\/telium.io\/fr\/haute-disponibilite-pour-asterisk\/dinformations-sanitaires-protegees\/"]}]},{"@type":"BreadcrumbList","@id":"https:\/\/telium.io\/fr\/haute-disponibilite-pour-asterisk\/dinformations-sanitaires-protegees\/#breadcrumb","itemListElement":[{"@type":"ListItem","position":1,"name":"Home","item":"https:\/\/telium.io\/fr\/accueil\/"},{"@type":"ListItem","position":2,"name":"Haute disponibilit\u00e9 pour Asterisk","item":"https:\/\/telium.io\/fr\/haute-disponibilite-pour-asterisk\/"},{"@type":"ListItem","position":3,"name":"Informations sur la sant\u00e9 prot\u00e9g\u00e9e"}]},{"@type":"WebSite","@id":"https:\/\/telium.io\/fr\/#website","url":"https:\/\/telium.io\/fr\/","name":"Telium","description":"T\u00e9l\u00e9phonie et T\u00e9l\u00e9matique","publisher":{"@id":"https:\/\/telium.io\/fr\/#organization"},"potentialAction":[{"@type":"SearchAction","target":{"@type":"EntryPoint","urlTemplate":"https:\/\/telium.io\/fr\/?s={search_term_string}"},"query-input":{"@type":"PropertyValueSpecification","valueRequired":true,"valueName":"search_term_string"}}],"inLanguage":"fr-FR"},{"@type":"Organization","@id":"https:\/\/telium.io\/fr\/#organization","name":"Telium","url":"https:\/\/telium.io\/fr\/","logo":{"@type":"ImageObject","inLanguage":"fr-FR","@id":"https:\/\/telium.io\/fr\/#\/schema\/logo\/image\/","url":"https:\/\/telium.io\/wp-content\/uploads\/sites\/6\/2020\/01\/logo_o_800x800.png","contentUrl":"https:\/\/telium.io\/wp-content\/uploads\/sites\/6\/2020\/01\/logo_o_800x800.png","width":800,"height":800,"caption":"Telium"},"image":{"@id":"https:\/\/telium.io\/fr\/#\/schema\/logo\/image\/"},"sameAs":["https:\/\/www.facebook.com\/pages\/category\/Telecommunication-Company\/Telium-1581395458787072\/","https:\/\/x.com\/telium_io","https:\/\/ca.linkedin.com\/company\/telium"]}]}},"_links":{"self":[{"href":"https:\/\/telium.io\/fr\/wp-json\/wp\/v2\/pages\/9725","targetHints":{"allow":["GET"]}}],"collection":[{"href":"https:\/\/telium.io\/fr\/wp-json\/wp\/v2\/pages"}],"about":[{"href":"https:\/\/telium.io\/fr\/wp-json\/wp\/v2\/types\/page"}],"author":[{"embeddable":true,"href":"https:\/\/telium.io\/fr\/wp-json\/wp\/v2\/users\/4"}],"replies":[{"embeddable":true,"href":"https:\/\/telium.io\/fr\/wp-json\/wp\/v2\/comments?post=9725"}],"version-history":[{"count":13,"href":"https:\/\/telium.io\/fr\/wp-json\/wp\/v2\/pages\/9725\/revisions"}],"predecessor-version":[{"id":18028,"href":"https:\/\/telium.io\/fr\/wp-json\/wp\/v2\/pages\/9725\/revisions\/18028"}],"up":[{"embeddable":true,"href":"https:\/\/telium.io\/fr\/wp-json\/wp\/v2\/pages\/9427"}],"wp:attachment":[{"href":"https:\/\/telium.io\/fr\/wp-json\/wp\/v2\/media?parent=9725"}],"curies":[{"name":"wp","href":"https:\/\/api.w.org\/{rel}","templated":true}]}}