{"id":23141,"date":"2020-06-02T10:46:47","date_gmt":"2020-06-02T15:46:47","guid":{"rendered":"https:\/\/telium.io\/securite-pour-asterisk\/preise-kaufen-2\/"},"modified":"2020-06-02T10:46:47","modified_gmt":"2020-06-02T15:46:47","slug":"preise-kaufen-2","status":"publish","type":"page","link":"https:\/\/telium.io\/fr\/securite-pour-asterisk\/preise-kaufen-2\/","title":{"rendered":"Preise \/ Kaufen"},"content":{"rendered":"","protected":false},"excerpt":{"rendered":"","protected":false},"author":4,"featured_media":0,"parent":12317,"menu_order":0,"comment_status":"closed","ping_status":"closed","template":"100-width.php","meta":{"_bbp_topic_count":0,"_bbp_reply_count":0,"_bbp_total_topic_count":0,"_bbp_total_reply_count":0,"_bbp_voice_count":0,"_bbp_anonymous_reply_count":0,"_bbp_topic_count_hidden":0,"_bbp_reply_count_hidden":0,"_bbp_forum_subforum_count":0,"footnotes":""},"class_list":["post-23141","page","type-page","status-publish","hentry"],"yoast_head":"<!-- This site is optimized with the Yoast SEO plugin v27.2 - https:\/\/yoast.com\/product\/yoast-seo-wordpress\/ -->\n<title>Preise \/ Kaufen - S\u00e9curit\u00e9 pour Asterisk - Telium<\/title>\n<meta name=\"description\" content=\"Erkunden Sie die Preise f\u00fcr Sicherheit f\u00fcr Asterisk (SecAst), einschlie\u00dflich optionaler Wartungsvereinbarungen und -dienste. Fordern Sie ein Angebot oder eine Rechnung aus dem Formular an.\" \/>\n<meta name=\"robots\" content=\"index, follow, max-snippet:-1, max-image-preview:large, max-video-preview:-1\" \/>\n<link rel=\"canonical\" href=\"https:\/\/telium.io\/fr\/securite-pour-asterisk\/preise-kaufen-2\/\" \/>\n<meta property=\"og:locale\" content=\"fr_FR\" \/>\n<meta property=\"og:type\" content=\"article\" \/>\n<meta property=\"og:title\" content=\"Preise \/ Kaufen - S\u00e9curit\u00e9 pour Asterisk - Telium\" \/>\n<meta property=\"og:description\" content=\"Erkunden Sie die Preise f\u00fcr Sicherheit f\u00fcr Asterisk (SecAst), einschlie\u00dflich optionaler Wartungsvereinbarungen und -dienste. Fordern Sie ein Angebot oder eine Rechnung aus dem Formular an.\" \/>\n<meta property=\"og:url\" content=\"https:\/\/telium.io\/fr\/securite-pour-asterisk\/preise-kaufen-2\/\" \/>\n<meta property=\"og:site_name\" content=\"Telium\" \/>\n<meta property=\"article:publisher\" content=\"https:\/\/www.facebook.com\/pages\/category\/Telecommunication-Company\/Telium-1581395458787072\/\" \/>\n<meta name=\"twitter:card\" content=\"summary_large_image\" \/>\n<meta name=\"twitter:site\" content=\"@telium_io\" \/>\n<script type=\"application\/ld+json\" class=\"yoast-schema-graph\">{\"@context\":\"https:\/\/schema.org\",\"@graph\":[{\"@type\":\"WebPage\",\"@id\":\"https:\/\/telium.io\/fr\/securite-pour-asterisk\/preise-kaufen-2\/\",\"url\":\"https:\/\/telium.io\/fr\/securite-pour-asterisk\/preise-kaufen-2\/\",\"name\":\"Preise \/ Kaufen - S\u00e9curit\u00e9 pour Asterisk - Telium\",\"isPartOf\":{\"@id\":\"https:\/\/telium.io\/fr\/#website\"},\"datePublished\":\"2020-06-02T15:46:47+00:00\",\"description\":\"Erkunden Sie die Preise f\u00fcr Sicherheit f\u00fcr Asterisk (SecAst), einschlie\u00dflich optionaler Wartungsvereinbarungen und -dienste. Fordern Sie ein Angebot oder eine Rechnung aus dem Formular an.\",\"breadcrumb\":{\"@id\":\"https:\/\/telium.io\/fr\/securite-pour-asterisk\/preise-kaufen-2\/#breadcrumb\"},\"inLanguage\":\"fr-FR\",\"potentialAction\":[{\"@type\":\"ReadAction\",\"target\":[\"https:\/\/telium.io\/fr\/securite-pour-asterisk\/preise-kaufen-2\/\"]}]},{\"@type\":\"BreadcrumbList\",\"@id\":\"https:\/\/telium.io\/fr\/securite-pour-asterisk\/preise-kaufen-2\/#breadcrumb\",\"itemListElement\":[{\"@type\":\"ListItem\",\"position\":1,\"name\":\"Home\",\"item\":\"https:\/\/telium.io\/fr\/accueil\/\"},{\"@type\":\"ListItem\",\"position\":2,\"name\":\"S\u00e9curit\u00e9 pour Asterisk\",\"item\":\"https:\/\/telium.io\/fr\/securite-pour-asterisk\/\"},{\"@type\":\"ListItem\",\"position\":3,\"name\":\"Preise \/ Kaufen\"}]},{\"@type\":\"WebSite\",\"@id\":\"https:\/\/telium.io\/fr\/#website\",\"url\":\"https:\/\/telium.io\/fr\/\",\"name\":\"Telium\",\"description\":\"T\u00e9l\u00e9phonie et T\u00e9l\u00e9matique\",\"publisher\":{\"@id\":\"https:\/\/telium.io\/fr\/#organization\"},\"potentialAction\":[{\"@type\":\"SearchAction\",\"target\":{\"@type\":\"EntryPoint\",\"urlTemplate\":\"https:\/\/telium.io\/fr\/?s={search_term_string}\"},\"query-input\":{\"@type\":\"PropertyValueSpecification\",\"valueRequired\":true,\"valueName\":\"search_term_string\"}}],\"inLanguage\":\"fr-FR\"},{\"@type\":\"Organization\",\"@id\":\"https:\/\/telium.io\/fr\/#organization\",\"name\":\"Telium\",\"url\":\"https:\/\/telium.io\/fr\/\",\"logo\":{\"@type\":\"ImageObject\",\"inLanguage\":\"fr-FR\",\"@id\":\"https:\/\/telium.io\/fr\/#\/schema\/logo\/image\/\",\"url\":\"https:\/\/telium.io\/wp-content\/uploads\/sites\/6\/2020\/01\/logo_o_800x800.png\",\"contentUrl\":\"https:\/\/telium.io\/wp-content\/uploads\/sites\/6\/2020\/01\/logo_o_800x800.png\",\"width\":800,\"height\":800,\"caption\":\"Telium\"},\"image\":{\"@id\":\"https:\/\/telium.io\/fr\/#\/schema\/logo\/image\/\"},\"sameAs\":[\"https:\/\/www.facebook.com\/pages\/category\/Telecommunication-Company\/Telium-1581395458787072\/\",\"https:\/\/x.com\/telium_io\",\"https:\/\/ca.linkedin.com\/company\/telium\"]}]}<\/script>\n<!-- \/ Yoast SEO plugin. -->","yoast_head_json":{"title":"Preise \/ Kaufen - S\u00e9curit\u00e9 pour Asterisk - Telium","description":"Erkunden Sie die Preise f\u00fcr Sicherheit f\u00fcr Asterisk (SecAst), einschlie\u00dflich optionaler Wartungsvereinbarungen und -dienste. Fordern Sie ein Angebot oder eine Rechnung aus dem Formular an.","robots":{"index":"index","follow":"follow","max-snippet":"max-snippet:-1","max-image-preview":"max-image-preview:large","max-video-preview":"max-video-preview:-1"},"canonical":"https:\/\/telium.io\/fr\/securite-pour-asterisk\/preise-kaufen-2\/","og_locale":"fr_FR","og_type":"article","og_title":"Preise \/ Kaufen - S\u00e9curit\u00e9 pour Asterisk - Telium","og_description":"Erkunden Sie die Preise f\u00fcr Sicherheit f\u00fcr Asterisk (SecAst), einschlie\u00dflich optionaler Wartungsvereinbarungen und -dienste. Fordern Sie ein Angebot oder eine Rechnung aus dem Formular an.","og_url":"https:\/\/telium.io\/fr\/securite-pour-asterisk\/preise-kaufen-2\/","og_site_name":"Telium","article_publisher":"https:\/\/www.facebook.com\/pages\/category\/Telecommunication-Company\/Telium-1581395458787072\/","twitter_card":"summary_large_image","twitter_site":"@telium_io","schema":{"@context":"https:\/\/schema.org","@graph":[{"@type":"WebPage","@id":"https:\/\/telium.io\/fr\/securite-pour-asterisk\/preise-kaufen-2\/","url":"https:\/\/telium.io\/fr\/securite-pour-asterisk\/preise-kaufen-2\/","name":"Preise \/ Kaufen - S\u00e9curit\u00e9 pour Asterisk - Telium","isPartOf":{"@id":"https:\/\/telium.io\/fr\/#website"},"datePublished":"2020-06-02T15:46:47+00:00","description":"Erkunden Sie die Preise f\u00fcr Sicherheit f\u00fcr Asterisk (SecAst), einschlie\u00dflich optionaler Wartungsvereinbarungen und -dienste. Fordern Sie ein Angebot oder eine Rechnung aus dem Formular an.","breadcrumb":{"@id":"https:\/\/telium.io\/fr\/securite-pour-asterisk\/preise-kaufen-2\/#breadcrumb"},"inLanguage":"fr-FR","potentialAction":[{"@type":"ReadAction","target":["https:\/\/telium.io\/fr\/securite-pour-asterisk\/preise-kaufen-2\/"]}]},{"@type":"BreadcrumbList","@id":"https:\/\/telium.io\/fr\/securite-pour-asterisk\/preise-kaufen-2\/#breadcrumb","itemListElement":[{"@type":"ListItem","position":1,"name":"Home","item":"https:\/\/telium.io\/fr\/accueil\/"},{"@type":"ListItem","position":2,"name":"S\u00e9curit\u00e9 pour Asterisk","item":"https:\/\/telium.io\/fr\/securite-pour-asterisk\/"},{"@type":"ListItem","position":3,"name":"Preise \/ Kaufen"}]},{"@type":"WebSite","@id":"https:\/\/telium.io\/fr\/#website","url":"https:\/\/telium.io\/fr\/","name":"Telium","description":"T\u00e9l\u00e9phonie et T\u00e9l\u00e9matique","publisher":{"@id":"https:\/\/telium.io\/fr\/#organization"},"potentialAction":[{"@type":"SearchAction","target":{"@type":"EntryPoint","urlTemplate":"https:\/\/telium.io\/fr\/?s={search_term_string}"},"query-input":{"@type":"PropertyValueSpecification","valueRequired":true,"valueName":"search_term_string"}}],"inLanguage":"fr-FR"},{"@type":"Organization","@id":"https:\/\/telium.io\/fr\/#organization","name":"Telium","url":"https:\/\/telium.io\/fr\/","logo":{"@type":"ImageObject","inLanguage":"fr-FR","@id":"https:\/\/telium.io\/fr\/#\/schema\/logo\/image\/","url":"https:\/\/telium.io\/wp-content\/uploads\/sites\/6\/2020\/01\/logo_o_800x800.png","contentUrl":"https:\/\/telium.io\/wp-content\/uploads\/sites\/6\/2020\/01\/logo_o_800x800.png","width":800,"height":800,"caption":"Telium"},"image":{"@id":"https:\/\/telium.io\/fr\/#\/schema\/logo\/image\/"},"sameAs":["https:\/\/www.facebook.com\/pages\/category\/Telecommunication-Company\/Telium-1581395458787072\/","https:\/\/x.com\/telium_io","https:\/\/ca.linkedin.com\/company\/telium"]}]}},"_links":{"self":[{"href":"https:\/\/telium.io\/fr\/wp-json\/wp\/v2\/pages\/23141","targetHints":{"allow":["GET"]}}],"collection":[{"href":"https:\/\/telium.io\/fr\/wp-json\/wp\/v2\/pages"}],"about":[{"href":"https:\/\/telium.io\/fr\/wp-json\/wp\/v2\/types\/page"}],"author":[{"embeddable":true,"href":"https:\/\/telium.io\/fr\/wp-json\/wp\/v2\/users\/4"}],"replies":[{"embeddable":true,"href":"https:\/\/telium.io\/fr\/wp-json\/wp\/v2\/comments?post=23141"}],"version-history":[{"count":0,"href":"https:\/\/telium.io\/fr\/wp-json\/wp\/v2\/pages\/23141\/revisions"}],"up":[{"embeddable":true,"href":"https:\/\/telium.io\/fr\/wp-json\/wp\/v2\/pages\/12317"}],"wp:attachment":[{"href":"https:\/\/telium.io\/fr\/wp-json\/wp\/v2\/media?parent=23141"}],"curies":[{"name":"wp","href":"https:\/\/api.w.org\/{rel}","templated":true}]}}