{"id":23052,"date":"2025-05-04T09:20:11","date_gmt":"2025-05-04T14:20:11","guid":{"rendered":"https:\/\/telium.io\/partenariat-radioamateur\/"},"modified":"2025-07-29T13:10:51","modified_gmt":"2025-07-29T18:10:51","slug":"partenariat-radioamateur","status":"publish","type":"page","link":"https:\/\/telium.io\/fr\/partenariat-radioamateur\/","title":{"rendered":"Partenariat radioamateur"},"content":{"rendered":"<p><div class=\"fusion-fullwidth fullwidth-box fusion-builder-row-1 has-pattern-background has-mask-background fusion-parallax-none nonhundred-percent-fullwidth non-hundred-percent-height-scrolling fusion-no-small-visibility lazyload headerheight\" style=\"--awb-background-position:left bottom;--awb-border-radius-top-left:0px;--awb-border-radius-top-right:0px;--awb-border-radius-bottom-right:0px;--awb-border-radius-bottom-left:0px;--awb-padding-top:0px;--awb-padding-bottom:0px;--awb-margin-top:0px;--awb-margin-bottom:0px;--awb-background-color:#000000;--awb-background-size:cover;--awb-flex-wrap:wrap;\" data-bg=\"https:\/\/telium.io\/wp-content\/uploads\/sites\/6\/2025\/05\/banner-radio.jpg\" ><div class=\"fusion-builder-row fusion-row\"><div class=\"fusion-layout-column fusion_builder_column fusion-builder-column-0 fusion_builder_column_1_3 1_3 fusion-one-third fusion-column-first fusion-no-small-visibility fusion-no-medium-visibility\" style=\"--awb-padding-top:50px;--awb-bg-size:cover;--awb-margin-top:0px;--awb-margin-bottom:0px;width:33.333333333333%;width:calc(33.333333333333% - ( ( 4% ) * 0.33333333333333 ) );margin-right: 4%;\" data-scroll-devices=\"small-visibility,medium-visibility,large-visibility\"><div class=\"fusion-column-wrapper fusion-column-has-shadow fusion-flex-column-wrapper-legacy\"><div class=\"fusion-column-content-centered\"><div class=\"fusion-column-content\"><div class=\"fusion-image-element in-legacy-container\" style=\"--awb-caption-title-font-family:var(--h2_typography-font-family);--awb-caption-title-font-weight:var(--h2_typography-font-weight);--awb-caption-title-font-style:var(--h2_typography-font-style);--awb-caption-title-size:var(--h2_typography-font-size);--awb-caption-title-transform:var(--h2_typography-text-transform);--awb-caption-title-line-height:var(--h2_typography-line-height);--awb-caption-title-letter-spacing:var(--h2_typography-letter-spacing);\"><span class=\" fusion-imageframe imageframe-none imageframe-1 hover-type-none\"><img decoding=\"async\" width=\"150\" height=\"300\" title=\"International_amateur_radio_symbol.svg\" src=\"https:\/\/telium.io\/wp-content\/uploads\/sites\/6\/2025\/05\/International_amateur_radio_symbol.svg.png\" data-orig-src=\"https:\/\/telium.io\/wp-content\/uploads\/sites\/6\/2025\/05\/International_amateur_radio_symbol.svg-150x300.png\" alt class=\"lazyload img-responsive wp-image-22508\" srcset=\"data:image\/svg+xml,%3Csvg%20xmlns%3D%27http%3A%2F%2Fwww.w3.org%2F2000%2Fsvg%27%20width%3D%27250%27%20height%3D%27500%27%20viewBox%3D%270%200%20250%20500%27%3E%3Crect%20width%3D%27250%27%20height%3D%27500%27%20fill-opacity%3D%220%22%2F%3E%3C%2Fsvg%3E\" data-srcset=\"https:\/\/telium.io\/wp-content\/uploads\/sites\/6\/2025\/05\/International_amateur_radio_symbol.svg-200x400.png 200w, https:\/\/telium.io\/wp-content\/uploads\/sites\/6\/2025\/05\/International_amateur_radio_symbol.svg.png 250w\" data-sizes=\"auto\" data-orig-sizes=\"(max-width: 1024px) 100vw, 150px\" \/><\/span><\/div><\/div><\/div><div class=\"fusion-clearfix\"><\/div><\/div><\/div><div class=\"fusion-layout-column fusion_builder_column fusion-builder-column-1 fusion_builder_column_2_3 2_3 fusion-two-third fusion-column-last fusion-animated\" style=\"--awb-padding-top:50px;--awb-bg-size:cover;--awb-margin-top:0px;--awb-margin-bottom:0px;width:66.666666666667%;width:calc(66.666666666667% - ( ( 4% ) * 0.66666666666667 ) );\" data-animationType=\"zoomIn\" data-animationDuration=\"0.9\" data-animationOffset=\"top-into-view\"><div class=\"fusion-column-wrapper fusion-column-has-shadow fusion-flex-column-wrapper-legacy\"><div class=\"fusion-sep-clear\"><\/div><div class=\"fusion-separator fusion-no-small-visibility fusion-no-medium-visibility fusion-full-width-sep\" style=\"margin-left: auto;margin-right: auto;margin-bottom:50px;width:100%;\"><\/div><div class=\"fusion-sep-clear\"><\/div><div class=\"fusion-title title fusion-title-1 fusion-sep-none fusion-title-text fusion-title-size-one\" style=\"--awb-text-color:#ffffff;--awb-margin-bottom:0px;--awb-margin-top-small:0px;--awb-margin-right-small:0px;--awb-margin-bottom-small:20px;--awb-margin-left-small:0px;\"><h1 class=\"fusion-title-heading title-heading-right fusion-responsive-typography-calculated\" style=\"margin:0;--fontSize:40;line-height:1.4;\">Partenariat radioamateur<\/h1><\/div><div class=\"fusion-title title fusion-title-2 fusion-sep-none fusion-title-text fusion-title-size-six\" style=\"--awb-text-color:#ff6600;--awb-margin-bottom:0px;--awb-margin-top-small:0px;--awb-margin-right-small:0px;--awb-margin-bottom-small:20px;--awb-margin-left-small:0px;--awb-font-size:18px;\"><h6 class=\"fusion-title-heading title-heading-right fusion-responsive-typography-calculated\" style=\"margin:0;font-size:1em;--fontSize:18;--minFontSize:18;line-height:1.5;\">Nous sommes l\u00e0 quand tout le reste \u00e9choue<\/h6><\/div><div class=\"fusion-clearfix\"><\/div><\/div><\/div><\/div><\/div><div class=\"fusion-fullwidth fullwidth-box fusion-builder-row-2 fusion-parallax-none nonhundred-percent-fullwidth non-hundred-percent-height-scrolling fusion-equal-height-columns fusion-no-medium-visibility fusion-no-large-visibility lazyload\" style=\"--awb-background-position:left top;--awb-border-sizes-top:0px;--awb-border-sizes-bottom:0px;--awb-border-sizes-left:0px;--awb-border-sizes-right:0px;--awb-border-color:#ff6600;--awb-border-radius-top-left:0px;--awb-border-radius-top-right:0px;--awb-border-radius-bottom-right:0px;--awb-border-radius-bottom-left:0px;--awb-padding-top:0px;--awb-padding-right:0px;--awb-padding-bottom:0px;--awb-padding-left:0px;--awb-margin-top:0px;--awb-margin-bottom:0px;--awb-background-size:cover;--awb-flex-wrap:wrap;\" data-bg=\"https:\/\/telium.io\/wp-content\/uploads\/sites\/6\/2020\/01\/banner-motherboard-1024x309.jpg\" ><div class=\"fusion-builder-row fusion-row\"><div class=\"fusion-layout-column fusion_builder_column fusion-builder-column-2 fusion_builder_column_1_1 1_1 fusion-one-full fusion-column-first fusion-column-last mobileheader\" style=\"--awb-bg-size:cover;--awb-margin-top:0px;--awb-margin-bottom:0px;\"><div class=\"fusion-column-wrapper fusion-column-has-shadow fusion-flex-column-wrapper-legacy\"><div class=\"fusion-column-content-centered\"><div class=\"fusion-column-content\"><div class=\"fusion-title title fusion-title-3 fusion-no-medium-visibility fusion-no-large-visibility fusion-title-center fusion-title-text fusion-title-size-one mobilebreadcrumb\" style=\"--awb-text-color:#cfcfcf;--awb-margin-top:0px;--awb-margin-bottom:0px;--awb-margin-top-small:1em;--awb-margin-right-small:0px;--awb-margin-bottom-small:1em;--awb-margin-left-small:0px;--awb-font-size:150%;\"><div class=\"title-sep-container title-sep-container-left\"><div class=\"title-sep sep- sep-solid\" style=\"border-color:#e0dede;\"><\/div><\/div><span class=\"awb-title-spacer\"><\/span><h1 class=\"fusion-title-heading title-heading-center fusion-responsive-typography-calculated\" style=\"margin:0;font-size:1em;--fontSize:25.5;line-height:1.4;\">PARTENARIAT RADIOAMATEUR<\/h1><span class=\"awb-title-spacer\"><\/span><div class=\"title-sep-container title-sep-container-right\"><div class=\"title-sep sep- sep-solid\" style=\"border-color:#e0dede;\"><\/div><\/div><\/div><\/div><\/div><div class=\"fusion-clearfix\"><\/div><\/div><\/div><\/div><\/div><div class=\"fusion-fullwidth fullwidth-box fusion-builder-row-3 nonhundred-percent-fullwidth non-hundred-percent-height-scrolling\" style=\"--awb-border-radius-top-left:0px;--awb-border-radius-top-right:0px;--awb-border-radius-bottom-right:0px;--awb-border-radius-bottom-left:0px;--awb-margin-bottom:20px;--awb-flex-wrap:wrap;\" ><div class=\"fusion-builder-row fusion-row\"><div class=\"fusion-layout-column fusion_builder_column fusion-builder-column-3 fusion_builder_column_1_1 1_1 fusion-one-full fusion-column-first fusion-column-last\" style=\"--awb-bg-size:cover;\"><div class=\"fusion-column-wrapper fusion-column-has-shadow fusion-flex-column-wrapper-legacy\"><div class=\"fusion-title title fusion-title-4 fusion-title-center fusion-title-text fusion-title-size-two\" style=\"--awb-margin-right-small:0px;--awb-margin-bottom-small:0px;--awb-margin-left-small:0px;\"><div class=\"title-sep-container title-sep-container-left\"><div class=\"title-sep sep- sep-solid\" style=\"border-color:#e0dede;\"><\/div><\/div><span class=\"awb-title-spacer\"><\/span><h2 class=\"fusion-title-heading title-heading-center fusion-responsive-typography-calculated\" style=\"margin:0;--fontSize:36;line-height:1.5;\">Aper\u00e7u<\/h2><span class=\"awb-title-spacer\"><\/span><div class=\"title-sep-container title-sep-container-right\"><div class=\"title-sep sep- sep-solid\" style=\"border-color:#e0dede;\"><\/div><\/div><\/div><div class=\"fusion-text fusion-text-1 awb-text-cols fusion-text-columns-2\" style=\"--awb-columns:2;--awb-column-spacing:4em;--awb-column-min-width:400px;\"><p>Telium est fier de soutenir la radio amateur et les passionn\u00e9s qui contribuent tant \u00e0 ce passe-temps. Compte tenu de la popularit\u00e9 d\u2019Asterisk dans la communaut\u00e9 des amateurs (pour AllStarLink, ARES, services d\u2019urgence, patch automatique sur les r\u00e9p\u00e9teurs, exp\u00e9rimentation VoIP, etc.), Telium aimerait aider la communaut\u00e9 en offrant ses diff\u00e9rents produits logiciels de t\u00e9l\u00e9phonie gratuitement. <\/p>\n<p>Les applications typiques dans la communaut\u00e9 amateur comprennent :<\/p>\n<ul>\n<li>Utilisez <a href=\"\/haast\"><span style=\"color: #ff9900;\"><strong>HAast<\/strong> <\/span><\/a>pour cr\u00e9er un cluster Asterisk pour la r\u00e9silience VoIP sur plusieurs n\u0153uds maill\u00e9s. Vous pouvez \u00e9galement cr\u00e9er un n\u0153ud AllStarLink de basculement pour maintenir la t\u00e9l\u00e9phonie en cas de d\u00e9faillance de l\u2019\u00e9quipement ou de route (IP ou RF). <\/li>\n<li>Ajoutez <a href=\"https:\/\/telium.io\/secast\"><span style=\"color: #ff9900;\"><strong>SECast<\/strong> <\/span><\/a>\u00e0 un n\u0153ud PBX expos\u00e9 \u00e0 Internet pour \u00e9viter le piratage et la fraude<\/li>\n<li>D\u00e9ployez <a href=\"\/pbxsync\"><span style=\"color: #ff9900;\"><strong>PBXsync<\/strong> <\/span><\/a>pour synchroniser un grand nombre de PBX sur un r\u00e9seau d\u2019urgence<\/li>\n<\/ul>\n<\/div><div class=\"fusion-clearfix\"><\/div><\/div><\/div><div class=\"fusion-layout-column fusion_builder_column fusion-builder-column-4 fusion_builder_column_1_1 1_1 fusion-one-full fusion-column-first fusion-column-last\" style=\"--awb-bg-size:cover;\"><div class=\"fusion-column-wrapper fusion-column-has-shadow fusion-flex-column-wrapper-legacy\"><div class=\"fusion-clearfix\"><\/div><\/div><\/div><\/div><\/div><div class=\"fusion-fullwidth fullwidth-box fusion-builder-row-4 nonhundred-percent-fullwidth non-hundred-percent-height-scrolling\" style=\"--awb-border-radius-top-left:0px;--awb-border-radius-top-right:0px;--awb-border-radius-bottom-right:0px;--awb-border-radius-bottom-left:0px;--awb-margin-bottom:20px;--awb-flex-wrap:wrap;\" ><div class=\"fusion-builder-row fusion-row\"><div class=\"fusion-layout-column fusion_builder_column fusion-builder-column-5 fusion_builder_column_1_1 1_1 fusion-one-full fusion-column-first fusion-column-last\" style=\"--awb-bg-size:cover;\"><div class=\"fusion-column-wrapper fusion-column-has-shadow fusion-flex-column-wrapper-legacy\"><div class=\"fusion-title title fusion-title-5 fusion-title-center fusion-title-text fusion-title-size-two\" style=\"--awb-margin-right-small:0px;--awb-margin-bottom-small:0px;--awb-margin-left-small:0px;\"><div class=\"title-sep-container title-sep-container-left\"><div class=\"title-sep sep- sep-solid\" style=\"border-color:#e0dede;\"><\/div><\/div><span class=\"awb-title-spacer\"><\/span><h2 class=\"fusion-title-heading title-heading-center fusion-responsive-typography-calculated\" style=\"margin:0;--fontSize:36;line-height:1.5;\">Inscrivez-Vous d\u00e8s Aujourd&#8217;hui<\/h2><span class=\"awb-title-spacer\"><\/span><div class=\"title-sep-container title-sep-container-right\"><div class=\"title-sep sep- sep-solid\" style=\"border-color:#e0dede;\"><\/div><\/div><\/div><div class=\"fusion-text fusion-text-2\"><p>Si vous \u00eates un amateur agr\u00e9\u00e9 et que vous souhaitez utiliser l\u2019un de nos produits de t\u00e9l\u00e9phonie li\u00e9s \u00e0 Asterisk, veuillez contacter Telium par e-mail ou en utilisant le menu de contact ci-dessus. Vous devrez fournir votre indicatif d\u2019appel pour v\u00e9rification, et identifier le logiciel que vous souhaitez (et d\u00e9crire comment vous pr\u00e9voyez de l\u2019utiliser, juste dans notre propre int\u00e9r\u00eat). Notez que l\u2019offre de Telium est destin\u00e9e uniquement aux d\u00e9ploiements non commerciaux.<\/p>\n<\/div><div class=\"fusion-text fusion-text-3\"><p><span style=\"color: #e3e3e3;\"><em>Mis \u00e0 jour le 1er f\u00e9vrier 2024<\/em><\/span><\/p>\n<\/div><div class=\"fusion-clearfix\"><\/div><\/div><\/div><div class=\"fusion-layout-column fusion_builder_column fusion-builder-column-6 fusion_builder_column_1_1 1_1 fusion-one-full fusion-column-first fusion-column-last\" style=\"--awb-bg-size:cover;--awb-margin-bottom:0px;\"><div class=\"fusion-column-wrapper fusion-column-has-shadow fusion-flex-column-wrapper-legacy\"><div class=\"fusion-clearfix\"><\/div><\/div><\/div><div class=\"fusion-layout-column fusion_builder_column fusion-builder-column-7 fusion_builder_column_1_1 1_1 fusion-one-full fusion-column-first fusion-column-last\" style=\"--awb-bg-size:cover;\"><div class=\"fusion-column-wrapper fusion-column-has-shadow fusion-flex-column-wrapper-legacy\"><div class=\"fusion-clearfix\"><\/div><\/div><\/div><\/div><\/div><\/p>\n","protected":false},"excerpt":{"rendered":"","protected":false},"author":4,"featured_media":0,"parent":0,"menu_order":0,"comment_status":"closed","ping_status":"closed","template":"100-width.php","meta":{"_bbp_topic_count":0,"_bbp_reply_count":0,"_bbp_total_topic_count":0,"_bbp_total_reply_count":0,"_bbp_voice_count":0,"_bbp_anonymous_reply_count":0,"_bbp_topic_count_hidden":0,"_bbp_reply_count_hidden":0,"_bbp_forum_subforum_count":0,"footnotes":""},"class_list":["post-23052","page","type-page","status-publish","hentry"],"yoast_head":"<!-- This site is optimized with the Yoast SEO plugin v27.2 - https:\/\/yoast.com\/product\/yoast-seo-wordpress\/ -->\n<title>Partenariat radioamateur - Telium<\/title>\n<meta name=\"description\" content=\"Telium est heureux de s\u2019associer \u00e0 la communaut\u00e9 des radioamateurs en proposant gratuitement ses produits logiciels bas\u00e9s sur Asterisk.\" \/>\n<meta name=\"robots\" content=\"index, follow, max-snippet:-1, max-image-preview:large, max-video-preview:-1\" \/>\n<link rel=\"canonical\" href=\"https:\/\/telium.io\/fr\/partenariat-radioamateur\/\" \/>\n<meta property=\"og:locale\" content=\"fr_FR\" \/>\n<meta property=\"og:type\" content=\"article\" \/>\n<meta property=\"og:title\" content=\"Partenariat radioamateur - Telium\" \/>\n<meta property=\"og:description\" content=\"Telium est heureux de s\u2019associer \u00e0 la communaut\u00e9 des radioamateurs en proposant gratuitement ses produits logiciels bas\u00e9s sur Asterisk.\" \/>\n<meta property=\"og:url\" content=\"https:\/\/telium.io\/fr\/partenariat-radioamateur\/\" \/>\n<meta property=\"og:site_name\" content=\"Telium\" \/>\n<meta property=\"article:publisher\" content=\"https:\/\/www.facebook.com\/pages\/category\/Telecommunication-Company\/Telium-1581395458787072\/\" \/>\n<meta property=\"article:modified_time\" content=\"2025-07-29T18:10:51+00:00\" \/>\n<meta name=\"twitter:card\" content=\"summary_large_image\" \/>\n<meta name=\"twitter:site\" content=\"@telium_io\" \/>\n<meta name=\"twitter:label1\" content=\"Est. reading time\" \/>\n\t<meta name=\"twitter:data1\" content=\"18 minutes\" \/>\n<script type=\"application\/ld+json\" class=\"yoast-schema-graph\">{\"@context\":\"https:\/\/schema.org\",\"@graph\":[{\"@type\":\"WebPage\",\"@id\":\"https:\/\/telium.io\/fr\/partenariat-radioamateur\/\",\"url\":\"https:\/\/telium.io\/fr\/partenariat-radioamateur\/\",\"name\":\"Partenariat radioamateur - Telium\",\"isPartOf\":{\"@id\":\"https:\/\/telium.io\/fr\/#website\"},\"datePublished\":\"2025-05-04T14:20:11+00:00\",\"dateModified\":\"2025-07-29T18:10:51+00:00\",\"description\":\"Telium est heureux de s\u2019associer \u00e0 la communaut\u00e9 des radioamateurs en proposant gratuitement ses produits logiciels bas\u00e9s sur Asterisk.\",\"breadcrumb\":{\"@id\":\"https:\/\/telium.io\/fr\/partenariat-radioamateur\/#breadcrumb\"},\"inLanguage\":\"fr-FR\",\"potentialAction\":[{\"@type\":\"ReadAction\",\"target\":[\"https:\/\/telium.io\/fr\/partenariat-radioamateur\/\"]}]},{\"@type\":\"BreadcrumbList\",\"@id\":\"https:\/\/telium.io\/fr\/partenariat-radioamateur\/#breadcrumb\",\"itemListElement\":[{\"@type\":\"ListItem\",\"position\":1,\"name\":\"Home\",\"item\":\"https:\/\/telium.io\/fr\/accueil\/\"},{\"@type\":\"ListItem\",\"position\":2,\"name\":\"Partenariat radioamateur\"}]},{\"@type\":\"WebSite\",\"@id\":\"https:\/\/telium.io\/fr\/#website\",\"url\":\"https:\/\/telium.io\/fr\/\",\"name\":\"Telium\",\"description\":\"T\u00e9l\u00e9phonie et T\u00e9l\u00e9matique\",\"publisher\":{\"@id\":\"https:\/\/telium.io\/fr\/#organization\"},\"potentialAction\":[{\"@type\":\"SearchAction\",\"target\":{\"@type\":\"EntryPoint\",\"urlTemplate\":\"https:\/\/telium.io\/fr\/?s={search_term_string}\"},\"query-input\":{\"@type\":\"PropertyValueSpecification\",\"valueRequired\":true,\"valueName\":\"search_term_string\"}}],\"inLanguage\":\"fr-FR\"},{\"@type\":\"Organization\",\"@id\":\"https:\/\/telium.io\/fr\/#organization\",\"name\":\"Telium\",\"url\":\"https:\/\/telium.io\/fr\/\",\"logo\":{\"@type\":\"ImageObject\",\"inLanguage\":\"fr-FR\",\"@id\":\"https:\/\/telium.io\/fr\/#\/schema\/logo\/image\/\",\"url\":\"https:\/\/telium.io\/wp-content\/uploads\/sites\/6\/2020\/01\/logo_o_800x800.png\",\"contentUrl\":\"https:\/\/telium.io\/wp-content\/uploads\/sites\/6\/2020\/01\/logo_o_800x800.png\",\"width\":800,\"height\":800,\"caption\":\"Telium\"},\"image\":{\"@id\":\"https:\/\/telium.io\/fr\/#\/schema\/logo\/image\/\"},\"sameAs\":[\"https:\/\/www.facebook.com\/pages\/category\/Telecommunication-Company\/Telium-1581395458787072\/\",\"https:\/\/x.com\/telium_io\",\"https:\/\/ca.linkedin.com\/company\/telium\"]}]}<\/script>\n<!-- \/ Yoast SEO plugin. -->","yoast_head_json":{"title":"Partenariat radioamateur - Telium","description":"Telium est heureux de s\u2019associer \u00e0 la communaut\u00e9 des radioamateurs en proposant gratuitement ses produits logiciels bas\u00e9s sur Asterisk.","robots":{"index":"index","follow":"follow","max-snippet":"max-snippet:-1","max-image-preview":"max-image-preview:large","max-video-preview":"max-video-preview:-1"},"canonical":"https:\/\/telium.io\/fr\/partenariat-radioamateur\/","og_locale":"fr_FR","og_type":"article","og_title":"Partenariat radioamateur - Telium","og_description":"Telium est heureux de s\u2019associer \u00e0 la communaut\u00e9 des radioamateurs en proposant gratuitement ses produits logiciels bas\u00e9s sur Asterisk.","og_url":"https:\/\/telium.io\/fr\/partenariat-radioamateur\/","og_site_name":"Telium","article_publisher":"https:\/\/www.facebook.com\/pages\/category\/Telecommunication-Company\/Telium-1581395458787072\/","article_modified_time":"2025-07-29T18:10:51+00:00","twitter_card":"summary_large_image","twitter_site":"@telium_io","twitter_misc":{"Est. reading time":"18 minutes"},"schema":{"@context":"https:\/\/schema.org","@graph":[{"@type":"WebPage","@id":"https:\/\/telium.io\/fr\/partenariat-radioamateur\/","url":"https:\/\/telium.io\/fr\/partenariat-radioamateur\/","name":"Partenariat radioamateur - Telium","isPartOf":{"@id":"https:\/\/telium.io\/fr\/#website"},"datePublished":"2025-05-04T14:20:11+00:00","dateModified":"2025-07-29T18:10:51+00:00","description":"Telium est heureux de s\u2019associer \u00e0 la communaut\u00e9 des radioamateurs en proposant gratuitement ses produits logiciels bas\u00e9s sur Asterisk.","breadcrumb":{"@id":"https:\/\/telium.io\/fr\/partenariat-radioamateur\/#breadcrumb"},"inLanguage":"fr-FR","potentialAction":[{"@type":"ReadAction","target":["https:\/\/telium.io\/fr\/partenariat-radioamateur\/"]}]},{"@type":"BreadcrumbList","@id":"https:\/\/telium.io\/fr\/partenariat-radioamateur\/#breadcrumb","itemListElement":[{"@type":"ListItem","position":1,"name":"Home","item":"https:\/\/telium.io\/fr\/accueil\/"},{"@type":"ListItem","position":2,"name":"Partenariat radioamateur"}]},{"@type":"WebSite","@id":"https:\/\/telium.io\/fr\/#website","url":"https:\/\/telium.io\/fr\/","name":"Telium","description":"T\u00e9l\u00e9phonie et T\u00e9l\u00e9matique","publisher":{"@id":"https:\/\/telium.io\/fr\/#organization"},"potentialAction":[{"@type":"SearchAction","target":{"@type":"EntryPoint","urlTemplate":"https:\/\/telium.io\/fr\/?s={search_term_string}"},"query-input":{"@type":"PropertyValueSpecification","valueRequired":true,"valueName":"search_term_string"}}],"inLanguage":"fr-FR"},{"@type":"Organization","@id":"https:\/\/telium.io\/fr\/#organization","name":"Telium","url":"https:\/\/telium.io\/fr\/","logo":{"@type":"ImageObject","inLanguage":"fr-FR","@id":"https:\/\/telium.io\/fr\/#\/schema\/logo\/image\/","url":"https:\/\/telium.io\/wp-content\/uploads\/sites\/6\/2020\/01\/logo_o_800x800.png","contentUrl":"https:\/\/telium.io\/wp-content\/uploads\/sites\/6\/2020\/01\/logo_o_800x800.png","width":800,"height":800,"caption":"Telium"},"image":{"@id":"https:\/\/telium.io\/fr\/#\/schema\/logo\/image\/"},"sameAs":["https:\/\/www.facebook.com\/pages\/category\/Telecommunication-Company\/Telium-1581395458787072\/","https:\/\/x.com\/telium_io","https:\/\/ca.linkedin.com\/company\/telium"]}]}},"_links":{"self":[{"href":"https:\/\/telium.io\/fr\/wp-json\/wp\/v2\/pages\/23052","targetHints":{"allow":["GET"]}}],"collection":[{"href":"https:\/\/telium.io\/fr\/wp-json\/wp\/v2\/pages"}],"about":[{"href":"https:\/\/telium.io\/fr\/wp-json\/wp\/v2\/types\/page"}],"author":[{"embeddable":true,"href":"https:\/\/telium.io\/fr\/wp-json\/wp\/v2\/users\/4"}],"replies":[{"embeddable":true,"href":"https:\/\/telium.io\/fr\/wp-json\/wp\/v2\/comments?post=23052"}],"version-history":[{"count":13,"href":"https:\/\/telium.io\/fr\/wp-json\/wp\/v2\/pages\/23052\/revisions"}],"predecessor-version":[{"id":23111,"href":"https:\/\/telium.io\/fr\/wp-json\/wp\/v2\/pages\/23052\/revisions\/23111"}],"wp:attachment":[{"href":"https:\/\/telium.io\/fr\/wp-json\/wp\/v2\/media?parent=23052"}],"curies":[{"name":"wp","href":"https:\/\/api.w.org\/{rel}","templated":true}]}}