{"id":19611,"date":"2023-04-08T20:22:44","date_gmt":"2023-04-09T01:22:44","guid":{"rendered":"https:\/\/telium.io\/module-de-commutation-haute-disponibilite\/prix-acheter\/"},"modified":"2024-04-27T09:37:48","modified_gmt":"2024-04-27T14:37:48","slug":"prix-acheter","status":"publish","type":"page","link":"https:\/\/telium.io\/fr\/module-de-commutation-haute-disponibilite\/prix-acheter\/","title":{"rendered":"Prix \/ Acheter"},"content":{"rendered":"<p><div class=\"fusion-fullwidth fullwidth-box fusion-builder-row-1 fusion-parallax-none nonhundred-percent-fullwidth non-hundred-percent-height-scrolling fusion-no-small-visibility lazyload headerheight\" style=\"--awb-background-position:right center;--awb-border-radius-top-left:0px;--awb-border-radius-top-right:0px;--awb-border-radius-bottom-right:0px;--awb-border-radius-bottom-left:0px;--awb-padding-top:0px;--awb-padding-bottom:0px;--awb-margin-top:0px;--awb-margin-bottom:0px;--awb-background-color:#000000;--awb-background-size:cover;--awb-flex-wrap:wrap;\" data-bg=\"https:\/\/telium.io\/wp-content\/uploads\/sites\/6\/2020\/02\/banner-boxes2.jpg\" ><div class=\"fusion-builder-row fusion-row\"><div class=\"fusion-layout-column fusion_builder_column fusion-builder-column-0 fusion_builder_column_1_3 1_3 fusion-one-third fusion-column-first fusion-no-small-visibility fusion-no-medium-visibility\" style=\"--awb-padding-top:125px;--awb-bg-size:cover;--awb-margin-top:0px;--awb-margin-bottom:0px;width:33.333333333333%;width:calc(33.333333333333% - ( ( 4% ) * 0.33333333333333 ) );margin-right: 4%;\"><div class=\"fusion-column-wrapper fusion-column-has-shadow fusion-flex-column-wrapper-legacy\"><div class=\"fusion-column-content-centered\"><div class=\"fusion-column-content\"><div class=\"fusion-image-element fusion-image-align-left in-legacy-container\" style=\"text-align:left;--awb-caption-title-font-family:var(--h2_typography-font-family);--awb-caption-title-font-weight:var(--h2_typography-font-weight);--awb-caption-title-font-style:var(--h2_typography-font-style);--awb-caption-title-size:var(--h2_typography-font-size);--awb-caption-title-transform:var(--h2_typography-text-transform);--awb-caption-title-line-height:var(--h2_typography-line-height);--awb-caption-title-letter-spacing:var(--h2_typography-letter-spacing);\"><span class=\" fusion-imageframe imageframe-none imageframe-1 hover-type-none\" style=\"margin-right:25px;float:left;\"><img decoding=\"async\" width=\"314\" height=\"250\" title=\"ShoppingCart2\" src=\"https:\/\/telium.io\/wp-content\/uploads\/sites\/6\/2020\/01\/ShoppingCart2.png\" data-orig-src=\"https:\/\/telium.io\/wp-content\/uploads\/sites\/6\/2020\/01\/ShoppingCart2.png\" alt class=\"lazyload img-responsive wp-image-8904\" srcset=\"data:image\/svg+xml,%3Csvg%20xmlns%3D%27http%3A%2F%2Fwww.w3.org%2F2000%2Fsvg%27%20width%3D%27314%27%20height%3D%27250%27%20viewBox%3D%270%200%20314%20250%27%3E%3Crect%20width%3D%27314%27%20height%3D%27250%27%20fill-opacity%3D%220%22%2F%3E%3C%2Fsvg%3E\" data-srcset=\"https:\/\/telium.io\/wp-content\/uploads\/sites\/6\/2020\/01\/ShoppingCart2-200x159.png 200w, https:\/\/telium.io\/wp-content\/uploads\/sites\/6\/2020\/01\/ShoppingCart2.png 314w\" data-sizes=\"auto\" data-orig-sizes=\"(max-width: 1024px) 100vw, 314px\" \/><\/span><\/div><\/div><\/div><div class=\"fusion-clearfix\"><\/div><\/div><\/div><div class=\"fusion-layout-column fusion_builder_column fusion-builder-column-1 fusion_builder_column_2_3 2_3 fusion-two-third fusion-column-last fusion-animated\" style=\"--awb-padding-top:50px;--awb-bg-size:cover;--awb-margin-top:0px;--awb-margin-bottom:0px;width:66.666666666667%;width:calc(66.666666666667% - ( ( 4% ) * 0.66666666666667 ) );\" data-animationType=\"zoomIn\" data-animationDuration=\"0.9\" data-animationOffset=\"top-into-view\"><div class=\"fusion-column-wrapper fusion-column-has-shadow fusion-flex-column-wrapper-legacy\"><div class=\"fusion-sep-clear\"><\/div><div class=\"fusion-separator fusion-no-small-visibility fusion-no-medium-visibility fusion-full-width-sep\" style=\"margin-left: auto;margin-right: auto;margin-bottom:50px;width:100%;\"><\/div><div class=\"fusion-sep-clear\"><\/div><div class=\"fusion-title title fusion-title-1 fusion-sep-none fusion-title-text fusion-title-size-one\" style=\"--awb-text-color:#ffffff;--awb-margin-bottom:0px;--awb-margin-top-small:0px;--awb-margin-right-small:0px;--awb-margin-bottom-small:20px;--awb-margin-left-small:0px;\"><h1 class=\"fusion-title-heading title-heading-right fusion-responsive-typography-calculated\" style=\"margin:0;--fontSize:40;line-height:1.4;\">Module de commutation haute disponibilit\u00e9<\/h1><\/div><div class=\"fusion-title title fusion-title-2 fusion-sep-none fusion-title-text fusion-title-size-six\" style=\"--awb-text-color:#ff6600;--awb-margin-top:0px;--awb-margin-top-small:0px;--awb-margin-right-small:0px;--awb-margin-bottom-small:20px;--awb-margin-left-small:0px;--awb-font-size:18px;\"><h6 class=\"fusion-title-heading title-heading-right fusion-responsive-typography-calculated\" style=\"margin:0;font-size:1em;--fontSize:18;--minFontSize:18;line-height:1.5;\">Commencer la discussion sur les prix<\/h6><\/div><div class=\"fusion-clearfix\"><\/div><\/div><\/div><\/div><\/div><div class=\"fusion-fullwidth fullwidth-box fusion-builder-row-2 fusion-parallax-none nonhundred-percent-fullwidth non-hundred-percent-height-scrolling fusion-equal-height-columns fusion-no-medium-visibility fusion-no-large-visibility lazyload\" style=\"--awb-background-position:left top;--awb-border-color:#ff6600;--awb-border-radius-top-left:0px;--awb-border-radius-top-right:0px;--awb-border-radius-bottom-right:0px;--awb-border-radius-bottom-left:0px;--awb-padding-top:0px;--awb-padding-right:0px;--awb-padding-bottom:0px;--awb-padding-left:0px;--awb-margin-top:0px;--awb-margin-bottom:0px;--awb-background-size:cover;--awb-border-sizes-top:0px;--awb-border-sizes-bottom:0px;--awb-flex-wrap:wrap;\" data-bg=\"https:\/\/telium.io\/wp-content\/uploads\/sites\/6\/2020\/02\/banner-boxes2.jpg\" ><div class=\"fusion-builder-row fusion-row\"><div class=\"fusion-layout-column fusion_builder_column fusion-builder-column-2 fusion_builder_column_1_1 1_1 fusion-one-full fusion-column-first fusion-column-last mobileheader\" style=\"--awb-bg-size:cover;--awb-margin-top:0px;--awb-margin-bottom:0px;\"><div class=\"fusion-column-wrapper fusion-column-has-shadow fusion-flex-column-wrapper-legacy\"><div class=\"fusion-column-content-centered\"><div class=\"fusion-column-content\"><div class=\"fusion-title title fusion-title-3 fusion-no-medium-visibility fusion-no-large-visibility fusion-title-center fusion-title-text fusion-title-size-one mobilebreadcrumb\" style=\"--awb-text-color:#cfcfcf;--awb-margin-top:0px;--awb-margin-bottom:0px;--awb-margin-top-small:1em;--awb-margin-right-small:0px;--awb-margin-bottom-small:1em;--awb-margin-left-small:0px;--awb-font-size:150%;\"><div class=\"title-sep-container title-sep-container-left\"><div class=\"title-sep sep- sep-solid\" style=\"border-color:#e0dede;\"><\/div><\/div><span class=\"awb-title-spacer\"><\/span><h1 class=\"fusion-title-heading title-heading-center fusion-responsive-typography-calculated\" style=\"margin:0;font-size:1em;--fontSize:25.5;line-height:1.4;\">HASM<\/h1><span class=\"awb-title-spacer\"><\/span><div class=\"title-sep-container title-sep-container-right\"><div class=\"title-sep sep- sep-solid\" style=\"border-color:#e0dede;\"><\/div><\/div><\/div><div class=\"fusion-text fusion-text-1\"><p><span style=\"color: #cfcfcf; font-size: 150%;\">\u00bb<\/span><\/p>\n<\/div><div class=\"fusion-title title fusion-title-4 fusion-no-medium-visibility fusion-no-large-visibility fusion-title-center fusion-title-text fusion-title-size-two mobilebreadcrumb\" style=\"--awb-text-color:#ff6600;--awb-margin-top:0px;--awb-margin-bottom:0px;--awb-margin-top-small:1em;--awb-margin-right-small:0px;--awb-margin-bottom-small:1em;--awb-margin-left-small:0px;--awb-font-size:150%;\"><div class=\"title-sep-container title-sep-container-left\"><div class=\"title-sep sep- sep-solid\" style=\"border-color:#e0dede;\"><\/div><\/div><span class=\"awb-title-spacer\"><\/span><h2 class=\"fusion-title-heading title-heading-center fusion-responsive-typography-calculated\" style=\"margin:0;font-size:1em;--fontSize:25.5;line-height:1.5;\">PRIX\/ACHETER<\/h2><span class=\"awb-title-spacer\"><\/span><div class=\"title-sep-container title-sep-container-right\"><div class=\"title-sep sep- sep-solid\" style=\"border-color:#e0dede;\"><\/div><\/div><\/div><\/div><\/div><div class=\"fusion-clearfix\"><\/div><\/div><\/div><\/div><\/div><div class=\"fusion-fullwidth fullwidth-box fusion-builder-row-3 nonhundred-percent-fullwidth non-hundred-percent-height-scrolling\" style=\"--awb-border-radius-top-left:0px;--awb-border-radius-top-right:0px;--awb-border-radius-bottom-right:0px;--awb-border-radius-bottom-left:0px;--awb-flex-wrap:wrap;\" ><div class=\"fusion-builder-row fusion-row\"><div class=\"fusion-layout-column fusion_builder_column fusion-builder-column-3 fusion_builder_column_1_1 1_1 fusion-one-full fusion-column-first fusion-column-last\" style=\"--awb-bg-size:cover;\"><div class=\"fusion-column-wrapper fusion-column-has-shadow fusion-flex-column-wrapper-legacy\"><div class=\"product-tabs\"><div class=\"fusion-button-wrapper\"><a class=\"fusion-button button-3d button-medium button-default fusion-button-default button-1 fusion-button-span-no product-tab\" style=\"--button_text_transform:none;\" target=\"_self\" href=\"https:\/\/telium.io\/fr\/module-de-commutation-haute-disponibilite\/\"><i class=\"fa-book fas awb-button__icon awb-button__icon--default button-icon-left\" aria-hidden=\"true\"><\/i><span class=\"fusion-button-text awb-button__text awb-button__text--default\">Overview<\/span><\/a><\/div><div class=\"fusion-button-wrapper\"><a class=\"fusion-button button-3d button-medium button-default fusion-button-default button-2 fusion-button-span-no product-tab\" style=\"--button_text_transform:none;\" target=\"_self\" href=\"https:\/\/telium.io\/fr\/module-de-commutation-haute-disponibilite\/avantages\/\"><i class=\"fa-life-ring fas awb-button__icon awb-button__icon--default button-icon-left\" aria-hidden=\"true\"><\/i><span class=\"fusion-button-text awb-button__text awb-button__text--default\">Benefits<\/span><\/a><\/div><div class=\"fusion-button-wrapper\"><a class=\"fusion-button button-3d button-medium button-default fusion-button-default button-3 fusion-button-span-no product-tab\" style=\"--button_text_transform:none;\" target=\"_self\" href=\"https:\/\/telium.io\/fr\/module-de-commutation-haute-disponibilite\/fonctionnalites\/\"><i class=\"fa-check-double fas awb-button__icon awb-button__icon--default button-icon-left\" aria-hidden=\"true\"><\/i><span class=\"fusion-button-text awb-button__text awb-button__text--default\">Features<\/span><\/a><\/div><div class=\"fusion-button-wrapper\"><a class=\"fusion-button button-3d button-medium button-default fusion-button-default button-4 fusion-button-span-no product-tab\" style=\"--button_text_transform:none;\" target=\"_self\" href=\"https:\/\/telium.io\/fr\/module-de-commutation-haute-disponibilite\/technique\/\"><i class=\"fa-microchip fas awb-button__icon awb-button__icon--default button-icon-left\" aria-hidden=\"true\"><\/i><span class=\"fusion-button-text awb-button__text awb-button__text--default\">Technology<\/span><\/a><\/div><div class=\"fusion-button-wrapper\"><a class=\"fusion-button button-3d button-medium button-default fusion-button-default button-5 fusion-button-span-no product-tab\" style=\"--button_text_transform:none;\" target=\"_self\" href=\"https:\/\/telium.io\/fr\/module-de-commutation-haute-disponibilite\/api\/\"><i class=\"fa-plug fa awb-button__icon awb-button__icon--default button-icon-left\" aria-hidden=\"true\"><\/i><span class=\"fusion-button-text awb-button__text awb-button__text--default\">API<\/span><\/a><\/div><div class=\"fusion-button-wrapper\"><a class=\"fusion-button button-3d button-large button-custom fusion-button-default button-6 fusion-button-span-no fusion-has-button-gradient cursor-default product-tab\" style=\"--button_accent_color:#fff;--button_accent_hover_color:#fff;--button_border_hover_color:#787878;--button_gradient_top_color:#ff6600;--button_gradient_bottom_color:#dd4400;--button_gradient_top_color_hover:#ff6600;--button_gradient_bottom_color_hover:#dd4400;--button_text_transform:none;\" target=\"_self\" href=\"#\"><i class=\"fa-shopping-cart fa awb-button__icon awb-button__icon--default button-icon-left\" aria-hidden=\"true\"><\/i><span class=\"fusion-button-text awb-button__text awb-button__text--default\">Pricing \/ Buy<\/span><\/a><\/div><h2 style=\"color: rgba(0,0,0,0);display: inline;font-size: 0em;\">pricingbuy<\/h2><\/div><div class=\"fusion-clearfix\"><\/div><\/div><\/div><\/div><\/div><div class=\"fusion-fullwidth fullwidth-box fusion-builder-row-4 nonhundred-percent-fullwidth non-hundred-percent-height-scrolling\" style=\"--awb-border-radius-top-left:0px;--awb-border-radius-top-right:0px;--awb-border-radius-bottom-right:0px;--awb-border-radius-bottom-left:0px;--awb-margin-top:10px;--awb-flex-wrap:wrap;\" ><div class=\"fusion-builder-row fusion-row\"><div class=\"fusion-layout-column fusion_builder_column fusion-builder-column-4 fusion_builder_column_1_1 1_1 fusion-one-full fusion-column-first fusion-column-last\" style=\"--awb-bg-size:cover;\"><div class=\"fusion-column-wrapper fusion-column-has-shadow fusion-flex-column-wrapper-legacy\"><div class=\"fusion-column-content-centered\"><div class=\"fusion-column-content\"><div class=\"fusion-text fusion-text-2\"><p>Le module\u2122 de commutation haute disponibilit\u00e9 (HAsm\u2122) est une solution cl\u00e9 en main qui combine des composants pr\u00e9d\u00e9finis, un code d\u00e9velopp\u00e9 sur mesure et des services de conseil pour guider le projet. Le prix exact d\u00e9pend de :<\/p>\n<ul>\n<li>Composants sp\u00e9cifiques s\u00e9lectionn\u00e9s par Telium<\/li>\n<li>Degr\u00e9 de personnalisation requis<\/li>\n<li>Fonctionnalit\u00e9 personnalis\u00e9e \u00e0 ajouter<\/li>\n<li>Frais de licence pour tous les produits incorpor\u00e9s<\/li>\n<li>Effort de service professionnel pour guider le projet de la conception au d\u00e9ploiement<\/li>\n<li>Volume de licences achet\u00e9es<\/li>\n<\/ul>\n<p>Les services professionnels de Telium se feront un plaisir de travailler avec vous pour concevoir une solution qui r\u00e9pond \u00e0 vos sp\u00e9cifications et \u00e0 votre budget. Veuillez noter que HAsm n\u2019est pas disponible en tant que produit d\u2019essai ou en t\u00e9l\u00e9chargement, car chaque d\u00e9ploiement HAsm est unique pour le client qui l\u2019a sp\u00e9cifi\u00e9.<\/p>\n<p>HAsm convient aux OEM et aux grands int\u00e9grateurs de syst\u00e8mes qui d\u00e9veloppent des solutions uniques et \u00e0 forte valeur ajout\u00e9e. Pour les projets \u00e0 petit budget ou les clients qui cherchent principalement \u00e0 exp\u00e9rimenter la commutation VoIP HA, nous recommandons les produits HAfs et HAast de Telium.<\/p>\n<\/div><\/div><\/div><div class=\"fusion-clearfix\"><\/div><\/div><\/div><div class=\"fusion-layout-column fusion_builder_column fusion-builder-column-5 fusion_builder_column_1_1 1_1 fusion-one-full fusion-column-first fusion-column-last fusion-no-small-visibility fusion-no-medium-visibility\" style=\"--awb-bg-size:cover;--awb-margin-bottom:30px;\"><div class=\"fusion-column-wrapper fusion-column-has-shadow fusion-flex-column-wrapper-legacy\"><div class=\"fusion-clearfix\"><\/div><\/div><\/div><\/div><\/div><div class=\"fusion-fullwidth fullwidth-box fusion-builder-row-5 nonhundred-percent-fullwidth non-hundred-percent-height-scrolling fusion-no-small-visibility fusion-no-medium-visibility\" style=\"--awb-border-radius-top-left:0px;--awb-border-radius-top-right:0px;--awb-border-radius-bottom-right:0px;--awb-border-radius-bottom-left:0px;--awb-background-color:#ffffff;--awb-flex-wrap:wrap;\" ><div class=\"fusion-builder-row fusion-row\"><div class=\"fusion-layout-column fusion_builder_column fusion-builder-column-6 fusion_builder_column_1_1 1_1 fusion-one-full fusion-column-first fusion-column-last\" style=\"--awb-bg-size:cover;\"><div class=\"fusion-column-wrapper fusion-column-has-shadow fusion-flex-column-wrapper-legacy\"><div class=\"fusion-clearfix\"><\/div><\/div><\/div><\/div><\/div><\/p>\n","protected":false},"excerpt":{"rendered":"","protected":false},"author":4,"featured_media":0,"parent":19426,"menu_order":0,"comment_status":"closed","ping_status":"closed","template":"100-width.php","meta":{"_bbp_topic_count":0,"_bbp_reply_count":0,"_bbp_total_topic_count":0,"_bbp_total_reply_count":0,"_bbp_voice_count":0,"_bbp_anonymous_reply_count":0,"_bbp_topic_count_hidden":0,"_bbp_reply_count_hidden":0,"_bbp_forum_subforum_count":0,"footnotes":""},"class_list":["post-19611","page","type-page","status-publish","hentry"],"yoast_head":"<!-- This site is optimized with the Yoast SEO plugin v27.2 - https:\/\/yoast.com\/product\/yoast-seo-wordpress\/ -->\n<title>Prix \/ Acheter - Module de commutation haute disponibilit\u00e9 - Telium<\/title>\n<meta name=\"description\" content=\"D\u00e9couvrez les tarifs du module de commutation haute disponibilit\u00e9 (HAsm), contactez les services professionnels de Telium pour vous aider \u00e0 concevoir votre solution.\" \/>\n<meta name=\"robots\" content=\"index, follow, max-snippet:-1, max-image-preview:large, max-video-preview:-1\" \/>\n<link rel=\"canonical\" href=\"https:\/\/telium.io\/fr\/module-de-commutation-haute-disponibilite\/prix-acheter\/\" \/>\n<meta property=\"og:locale\" content=\"fr_FR\" \/>\n<meta property=\"og:type\" content=\"article\" \/>\n<meta property=\"og:title\" content=\"Prix \/ Acheter - Module de commutation haute disponibilit\u00e9 - Telium\" \/>\n<meta property=\"og:description\" content=\"D\u00e9couvrez les tarifs du module de commutation haute disponibilit\u00e9 (HAsm), contactez les services professionnels de Telium pour vous aider \u00e0 concevoir votre solution.\" \/>\n<meta property=\"og:url\" content=\"https:\/\/telium.io\/fr\/module-de-commutation-haute-disponibilite\/prix-acheter\/\" \/>\n<meta property=\"og:site_name\" content=\"Telium\" \/>\n<meta property=\"article:publisher\" content=\"https:\/\/www.facebook.com\/pages\/category\/Telecommunication-Company\/Telium-1581395458787072\/\" \/>\n<meta property=\"article:modified_time\" content=\"2024-04-27T14:37:48+00:00\" \/>\n<meta name=\"twitter:card\" content=\"summary_large_image\" \/>\n<meta name=\"twitter:site\" content=\"@telium_io\" \/>\n<meta name=\"twitter:label1\" content=\"Est. reading time\" \/>\n\t<meta name=\"twitter:data1\" content=\"15 minutes\" \/>\n<script type=\"application\/ld+json\" class=\"yoast-schema-graph\">{\"@context\":\"https:\/\/schema.org\",\"@graph\":[{\"@type\":\"WebPage\",\"@id\":\"https:\/\/telium.io\/fr\/module-de-commutation-haute-disponibilite\/prix-acheter\/\",\"url\":\"https:\/\/telium.io\/fr\/module-de-commutation-haute-disponibilite\/prix-acheter\/\",\"name\":\"Prix \/ Acheter - Module de commutation haute disponibilit\u00e9 - Telium\",\"isPartOf\":{\"@id\":\"https:\/\/telium.io\/fr\/#website\"},\"datePublished\":\"2023-04-09T01:22:44+00:00\",\"dateModified\":\"2024-04-27T14:37:48+00:00\",\"description\":\"D\u00e9couvrez les tarifs du module de commutation haute disponibilit\u00e9 (HAsm), contactez les services professionnels de Telium pour vous aider \u00e0 concevoir votre solution.\",\"breadcrumb\":{\"@id\":\"https:\/\/telium.io\/fr\/module-de-commutation-haute-disponibilite\/prix-acheter\/#breadcrumb\"},\"inLanguage\":\"fr-FR\",\"potentialAction\":[{\"@type\":\"ReadAction\",\"target\":[\"https:\/\/telium.io\/fr\/module-de-commutation-haute-disponibilite\/prix-acheter\/\"]}]},{\"@type\":\"BreadcrumbList\",\"@id\":\"https:\/\/telium.io\/fr\/module-de-commutation-haute-disponibilite\/prix-acheter\/#breadcrumb\",\"itemListElement\":[{\"@type\":\"ListItem\",\"position\":1,\"name\":\"Home\",\"item\":\"https:\/\/telium.io\/fr\/accueil\/\"},{\"@type\":\"ListItem\",\"position\":2,\"name\":\"Module de commutation haute disponibilit\u00e9\",\"item\":\"https:\/\/telium.io\/fr\/module-de-commutation-haute-disponibilite\/\"},{\"@type\":\"ListItem\",\"position\":3,\"name\":\"Prix \/ Acheter\"}]},{\"@type\":\"WebSite\",\"@id\":\"https:\/\/telium.io\/fr\/#website\",\"url\":\"https:\/\/telium.io\/fr\/\",\"name\":\"Telium\",\"description\":\"T\u00e9l\u00e9phonie et T\u00e9l\u00e9matique\",\"publisher\":{\"@id\":\"https:\/\/telium.io\/fr\/#organization\"},\"potentialAction\":[{\"@type\":\"SearchAction\",\"target\":{\"@type\":\"EntryPoint\",\"urlTemplate\":\"https:\/\/telium.io\/fr\/?s={search_term_string}\"},\"query-input\":{\"@type\":\"PropertyValueSpecification\",\"valueRequired\":true,\"valueName\":\"search_term_string\"}}],\"inLanguage\":\"fr-FR\"},{\"@type\":\"Organization\",\"@id\":\"https:\/\/telium.io\/fr\/#organization\",\"name\":\"Telium\",\"url\":\"https:\/\/telium.io\/fr\/\",\"logo\":{\"@type\":\"ImageObject\",\"inLanguage\":\"fr-FR\",\"@id\":\"https:\/\/telium.io\/fr\/#\/schema\/logo\/image\/\",\"url\":\"https:\/\/telium.io\/wp-content\/uploads\/sites\/6\/2020\/01\/logo_o_800x800.png\",\"contentUrl\":\"https:\/\/telium.io\/wp-content\/uploads\/sites\/6\/2020\/01\/logo_o_800x800.png\",\"width\":800,\"height\":800,\"caption\":\"Telium\"},\"image\":{\"@id\":\"https:\/\/telium.io\/fr\/#\/schema\/logo\/image\/\"},\"sameAs\":[\"https:\/\/www.facebook.com\/pages\/category\/Telecommunication-Company\/Telium-1581395458787072\/\",\"https:\/\/x.com\/telium_io\",\"https:\/\/ca.linkedin.com\/company\/telium\"]}]}<\/script>\n<!-- \/ Yoast SEO plugin. -->","yoast_head_json":{"title":"Prix \/ Acheter - Module de commutation haute disponibilit\u00e9 - Telium","description":"D\u00e9couvrez les tarifs du module de commutation haute disponibilit\u00e9 (HAsm), contactez les services professionnels de Telium pour vous aider \u00e0 concevoir votre solution.","robots":{"index":"index","follow":"follow","max-snippet":"max-snippet:-1","max-image-preview":"max-image-preview:large","max-video-preview":"max-video-preview:-1"},"canonical":"https:\/\/telium.io\/fr\/module-de-commutation-haute-disponibilite\/prix-acheter\/","og_locale":"fr_FR","og_type":"article","og_title":"Prix \/ Acheter - Module de commutation haute disponibilit\u00e9 - Telium","og_description":"D\u00e9couvrez les tarifs du module de commutation haute disponibilit\u00e9 (HAsm), contactez les services professionnels de Telium pour vous aider \u00e0 concevoir votre solution.","og_url":"https:\/\/telium.io\/fr\/module-de-commutation-haute-disponibilite\/prix-acheter\/","og_site_name":"Telium","article_publisher":"https:\/\/www.facebook.com\/pages\/category\/Telecommunication-Company\/Telium-1581395458787072\/","article_modified_time":"2024-04-27T14:37:48+00:00","twitter_card":"summary_large_image","twitter_site":"@telium_io","twitter_misc":{"Est. reading time":"15 minutes"},"schema":{"@context":"https:\/\/schema.org","@graph":[{"@type":"WebPage","@id":"https:\/\/telium.io\/fr\/module-de-commutation-haute-disponibilite\/prix-acheter\/","url":"https:\/\/telium.io\/fr\/module-de-commutation-haute-disponibilite\/prix-acheter\/","name":"Prix \/ Acheter - Module de commutation haute disponibilit\u00e9 - Telium","isPartOf":{"@id":"https:\/\/telium.io\/fr\/#website"},"datePublished":"2023-04-09T01:22:44+00:00","dateModified":"2024-04-27T14:37:48+00:00","description":"D\u00e9couvrez les tarifs du module de commutation haute disponibilit\u00e9 (HAsm), contactez les services professionnels de Telium pour vous aider \u00e0 concevoir votre solution.","breadcrumb":{"@id":"https:\/\/telium.io\/fr\/module-de-commutation-haute-disponibilite\/prix-acheter\/#breadcrumb"},"inLanguage":"fr-FR","potentialAction":[{"@type":"ReadAction","target":["https:\/\/telium.io\/fr\/module-de-commutation-haute-disponibilite\/prix-acheter\/"]}]},{"@type":"BreadcrumbList","@id":"https:\/\/telium.io\/fr\/module-de-commutation-haute-disponibilite\/prix-acheter\/#breadcrumb","itemListElement":[{"@type":"ListItem","position":1,"name":"Home","item":"https:\/\/telium.io\/fr\/accueil\/"},{"@type":"ListItem","position":2,"name":"Module de commutation haute disponibilit\u00e9","item":"https:\/\/telium.io\/fr\/module-de-commutation-haute-disponibilite\/"},{"@type":"ListItem","position":3,"name":"Prix \/ Acheter"}]},{"@type":"WebSite","@id":"https:\/\/telium.io\/fr\/#website","url":"https:\/\/telium.io\/fr\/","name":"Telium","description":"T\u00e9l\u00e9phonie et T\u00e9l\u00e9matique","publisher":{"@id":"https:\/\/telium.io\/fr\/#organization"},"potentialAction":[{"@type":"SearchAction","target":{"@type":"EntryPoint","urlTemplate":"https:\/\/telium.io\/fr\/?s={search_term_string}"},"query-input":{"@type":"PropertyValueSpecification","valueRequired":true,"valueName":"search_term_string"}}],"inLanguage":"fr-FR"},{"@type":"Organization","@id":"https:\/\/telium.io\/fr\/#organization","name":"Telium","url":"https:\/\/telium.io\/fr\/","logo":{"@type":"ImageObject","inLanguage":"fr-FR","@id":"https:\/\/telium.io\/fr\/#\/schema\/logo\/image\/","url":"https:\/\/telium.io\/wp-content\/uploads\/sites\/6\/2020\/01\/logo_o_800x800.png","contentUrl":"https:\/\/telium.io\/wp-content\/uploads\/sites\/6\/2020\/01\/logo_o_800x800.png","width":800,"height":800,"caption":"Telium"},"image":{"@id":"https:\/\/telium.io\/fr\/#\/schema\/logo\/image\/"},"sameAs":["https:\/\/www.facebook.com\/pages\/category\/Telecommunication-Company\/Telium-1581395458787072\/","https:\/\/x.com\/telium_io","https:\/\/ca.linkedin.com\/company\/telium"]}]}},"_links":{"self":[{"href":"https:\/\/telium.io\/fr\/wp-json\/wp\/v2\/pages\/19611","targetHints":{"allow":["GET"]}}],"collection":[{"href":"https:\/\/telium.io\/fr\/wp-json\/wp\/v2\/pages"}],"about":[{"href":"https:\/\/telium.io\/fr\/wp-json\/wp\/v2\/types\/page"}],"author":[{"embeddable":true,"href":"https:\/\/telium.io\/fr\/wp-json\/wp\/v2\/users\/4"}],"replies":[{"embeddable":true,"href":"https:\/\/telium.io\/fr\/wp-json\/wp\/v2\/comments?post=19611"}],"version-history":[{"count":9,"href":"https:\/\/telium.io\/fr\/wp-json\/wp\/v2\/pages\/19611\/revisions"}],"predecessor-version":[{"id":19643,"href":"https:\/\/telium.io\/fr\/wp-json\/wp\/v2\/pages\/19611\/revisions\/19643"}],"up":[{"embeddable":true,"href":"https:\/\/telium.io\/fr\/wp-json\/wp\/v2\/pages\/19426"}],"wp:attachment":[{"href":"https:\/\/telium.io\/fr\/wp-json\/wp\/v2\/media?parent=19611"}],"curies":[{"name":"wp","href":"https:\/\/api.w.org\/{rel}","templated":true}]}}