{"id":22948,"date":"2020-06-02T10:46:47","date_gmt":"2020-06-02T15:46:47","guid":{"rendered":"https:\/\/telium.io\/seguridad-para-asterisk\/preise-kaufen\/"},"modified":"2020-06-02T10:46:47","modified_gmt":"2020-06-02T15:46:47","slug":"preise-kaufen","status":"publish","type":"page","link":"https:\/\/telium.io\/es\/seguridad-para-asterisk\/preise-kaufen\/","title":{"rendered":"Preise \/ Kaufen"},"content":{"rendered":"","protected":false},"excerpt":{"rendered":"","protected":false},"author":4,"featured_media":0,"parent":12333,"menu_order":0,"comment_status":"closed","ping_status":"closed","template":"100-width.php","meta":{"_bbp_topic_count":0,"_bbp_reply_count":0,"_bbp_total_topic_count":0,"_bbp_total_reply_count":0,"_bbp_voice_count":0,"_bbp_anonymous_reply_count":0,"_bbp_topic_count_hidden":0,"_bbp_reply_count_hidden":0,"_bbp_forum_subforum_count":0,"footnotes":""},"class_list":["post-22948","page","type-page","status-publish","hentry"],"yoast_head":"<!-- This site is optimized with the Yoast SEO plugin v27.2 - https:\/\/yoast.com\/product\/yoast-seo-wordpress\/ -->\n<title>Preise \/ Kaufen - Seguridad para Asterisk - Telium<\/title>\n<meta name=\"description\" content=\"Erkunden Sie die Preise f\u00fcr Sicherheit f\u00fcr Asterisk (SecAst), einschlie\u00dflich optionaler Wartungsvereinbarungen und -dienste. Fordern Sie ein Angebot oder eine Rechnung aus dem Formular an.\" \/>\n<meta name=\"robots\" content=\"index, follow, max-snippet:-1, max-image-preview:large, max-video-preview:-1\" \/>\n<link rel=\"canonical\" href=\"https:\/\/telium.io\/es\/seguridad-para-asterisk\/preise-kaufen\/\" \/>\n<meta property=\"og:locale\" content=\"es_ES\" \/>\n<meta property=\"og:type\" content=\"article\" \/>\n<meta property=\"og:title\" content=\"Preise \/ Kaufen - Seguridad para Asterisk - Telium\" \/>\n<meta property=\"og:description\" content=\"Erkunden Sie die Preise f\u00fcr Sicherheit f\u00fcr Asterisk (SecAst), einschlie\u00dflich optionaler Wartungsvereinbarungen und -dienste. Fordern Sie ein Angebot oder eine Rechnung aus dem Formular an.\" \/>\n<meta property=\"og:url\" content=\"https:\/\/telium.io\/es\/seguridad-para-asterisk\/preise-kaufen\/\" \/>\n<meta property=\"og:site_name\" content=\"Telium\" \/>\n<meta property=\"article:publisher\" content=\"https:\/\/www.facebook.com\/pages\/category\/Telecommunication-Company\/Telium-1581395458787072\/\" \/>\n<meta name=\"twitter:card\" content=\"summary_large_image\" \/>\n<meta name=\"twitter:site\" content=\"@telium_io\" \/>\n<script type=\"application\/ld+json\" class=\"yoast-schema-graph\">{\"@context\":\"https:\/\/schema.org\",\"@graph\":[{\"@type\":\"WebPage\",\"@id\":\"https:\/\/telium.io\/es\/seguridad-para-asterisk\/preise-kaufen\/\",\"url\":\"https:\/\/telium.io\/es\/seguridad-para-asterisk\/preise-kaufen\/\",\"name\":\"Preise \/ Kaufen - Seguridad para Asterisk - Telium\",\"isPartOf\":{\"@id\":\"https:\/\/telium.io\/es\/#website\"},\"datePublished\":\"2020-06-02T15:46:47+00:00\",\"description\":\"Erkunden Sie die Preise f\u00fcr Sicherheit f\u00fcr Asterisk (SecAst), einschlie\u00dflich optionaler Wartungsvereinbarungen und -dienste. Fordern Sie ein Angebot oder eine Rechnung aus dem Formular an.\",\"breadcrumb\":{\"@id\":\"https:\/\/telium.io\/es\/seguridad-para-asterisk\/preise-kaufen\/#breadcrumb\"},\"inLanguage\":\"es-ES\",\"potentialAction\":[{\"@type\":\"ReadAction\",\"target\":[\"https:\/\/telium.io\/es\/seguridad-para-asterisk\/preise-kaufen\/\"]}]},{\"@type\":\"BreadcrumbList\",\"@id\":\"https:\/\/telium.io\/es\/seguridad-para-asterisk\/preise-kaufen\/#breadcrumb\",\"itemListElement\":[{\"@type\":\"ListItem\",\"position\":1,\"name\":\"Home\",\"item\":\"https:\/\/telium.io\/es\/pagina-de-inicio\/\"},{\"@type\":\"ListItem\",\"position\":2,\"name\":\"Seguridad para Asterisk\",\"item\":\"https:\/\/telium.io\/es\/seguridad-para-asterisk\/\"},{\"@type\":\"ListItem\",\"position\":3,\"name\":\"Preise \/ Kaufen\"}]},{\"@type\":\"WebSite\",\"@id\":\"https:\/\/telium.io\/es\/#website\",\"url\":\"https:\/\/telium.io\/es\/\",\"name\":\"Telium\",\"description\":\"Telefon\u00eda y Telem\u00e1tica\",\"publisher\":{\"@id\":\"https:\/\/telium.io\/es\/#organization\"},\"potentialAction\":[{\"@type\":\"SearchAction\",\"target\":{\"@type\":\"EntryPoint\",\"urlTemplate\":\"https:\/\/telium.io\/es\/?s={search_term_string}\"},\"query-input\":{\"@type\":\"PropertyValueSpecification\",\"valueRequired\":true,\"valueName\":\"search_term_string\"}}],\"inLanguage\":\"es-ES\"},{\"@type\":\"Organization\",\"@id\":\"https:\/\/telium.io\/es\/#organization\",\"name\":\"Telium\",\"url\":\"https:\/\/telium.io\/es\/\",\"logo\":{\"@type\":\"ImageObject\",\"inLanguage\":\"es-ES\",\"@id\":\"https:\/\/telium.io\/es\/#\/schema\/logo\/image\/\",\"url\":\"https:\/\/telium.io\/wp-content\/uploads\/sites\/6\/2020\/01\/logo_o_800x800.png\",\"contentUrl\":\"https:\/\/telium.io\/wp-content\/uploads\/sites\/6\/2020\/01\/logo_o_800x800.png\",\"width\":800,\"height\":800,\"caption\":\"Telium\"},\"image\":{\"@id\":\"https:\/\/telium.io\/es\/#\/schema\/logo\/image\/\"},\"sameAs\":[\"https:\/\/www.facebook.com\/pages\/category\/Telecommunication-Company\/Telium-1581395458787072\/\",\"https:\/\/x.com\/telium_io\",\"https:\/\/ca.linkedin.com\/company\/telium\"]}]}<\/script>\n<!-- \/ Yoast SEO plugin. -->","yoast_head_json":{"title":"Preise \/ Kaufen - Seguridad para Asterisk - Telium","description":"Erkunden Sie die Preise f\u00fcr Sicherheit f\u00fcr Asterisk (SecAst), einschlie\u00dflich optionaler Wartungsvereinbarungen und -dienste. Fordern Sie ein Angebot oder eine Rechnung aus dem Formular an.","robots":{"index":"index","follow":"follow","max-snippet":"max-snippet:-1","max-image-preview":"max-image-preview:large","max-video-preview":"max-video-preview:-1"},"canonical":"https:\/\/telium.io\/es\/seguridad-para-asterisk\/preise-kaufen\/","og_locale":"es_ES","og_type":"article","og_title":"Preise \/ Kaufen - Seguridad para Asterisk - Telium","og_description":"Erkunden Sie die Preise f\u00fcr Sicherheit f\u00fcr Asterisk (SecAst), einschlie\u00dflich optionaler Wartungsvereinbarungen und -dienste. Fordern Sie ein Angebot oder eine Rechnung aus dem Formular an.","og_url":"https:\/\/telium.io\/es\/seguridad-para-asterisk\/preise-kaufen\/","og_site_name":"Telium","article_publisher":"https:\/\/www.facebook.com\/pages\/category\/Telecommunication-Company\/Telium-1581395458787072\/","twitter_card":"summary_large_image","twitter_site":"@telium_io","schema":{"@context":"https:\/\/schema.org","@graph":[{"@type":"WebPage","@id":"https:\/\/telium.io\/es\/seguridad-para-asterisk\/preise-kaufen\/","url":"https:\/\/telium.io\/es\/seguridad-para-asterisk\/preise-kaufen\/","name":"Preise \/ Kaufen - Seguridad para Asterisk - Telium","isPartOf":{"@id":"https:\/\/telium.io\/es\/#website"},"datePublished":"2020-06-02T15:46:47+00:00","description":"Erkunden Sie die Preise f\u00fcr Sicherheit f\u00fcr Asterisk (SecAst), einschlie\u00dflich optionaler Wartungsvereinbarungen und -dienste. Fordern Sie ein Angebot oder eine Rechnung aus dem Formular an.","breadcrumb":{"@id":"https:\/\/telium.io\/es\/seguridad-para-asterisk\/preise-kaufen\/#breadcrumb"},"inLanguage":"es-ES","potentialAction":[{"@type":"ReadAction","target":["https:\/\/telium.io\/es\/seguridad-para-asterisk\/preise-kaufen\/"]}]},{"@type":"BreadcrumbList","@id":"https:\/\/telium.io\/es\/seguridad-para-asterisk\/preise-kaufen\/#breadcrumb","itemListElement":[{"@type":"ListItem","position":1,"name":"Home","item":"https:\/\/telium.io\/es\/pagina-de-inicio\/"},{"@type":"ListItem","position":2,"name":"Seguridad para Asterisk","item":"https:\/\/telium.io\/es\/seguridad-para-asterisk\/"},{"@type":"ListItem","position":3,"name":"Preise \/ Kaufen"}]},{"@type":"WebSite","@id":"https:\/\/telium.io\/es\/#website","url":"https:\/\/telium.io\/es\/","name":"Telium","description":"Telefon\u00eda y Telem\u00e1tica","publisher":{"@id":"https:\/\/telium.io\/es\/#organization"},"potentialAction":[{"@type":"SearchAction","target":{"@type":"EntryPoint","urlTemplate":"https:\/\/telium.io\/es\/?s={search_term_string}"},"query-input":{"@type":"PropertyValueSpecification","valueRequired":true,"valueName":"search_term_string"}}],"inLanguage":"es-ES"},{"@type":"Organization","@id":"https:\/\/telium.io\/es\/#organization","name":"Telium","url":"https:\/\/telium.io\/es\/","logo":{"@type":"ImageObject","inLanguage":"es-ES","@id":"https:\/\/telium.io\/es\/#\/schema\/logo\/image\/","url":"https:\/\/telium.io\/wp-content\/uploads\/sites\/6\/2020\/01\/logo_o_800x800.png","contentUrl":"https:\/\/telium.io\/wp-content\/uploads\/sites\/6\/2020\/01\/logo_o_800x800.png","width":800,"height":800,"caption":"Telium"},"image":{"@id":"https:\/\/telium.io\/es\/#\/schema\/logo\/image\/"},"sameAs":["https:\/\/www.facebook.com\/pages\/category\/Telecommunication-Company\/Telium-1581395458787072\/","https:\/\/x.com\/telium_io","https:\/\/ca.linkedin.com\/company\/telium"]}]}},"_links":{"self":[{"href":"https:\/\/telium.io\/es\/wp-json\/wp\/v2\/pages\/22948","targetHints":{"allow":["GET"]}}],"collection":[{"href":"https:\/\/telium.io\/es\/wp-json\/wp\/v2\/pages"}],"about":[{"href":"https:\/\/telium.io\/es\/wp-json\/wp\/v2\/types\/page"}],"author":[{"embeddable":true,"href":"https:\/\/telium.io\/es\/wp-json\/wp\/v2\/users\/4"}],"replies":[{"embeddable":true,"href":"https:\/\/telium.io\/es\/wp-json\/wp\/v2\/comments?post=22948"}],"version-history":[{"count":0,"href":"https:\/\/telium.io\/es\/wp-json\/wp\/v2\/pages\/22948\/revisions"}],"up":[{"embeddable":true,"href":"https:\/\/telium.io\/es\/wp-json\/wp\/v2\/pages\/12333"}],"wp:attachment":[{"href":"https:\/\/telium.io\/es\/wp-json\/wp\/v2\/media?parent=22948"}],"curies":[{"name":"wp","href":"https:\/\/api.w.org\/{rel}","templated":true}]}}