{"id":22740,"date":"2020-01-18T03:57:20","date_gmt":"2020-01-18T08:57:20","guid":{"rendered":"https:\/\/telium.io\/disenador-de-inicio-de-sesion\/"},"modified":"2020-01-18T03:57:20","modified_gmt":"2020-01-18T08:57:20","slug":"disenador-de-inicio-de-sesion","status":"publish","type":"page","link":"https:\/\/telium.io\/es\/disenador-de-inicio-de-sesion\/","title":{"rendered":"Dise\u00f1ador de inicio de sesi\u00f3n"},"content":{"rendered":"<p>Esta p\u00e1gina es utilizada por el Dise\u00f1ador de inicio de sesi\u00f3n para obtener una vista previa del formulario de inicio de sesi\u00f3n en el Personalizador.<\/p>\n","protected":false},"excerpt":{"rendered":"<p>Esta p\u00e1gina es utilizada por el Dise\u00f1ador de inicio de sesi\u00f3n para obtener una vista previa del formulario de inicio de sesi\u00f3n en el Personalizador.<\/p>\n","protected":false},"author":1,"featured_media":0,"parent":0,"menu_order":0,"comment_status":"closed","ping_status":"closed","template":"template-login-designer.php","meta":{"_bbp_topic_count":0,"_bbp_reply_count":0,"_bbp_total_topic_count":0,"_bbp_total_reply_count":0,"_bbp_voice_count":0,"_bbp_anonymous_reply_count":0,"_bbp_topic_count_hidden":0,"_bbp_reply_count_hidden":0,"_bbp_forum_subforum_count":0,"footnotes":""},"class_list":["post-22740","page","type-page","status-publish","hentry"],"yoast_head":"<!-- This site is optimized with the Yoast SEO plugin v27.2 - https:\/\/yoast.com\/product\/yoast-seo-wordpress\/ -->\n<title>Dise\u00f1ador de inicio de sesi\u00f3n - Telium<\/title>\n<meta name=\"robots\" content=\"index, follow, max-snippet:-1, max-image-preview:large, max-video-preview:-1\" \/>\n<link rel=\"canonical\" href=\"https:\/\/telium.io\/es\/disenador-de-inicio-de-sesion\/\" \/>\n<meta property=\"og:locale\" content=\"es_ES\" \/>\n<meta property=\"og:type\" content=\"article\" \/>\n<meta property=\"og:title\" content=\"Dise\u00f1ador de inicio de sesi\u00f3n - Telium\" \/>\n<meta property=\"og:description\" content=\"Esta p\u00e1gina es utilizada por el Dise\u00f1ador de inicio de sesi\u00f3n para obtener una vista previa del formulario de inicio de sesi\u00f3n en el Personalizador.\" \/>\n<meta property=\"og:url\" content=\"https:\/\/telium.io\/es\/disenador-de-inicio-de-sesion\/\" \/>\n<meta property=\"og:site_name\" content=\"Telium\" \/>\n<meta property=\"article:publisher\" content=\"https:\/\/www.facebook.com\/pages\/category\/Telecommunication-Company\/Telium-1581395458787072\/\" \/>\n<meta name=\"twitter:card\" content=\"summary_large_image\" \/>\n<meta name=\"twitter:site\" content=\"@telium_io\" \/>\n<script type=\"application\/ld+json\" class=\"yoast-schema-graph\">{\"@context\":\"https:\/\/schema.org\",\"@graph\":[{\"@type\":\"WebPage\",\"@id\":\"https:\/\/telium.io\/es\/disenador-de-inicio-de-sesion\/\",\"url\":\"https:\/\/telium.io\/es\/disenador-de-inicio-de-sesion\/\",\"name\":\"Dise\u00f1ador de inicio de sesi\u00f3n - Telium\",\"isPartOf\":{\"@id\":\"https:\/\/telium.io\/es\/#website\"},\"datePublished\":\"2020-01-18T08:57:20+00:00\",\"breadcrumb\":{\"@id\":\"https:\/\/telium.io\/es\/disenador-de-inicio-de-sesion\/#breadcrumb\"},\"inLanguage\":\"es-ES\",\"potentialAction\":[{\"@type\":\"ReadAction\",\"target\":[\"https:\/\/telium.io\/es\/disenador-de-inicio-de-sesion\/\"]}]},{\"@type\":\"BreadcrumbList\",\"@id\":\"https:\/\/telium.io\/es\/disenador-de-inicio-de-sesion\/#breadcrumb\",\"itemListElement\":[{\"@type\":\"ListItem\",\"position\":1,\"name\":\"Home\",\"item\":\"https:\/\/telium.io\/es\/pagina-de-inicio\/\"},{\"@type\":\"ListItem\",\"position\":2,\"name\":\"Dise\u00f1ador de inicio de sesi\u00f3n\"}]},{\"@type\":\"WebSite\",\"@id\":\"https:\/\/telium.io\/es\/#website\",\"url\":\"https:\/\/telium.io\/es\/\",\"name\":\"Telium\",\"description\":\"Telefon\u00eda y Telem\u00e1tica\",\"publisher\":{\"@id\":\"https:\/\/telium.io\/es\/#organization\"},\"potentialAction\":[{\"@type\":\"SearchAction\",\"target\":{\"@type\":\"EntryPoint\",\"urlTemplate\":\"https:\/\/telium.io\/es\/?s={search_term_string}\"},\"query-input\":{\"@type\":\"PropertyValueSpecification\",\"valueRequired\":true,\"valueName\":\"search_term_string\"}}],\"inLanguage\":\"es-ES\"},{\"@type\":\"Organization\",\"@id\":\"https:\/\/telium.io\/es\/#organization\",\"name\":\"Telium\",\"url\":\"https:\/\/telium.io\/es\/\",\"logo\":{\"@type\":\"ImageObject\",\"inLanguage\":\"es-ES\",\"@id\":\"https:\/\/telium.io\/es\/#\/schema\/logo\/image\/\",\"url\":\"https:\/\/telium.io\/wp-content\/uploads\/sites\/6\/2020\/01\/logo_o_800x800.png\",\"contentUrl\":\"https:\/\/telium.io\/wp-content\/uploads\/sites\/6\/2020\/01\/logo_o_800x800.png\",\"width\":800,\"height\":800,\"caption\":\"Telium\"},\"image\":{\"@id\":\"https:\/\/telium.io\/es\/#\/schema\/logo\/image\/\"},\"sameAs\":[\"https:\/\/www.facebook.com\/pages\/category\/Telecommunication-Company\/Telium-1581395458787072\/\",\"https:\/\/x.com\/telium_io\",\"https:\/\/ca.linkedin.com\/company\/telium\"]}]}<\/script>\n<!-- \/ Yoast SEO plugin. -->","yoast_head_json":{"title":"Dise\u00f1ador de inicio de sesi\u00f3n - Telium","robots":{"index":"index","follow":"follow","max-snippet":"max-snippet:-1","max-image-preview":"max-image-preview:large","max-video-preview":"max-video-preview:-1"},"canonical":"https:\/\/telium.io\/es\/disenador-de-inicio-de-sesion\/","og_locale":"es_ES","og_type":"article","og_title":"Dise\u00f1ador de inicio de sesi\u00f3n - Telium","og_description":"Esta p\u00e1gina es utilizada por el Dise\u00f1ador de inicio de sesi\u00f3n para obtener una vista previa del formulario de inicio de sesi\u00f3n en el Personalizador.","og_url":"https:\/\/telium.io\/es\/disenador-de-inicio-de-sesion\/","og_site_name":"Telium","article_publisher":"https:\/\/www.facebook.com\/pages\/category\/Telecommunication-Company\/Telium-1581395458787072\/","twitter_card":"summary_large_image","twitter_site":"@telium_io","schema":{"@context":"https:\/\/schema.org","@graph":[{"@type":"WebPage","@id":"https:\/\/telium.io\/es\/disenador-de-inicio-de-sesion\/","url":"https:\/\/telium.io\/es\/disenador-de-inicio-de-sesion\/","name":"Dise\u00f1ador de inicio de sesi\u00f3n - Telium","isPartOf":{"@id":"https:\/\/telium.io\/es\/#website"},"datePublished":"2020-01-18T08:57:20+00:00","breadcrumb":{"@id":"https:\/\/telium.io\/es\/disenador-de-inicio-de-sesion\/#breadcrumb"},"inLanguage":"es-ES","potentialAction":[{"@type":"ReadAction","target":["https:\/\/telium.io\/es\/disenador-de-inicio-de-sesion\/"]}]},{"@type":"BreadcrumbList","@id":"https:\/\/telium.io\/es\/disenador-de-inicio-de-sesion\/#breadcrumb","itemListElement":[{"@type":"ListItem","position":1,"name":"Home","item":"https:\/\/telium.io\/es\/pagina-de-inicio\/"},{"@type":"ListItem","position":2,"name":"Dise\u00f1ador de inicio de sesi\u00f3n"}]},{"@type":"WebSite","@id":"https:\/\/telium.io\/es\/#website","url":"https:\/\/telium.io\/es\/","name":"Telium","description":"Telefon\u00eda y Telem\u00e1tica","publisher":{"@id":"https:\/\/telium.io\/es\/#organization"},"potentialAction":[{"@type":"SearchAction","target":{"@type":"EntryPoint","urlTemplate":"https:\/\/telium.io\/es\/?s={search_term_string}"},"query-input":{"@type":"PropertyValueSpecification","valueRequired":true,"valueName":"search_term_string"}}],"inLanguage":"es-ES"},{"@type":"Organization","@id":"https:\/\/telium.io\/es\/#organization","name":"Telium","url":"https:\/\/telium.io\/es\/","logo":{"@type":"ImageObject","inLanguage":"es-ES","@id":"https:\/\/telium.io\/es\/#\/schema\/logo\/image\/","url":"https:\/\/telium.io\/wp-content\/uploads\/sites\/6\/2020\/01\/logo_o_800x800.png","contentUrl":"https:\/\/telium.io\/wp-content\/uploads\/sites\/6\/2020\/01\/logo_o_800x800.png","width":800,"height":800,"caption":"Telium"},"image":{"@id":"https:\/\/telium.io\/es\/#\/schema\/logo\/image\/"},"sameAs":["https:\/\/www.facebook.com\/pages\/category\/Telecommunication-Company\/Telium-1581395458787072\/","https:\/\/x.com\/telium_io","https:\/\/ca.linkedin.com\/company\/telium"]}]}},"_links":{"self":[{"href":"https:\/\/telium.io\/es\/wp-json\/wp\/v2\/pages\/22740","targetHints":{"allow":["GET"]}}],"collection":[{"href":"https:\/\/telium.io\/es\/wp-json\/wp\/v2\/pages"}],"about":[{"href":"https:\/\/telium.io\/es\/wp-json\/wp\/v2\/types\/page"}],"author":[{"embeddable":true,"href":"https:\/\/telium.io\/es\/wp-json\/wp\/v2\/users\/1"}],"replies":[{"embeddable":true,"href":"https:\/\/telium.io\/es\/wp-json\/wp\/v2\/comments?post=22740"}],"version-history":[{"count":0,"href":"https:\/\/telium.io\/es\/wp-json\/wp\/v2\/pages\/22740\/revisions"}],"wp:attachment":[{"href":"https:\/\/telium.io\/es\/wp-json\/wp\/v2\/media?parent=22740"}],"curies":[{"name":"wp","href":"https:\/\/api.w.org\/{rel}","templated":true}]}}