{"id":19423,"date":"2023-04-08T12:13:04","date_gmt":"2023-04-08T17:13:04","guid":{"rendered":"https:\/\/telium.io\/modulo-de-conmutador-de-alta-disponibilidad\/"},"modified":"2024-04-27T09:36:23","modified_gmt":"2024-04-27T14:36:23","slug":"modulo-de-conmutador-de-alta-disponibilidad","status":"publish","type":"page","link":"https:\/\/telium.io\/es\/modulo-de-conmutador-de-alta-disponibilidad\/","title":{"rendered":"M\u00f3dulo de conmutador de alta disponibilidad"},"content":{"rendered":"<p><div class=\"fusion-fullwidth fullwidth-box fusion-builder-row-1 fusion-parallax-none nonhundred-percent-fullwidth non-hundred-percent-height-scrolling fusion-no-small-visibility lazyload headerheight\" style=\"--awb-background-position:left top;--awb-border-radius-top-left:0px;--awb-border-radius-top-right:0px;--awb-border-radius-bottom-right:0px;--awb-border-radius-bottom-left:0px;--awb-padding-top:0px;--awb-padding-bottom:0px;--awb-margin-top:0px;--awb-margin-bottom:0px;--awb-background-color:#000000;--awb-background-size:cover;--awb-flex-wrap:wrap;\" data-bg=\"https:\/\/telium.io\/wp-content\/uploads\/sites\/6\/2020\/02\/banner-network-1024x228.jpg\" ><div class=\"fusion-builder-row fusion-row\"><div class=\"fusion-layout-column fusion_builder_column fusion-builder-column-0 fusion_builder_column_1_3 1_3 fusion-one-third fusion-column-first fusion-no-small-visibility fusion-no-medium-visibility\" style=\"--awb-padding-top:150px;--awb-bg-size:cover;--awb-margin-top:0px;--awb-margin-bottom:0px;width:33.333333333333%;width:calc(33.333333333333% - ( ( 4% ) * 0.33333333333333 ) );margin-right: 4%;\"><div class=\"fusion-column-wrapper fusion-column-has-shadow fusion-flex-column-wrapper-legacy\"><div class=\"fusion-image-element fusion-no-small-visibility fusion-no-medium-visibility in-legacy-container\" style=\"--awb-caption-title-font-family:var(--h2_typography-font-family);--awb-caption-title-font-weight:var(--h2_typography-font-weight);--awb-caption-title-font-style:var(--h2_typography-font-style);--awb-caption-title-size:var(--h2_typography-font-size);--awb-caption-title-transform:var(--h2_typography-text-transform);--awb-caption-title-line-height:var(--h2_typography-line-height);--awb-caption-title-letter-spacing:var(--h2_typography-letter-spacing);\"><span class=\" fusion-imageframe imageframe-none imageframe-1 hover-type-none\"><img decoding=\"async\" width=\"275\" height=\"225\" alt=\"HAsm Logo\" title=\"havs-icon-glow\" src=\"https:\/\/telium.io\/wp-content\/uploads\/sites\/6\/2023\/04\/havs-icon-glow.png\" data-orig-src=\"https:\/\/telium.io\/wp-content\/uploads\/sites\/6\/2023\/04\/havs-icon-glow.png\" class=\"lazyload img-responsive wp-image-17390\" srcset=\"data:image\/svg+xml,%3Csvg%20xmlns%3D%27http%3A%2F%2Fwww.w3.org%2F2000%2Fsvg%27%20width%3D%27275%27%20height%3D%27225%27%20viewBox%3D%270%200%20275%20225%27%3E%3Crect%20width%3D%27275%27%20height%3D%27225%27%20fill-opacity%3D%220%22%2F%3E%3C%2Fsvg%3E\" data-srcset=\"https:\/\/telium.io\/wp-content\/uploads\/sites\/6\/2023\/04\/havs-icon-glow-200x164.png 200w, https:\/\/telium.io\/wp-content\/uploads\/sites\/6\/2023\/04\/havs-icon-glow.png 275w\" data-sizes=\"auto\" data-orig-sizes=\"(max-width: 1024px) 100vw, 275px\" \/><\/span><\/div><div class=\"fusion-clearfix\"><\/div><\/div><\/div><div class=\"fusion-layout-column fusion_builder_column fusion-builder-column-1 fusion_builder_column_2_3 2_3 fusion-two-third fusion-column-last fusion-column-no-min-height\" style=\"--awb-padding-top:50px;--awb-bg-size:cover;--awb-margin-top:0px;--awb-margin-bottom:0px;width:66.666666666667%;width:calc(66.666666666667% - ( ( 4% ) * 0.66666666666667 ) );\"><div class=\"fusion-column-wrapper fusion-column-has-shadow fusion-flex-column-wrapper-legacy\"><div class=\"fusion-sep-clear\"><\/div><div class=\"fusion-separator fusion-no-small-visibility fusion-no-medium-visibility fusion-full-width-sep\" style=\"margin-left: auto;margin-right: auto;margin-bottom:50px;width:100%;\"><\/div><div class=\"fusion-sep-clear\"><\/div><div class=\"fusion-title title fusion-title-1 fusion-sep-none fusion-title-text fusion-title-size-one\" style=\"--awb-text-color:#ffffff;--awb-margin-bottom:0px;--awb-font-size:36px;\"><h1 class=\"fusion-title-heading title-heading-right fusion-responsive-typography-calculated\" style=\"margin:0;font-size:1em;--fontSize:36;line-height:1.4;\">M\u00f3dulo de conmutador de alta disponibilidad<\/h1><\/div><div class=\"fusion-title title fusion-title-2 fusion-sep-none fusion-title-text fusion-title-size-four\" style=\"--awb-text-color:#ff6600;--awb-margin-top:0px;--awb-font-size:18px;\"><h4 class=\"fusion-title-heading title-heading-right fusion-responsive-typography-calculated\" style=\"margin:0;font-size:1em;--fontSize:18;--minFontSize:18;line-height:1.67;\">Conmutador VoIP de alta disponibilidad para integrar en su producto<\/h4><\/div><div class=\"fusion-clearfix\"><\/div><\/div><\/div><\/div><\/div><div class=\"fusion-fullwidth fullwidth-box fusion-builder-row-2 fusion-parallax-none nonhundred-percent-fullwidth non-hundred-percent-height-scrolling fusion-equal-height-columns fusion-no-medium-visibility fusion-no-large-visibility lazyload\" style=\"--awb-background-position:left top;--awb-border-color:#ff6600;--awb-border-radius-top-left:0px;--awb-border-radius-top-right:0px;--awb-border-radius-bottom-right:0px;--awb-border-radius-bottom-left:0px;--awb-padding-top:0px;--awb-padding-right:0px;--awb-padding-bottom:0px;--awb-padding-left:0px;--awb-margin-top:0px;--awb-margin-bottom:0px;--awb-background-size:cover;--awb-border-sizes-top:0px;--awb-border-sizes-bottom:0px;--awb-flex-wrap:wrap;\" data-bg=\"https:\/\/telium.io\/wp-content\/uploads\/sites\/6\/2020\/02\/banner-network-1024x228.jpg\" ><div class=\"fusion-builder-row fusion-row\"><div class=\"fusion-layout-column fusion_builder_column fusion-builder-column-2 fusion_builder_column_1_1 1_1 fusion-one-full fusion-column-first fusion-column-last mobileheader\" style=\"--awb-bg-size:cover;--awb-margin-top:0px;--awb-margin-bottom:0px;\"><div class=\"fusion-column-wrapper fusion-column-has-shadow fusion-flex-column-wrapper-legacy\"><div class=\"fusion-column-content-centered\"><div class=\"fusion-column-content\"><div class=\"fusion-title title fusion-title-3 fusion-no-medium-visibility fusion-no-large-visibility fusion-title-center fusion-title-text fusion-title-size-one mobilebreadcrumb\" style=\"--awb-text-color:#cfcfcf;--awb-margin-top:0px;--awb-margin-bottom:0px;--awb-margin-top-small:1em;--awb-margin-bottom-small:1em;--awb-font-size:150%;\"><div class=\"title-sep-container title-sep-container-left\"><div class=\"title-sep sep- sep-solid\" style=\"border-color:#e0dede;\"><\/div><\/div><span class=\"awb-title-spacer\"><\/span><h1 class=\"fusion-title-heading title-heading-center fusion-responsive-typography-calculated\" style=\"margin:0;font-size:1em;--fontSize:25.5;line-height:1.4;\">HASM<\/h1><span class=\"awb-title-spacer\"><\/span><div class=\"title-sep-container title-sep-container-right\"><div class=\"title-sep sep- sep-solid\" style=\"border-color:#e0dede;\"><\/div><\/div><\/div><div class=\"fusion-text fusion-text-1\"><p><span style=\"color: #cfcfcf; font-size: 150%;\">\u00bb<\/span><\/p>\n<\/div><div class=\"fusion-title title fusion-title-4 fusion-no-medium-visibility fusion-no-large-visibility fusion-title-center fusion-title-text fusion-title-size-two mobilebreadcrumb\" style=\"--awb-text-color:#ff6600;--awb-margin-top:0px;--awb-margin-bottom:0px;--awb-margin-top-small:1em;--awb-margin-bottom-small:1em;--awb-font-size:150%;\"><div class=\"title-sep-container title-sep-container-left\"><div class=\"title-sep sep- sep-solid\" style=\"border-color:#e0dede;\"><\/div><\/div><span class=\"awb-title-spacer\"><\/span><h2 class=\"fusion-title-heading title-heading-center fusion-responsive-typography-calculated\" style=\"margin:0;font-size:1em;--fontSize:25.5;line-height:1.5;\">VISI\u00d3N GENERAL<\/h2><span class=\"awb-title-spacer\"><\/span><div class=\"title-sep-container title-sep-container-right\"><div class=\"title-sep sep- sep-solid\" style=\"border-color:#e0dede;\"><\/div><\/div><\/div><\/div><\/div><div class=\"fusion-clearfix\"><\/div><\/div><\/div><\/div><\/div><div class=\"fusion-fullwidth fullwidth-box fusion-builder-row-3 nonhundred-percent-fullwidth non-hundred-percent-height-scrolling\" style=\"--awb-border-radius-top-left:0px;--awb-border-radius-top-right:0px;--awb-border-radius-bottom-right:0px;--awb-border-radius-bottom-left:0px;--awb-flex-wrap:wrap;\" ><div class=\"fusion-builder-row fusion-row\"><div class=\"fusion-layout-column fusion_builder_column fusion-builder-column-3 fusion_builder_column_1_1 1_1 fusion-one-full fusion-column-first fusion-column-last\" style=\"--awb-bg-size:cover;\"><div class=\"fusion-column-wrapper fusion-column-has-shadow fusion-flex-column-wrapper-legacy\"><div class=\"product-tabs\"><div class=\"fusion-button-wrapper\"><a class=\"fusion-button button-3d button-large button-custom fusion-button-default button-1 fusion-button-span-no fusion-has-button-gradient cursor-default product-tab\" style=\"--button_accent_color:#fff;--button_accent_hover_color:#fff;--button_border_hover_color:#787878;--button_gradient_top_color:#ff6600;--button_gradient_bottom_color:#dd4400;--button_gradient_top_color_hover:#ff6600;--button_gradient_bottom_color_hover:#dd4400;--button_text_transform:none;\" target=\"_self\" href=\"#\"><i class=\"fa-book fas awb-button__icon awb-button__icon--default button-icon-left\" aria-hidden=\"true\"><\/i><span class=\"fusion-button-text awb-button__text awb-button__text--default\">Overview<\/span><\/a><\/div><div class=\"fusion-button-wrapper\"><a class=\"fusion-button button-3d button-medium button-default fusion-button-default button-2 fusion-button-span-no product-tab\" style=\"--button_text_transform:none;\" target=\"_self\" href=\"https:\/\/telium.io\/es\/modulo-de-conmutador-de-alta-disponibilidad\/ventajas\/\"><i class=\"fa-life-ring fas awb-button__icon awb-button__icon--default button-icon-left\" aria-hidden=\"true\"><\/i><span class=\"fusion-button-text awb-button__text awb-button__text--default\">Benefits<\/span><\/a><\/div><div class=\"fusion-button-wrapper\"><a class=\"fusion-button button-3d button-medium button-default fusion-button-default button-3 fusion-button-span-no product-tab\" style=\"--button_text_transform:none;\" target=\"_self\" href=\"https:\/\/telium.io\/es\/modulo-de-conmutador-de-alta-disponibilidad\/funciones\/\"><i class=\"fa-check-double fas awb-button__icon awb-button__icon--default button-icon-left\" aria-hidden=\"true\"><\/i><span class=\"fusion-button-text awb-button__text awb-button__text--default\">Features<\/span><\/a><\/div><div class=\"fusion-button-wrapper\"><a class=\"fusion-button button-3d button-medium button-default fusion-button-default button-4 fusion-button-span-no product-tab\" style=\"--button_text_transform:none;\" target=\"_self\" href=\"https:\/\/telium.io\/es\/modulo-de-conmutador-de-alta-disponibilidad\/tecnologia\/\"><i class=\"fa-microchip fas awb-button__icon awb-button__icon--default button-icon-left\" aria-hidden=\"true\"><\/i><span class=\"fusion-button-text awb-button__text awb-button__text--default\">Technology<\/span><\/a><\/div><div class=\"fusion-button-wrapper\"><a class=\"fusion-button button-3d button-medium button-default fusion-button-default button-5 fusion-button-span-no product-tab\" style=\"--button_text_transform:none;\" target=\"_self\" href=\"https:\/\/telium.io\/es\/modulo-de-conmutador-de-alta-disponibilidad\/api\/\"><i class=\"fa-plug fa awb-button__icon awb-button__icon--default button-icon-left\" aria-hidden=\"true\"><\/i><span class=\"fusion-button-text awb-button__text awb-button__text--default\">API<\/span><\/a><\/div><div class=\"fusion-button-wrapper\"><a class=\"fusion-button button-3d button-medium button-default fusion-button-default button-6 fusion-button-span-no product-tab\" style=\"--button_text_transform:none;\" target=\"_self\" href=\"https:\/\/telium.io\/es\/modulo-de-conmutador-de-alta-disponibilidad\/precios-comprar\/\"><i class=\"fa-shopping-cart fa awb-button__icon awb-button__icon--default button-icon-left\" aria-hidden=\"true\"><\/i><span class=\"fusion-button-text awb-button__text awb-button__text--default\">Pricing \/ Buy<\/span><\/a><\/div><h2 style=\"color: rgba(0,0,0,0);display: inline;font-size: 0em;\">overview<\/h2><\/div><div class=\"fusion-clearfix\"><\/div><\/div><\/div><\/div><\/div><div class=\"fusion-fullwidth fullwidth-box fusion-builder-row-4 nonhundred-percent-fullwidth non-hundred-percent-height-scrolling\" style=\"--awb-border-radius-top-left:0px;--awb-border-radius-top-right:0px;--awb-border-radius-bottom-right:0px;--awb-border-radius-bottom-left:0px;--awb-margin-top:10px;--awb-flex-wrap:wrap;\" ><div class=\"fusion-builder-row fusion-row\"><div class=\"fusion-layout-column fusion_builder_column fusion-builder-column-4 fusion_builder_column_1_1 1_1 fusion-one-full fusion-column-first fusion-column-last fusion-no-small-visibility fusion-no-medium-visibility\" style=\"--awb-bg-size:cover;--awb-margin-bottom:30px;\"><div class=\"fusion-column-wrapper fusion-column-has-shadow fusion-flex-column-wrapper-legacy\"><div class=\"fusion-clearfix\"><\/div><\/div><\/div><div class=\"fusion-layout-column fusion_builder_column fusion-builder-column-5 fusion_builder_column_1_1 1_1 fusion-one-full fusion-column-first fusion-column-last\" style=\"--awb-bg-size:cover;\"><div class=\"fusion-column-wrapper fusion-column-has-shadow fusion-flex-column-wrapper-legacy\"><div class=\"fusion-column-content-centered\"><div class=\"fusion-column-content\"><div class=\"fusion-text fusion-text-2\"><p>El m\u00f3dulo\u2122 de conmutaci\u00f3n de alta disponibilidad (HAsm\u2122) es una soluci\u00f3n llave en mano que ofrece una sofisticada tecnolog\u00eda de conmutaci\u00f3n VoIP para su integraci\u00f3n en su aplicaci\u00f3n o producto. HAsm es un m\u00f3dulo plug-in que ofrece conmutaci\u00f3n de audio y v\u00eddeo VoIP con alta disponibilidad incorporada para sobrevivir a una amplia gama de fallos t\u00e9cnicos y ambientales.<\/p>\n<p>HAsm es una soluci\u00f3n 100% de software, entregada como un servicio Linux que se puede agregar a su plataforma existente o disponible como una m\u00e1quina virtual\/f\u00edsica independiente. El m\u00f3dulo de conmutador de alta disponibilidad est\u00e1 dise\u00f1ado como una &#8220;caja negra&#8221;, que protege toda la complejidad de la agrupaci\u00f3n en cl\u00fasteres y la conmutaci\u00f3n de su producto, al tiempo que expone una API simple basada en texto para una administraci\u00f3n\/monitoreo\/control completo de su aplicaci\u00f3n. El producto HAsm se entrega completamente configurado seg\u00fan sus especificaciones, con una API que expone solo la funcionalidad o las notificaciones que requiere su aplicaci\u00f3n.<\/p>\n<p>HAsm se basa en componentes tecnol\u00f3gicos desarrollados por Telium durante los \u00faltimos 20 a\u00f1os. Estos componentes han demostrado su eficacia en entornos de alto volumen y de misi\u00f3n cr\u00edtica en todo el mundo, e incluyen la supervisi\u00f3n del estado, la sincronizaci\u00f3n, el control de cl\u00fasteres, la seguridad y mucho m\u00e1s. La flexibilidad de este enfoque permite a Telium seleccionar los componentes m\u00e1s eficientes y rentables para ofrecer la funcionalidad y el rendimiento que necesita, sin la sobrecarga, el riesgo y el costo de los componentes innecesarios.<\/p>\n<\/div><\/div><\/div><div class=\"fusion-clearfix\"><\/div><\/div><\/div><div class=\"fusion-layout-column fusion_builder_column fusion-builder-column-6 fusion_builder_column_1_1 1_1 fusion-one-full fusion-column-first fusion-column-last fusion-no-small-visibility fusion-no-medium-visibility\" style=\"--awb-bg-size:cover;--awb-margin-bottom:30px;\"><div class=\"fusion-column-wrapper fusion-column-has-shadow fusion-flex-column-wrapper-legacy\"><div class=\"fusion-clearfix\"><\/div><\/div><\/div><\/div><\/div><\/p>\n","protected":false},"excerpt":{"rendered":"","protected":false},"author":4,"featured_media":0,"parent":0,"menu_order":0,"comment_status":"closed","ping_status":"closed","template":"100-width.php","meta":{"_bbp_topic_count":0,"_bbp_reply_count":0,"_bbp_total_topic_count":0,"_bbp_total_reply_count":0,"_bbp_voice_count":0,"_bbp_anonymous_reply_count":0,"_bbp_topic_count_hidden":0,"_bbp_reply_count_hidden":0,"_bbp_forum_subforum_count":0,"footnotes":""},"class_list":["post-19423","page","type-page","status-publish","hentry"],"yoast_head":"<!-- This site is optimized with the Yoast SEO plugin v27.2 - https:\/\/yoast.com\/product\/yoast-seo-wordpress\/ -->\n<title>M\u00f3dulo de conmutador de alta disponibilidad - Telium<\/title>\n<meta name=\"description\" content=\"El m\u00f3dulo de conmutaci\u00f3n de alta disponibilidad (HAsm) es la soluci\u00f3n l\u00edder para integrar un motor de conmutaci\u00f3n de voz y v\u00eddeo sobre IP de alta disponibilidad en su producto.\" \/>\n<meta name=\"robots\" content=\"index, follow, max-snippet:-1, max-image-preview:large, max-video-preview:-1\" \/>\n<link rel=\"canonical\" href=\"https:\/\/telium.io\/es\/modulo-de-conmutador-de-alta-disponibilidad\/\" \/>\n<meta property=\"og:locale\" content=\"es_ES\" \/>\n<meta property=\"og:type\" content=\"article\" \/>\n<meta property=\"og:title\" content=\"M\u00f3dulo de conmutador de alta disponibilidad - Telium\" \/>\n<meta property=\"og:description\" content=\"Alta disponibilidad para Asterisk (HAAst) es la soluci\u00f3n l\u00edder para crear un cl\u00faster de alta disponibilidad en entornos de telefon\u00eda basados en Asterisk\" \/>\n<meta property=\"og:url\" content=\"https:\/\/telium.io\/es\/modulo-de-conmutador-de-alta-disponibilidad\/\" \/>\n<meta property=\"og:site_name\" content=\"Telium\" \/>\n<meta property=\"article:publisher\" content=\"https:\/\/www.facebook.com\/pages\/category\/Telecommunication-Company\/Telium-1581395458787072\/\" \/>\n<meta property=\"article:modified_time\" content=\"2024-04-27T14:36:23+00:00\" \/>\n<meta name=\"twitter:card\" content=\"summary_large_image\" \/>\n<meta name=\"twitter:site\" content=\"@telium_io\" \/>\n<meta name=\"twitter:label1\" content=\"Est. reading time\" \/>\n\t<meta name=\"twitter:data1\" content=\"14 minutes\" \/>\n<script type=\"application\/ld+json\" class=\"yoast-schema-graph\">{\"@context\":\"https:\/\/schema.org\",\"@graph\":[{\"@type\":\"WebPage\",\"@id\":\"https:\/\/telium.io\/es\/modulo-de-conmutador-de-alta-disponibilidad\/\",\"url\":\"https:\/\/telium.io\/es\/modulo-de-conmutador-de-alta-disponibilidad\/\",\"name\":\"M\u00f3dulo de conmutador de alta disponibilidad - Telium\",\"isPartOf\":{\"@id\":\"https:\/\/telium.io\/es\/#website\"},\"datePublished\":\"2023-04-08T17:13:04+00:00\",\"dateModified\":\"2024-04-27T14:36:23+00:00\",\"description\":\"El m\u00f3dulo de conmutaci\u00f3n de alta disponibilidad (HAsm) es la soluci\u00f3n l\u00edder para integrar un motor de conmutaci\u00f3n de voz y v\u00eddeo sobre IP de alta disponibilidad en su producto.\",\"breadcrumb\":{\"@id\":\"https:\/\/telium.io\/es\/modulo-de-conmutador-de-alta-disponibilidad\/#breadcrumb\"},\"inLanguage\":\"es-ES\",\"potentialAction\":[{\"@type\":\"ReadAction\",\"target\":[\"https:\/\/telium.io\/es\/modulo-de-conmutador-de-alta-disponibilidad\/\"]}]},{\"@type\":\"BreadcrumbList\",\"@id\":\"https:\/\/telium.io\/es\/modulo-de-conmutador-de-alta-disponibilidad\/#breadcrumb\",\"itemListElement\":[{\"@type\":\"ListItem\",\"position\":1,\"name\":\"Home\",\"item\":\"https:\/\/telium.io\/es\/pagina-de-inicio\/\"},{\"@type\":\"ListItem\",\"position\":2,\"name\":\"M\u00f3dulo de conmutador de alta disponibilidad\"}]},{\"@type\":\"WebSite\",\"@id\":\"https:\/\/telium.io\/es\/#website\",\"url\":\"https:\/\/telium.io\/es\/\",\"name\":\"Telium\",\"description\":\"Telefon\u00eda y Telem\u00e1tica\",\"publisher\":{\"@id\":\"https:\/\/telium.io\/es\/#organization\"},\"potentialAction\":[{\"@type\":\"SearchAction\",\"target\":{\"@type\":\"EntryPoint\",\"urlTemplate\":\"https:\/\/telium.io\/es\/?s={search_term_string}\"},\"query-input\":{\"@type\":\"PropertyValueSpecification\",\"valueRequired\":true,\"valueName\":\"search_term_string\"}}],\"inLanguage\":\"es-ES\"},{\"@type\":\"Organization\",\"@id\":\"https:\/\/telium.io\/es\/#organization\",\"name\":\"Telium\",\"url\":\"https:\/\/telium.io\/es\/\",\"logo\":{\"@type\":\"ImageObject\",\"inLanguage\":\"es-ES\",\"@id\":\"https:\/\/telium.io\/es\/#\/schema\/logo\/image\/\",\"url\":\"https:\/\/telium.io\/wp-content\/uploads\/sites\/6\/2020\/01\/logo_o_800x800.png\",\"contentUrl\":\"https:\/\/telium.io\/wp-content\/uploads\/sites\/6\/2020\/01\/logo_o_800x800.png\",\"width\":800,\"height\":800,\"caption\":\"Telium\"},\"image\":{\"@id\":\"https:\/\/telium.io\/es\/#\/schema\/logo\/image\/\"},\"sameAs\":[\"https:\/\/www.facebook.com\/pages\/category\/Telecommunication-Company\/Telium-1581395458787072\/\",\"https:\/\/x.com\/telium_io\",\"https:\/\/ca.linkedin.com\/company\/telium\"]}]}<\/script>\n<!-- \/ Yoast SEO plugin. -->","yoast_head_json":{"title":"M\u00f3dulo de conmutador de alta disponibilidad - Telium","description":"El m\u00f3dulo de conmutaci\u00f3n de alta disponibilidad (HAsm) es la soluci\u00f3n l\u00edder para integrar un motor de conmutaci\u00f3n de voz y v\u00eddeo sobre IP de alta disponibilidad en su producto.","robots":{"index":"index","follow":"follow","max-snippet":"max-snippet:-1","max-image-preview":"max-image-preview:large","max-video-preview":"max-video-preview:-1"},"canonical":"https:\/\/telium.io\/es\/modulo-de-conmutador-de-alta-disponibilidad\/","og_locale":"es_ES","og_type":"article","og_title":"M\u00f3dulo de conmutador de alta disponibilidad - Telium","og_description":"Alta disponibilidad para Asterisk (HAAst) es la soluci\u00f3n l\u00edder para crear un cl\u00faster de alta disponibilidad en entornos de telefon\u00eda basados en Asterisk","og_url":"https:\/\/telium.io\/es\/modulo-de-conmutador-de-alta-disponibilidad\/","og_site_name":"Telium","article_publisher":"https:\/\/www.facebook.com\/pages\/category\/Telecommunication-Company\/Telium-1581395458787072\/","article_modified_time":"2024-04-27T14:36:23+00:00","twitter_card":"summary_large_image","twitter_site":"@telium_io","twitter_misc":{"Est. reading time":"14 minutes"},"schema":{"@context":"https:\/\/schema.org","@graph":[{"@type":"WebPage","@id":"https:\/\/telium.io\/es\/modulo-de-conmutador-de-alta-disponibilidad\/","url":"https:\/\/telium.io\/es\/modulo-de-conmutador-de-alta-disponibilidad\/","name":"M\u00f3dulo de conmutador de alta disponibilidad - Telium","isPartOf":{"@id":"https:\/\/telium.io\/es\/#website"},"datePublished":"2023-04-08T17:13:04+00:00","dateModified":"2024-04-27T14:36:23+00:00","description":"El m\u00f3dulo de conmutaci\u00f3n de alta disponibilidad (HAsm) es la soluci\u00f3n l\u00edder para integrar un motor de conmutaci\u00f3n de voz y v\u00eddeo sobre IP de alta disponibilidad en su producto.","breadcrumb":{"@id":"https:\/\/telium.io\/es\/modulo-de-conmutador-de-alta-disponibilidad\/#breadcrumb"},"inLanguage":"es-ES","potentialAction":[{"@type":"ReadAction","target":["https:\/\/telium.io\/es\/modulo-de-conmutador-de-alta-disponibilidad\/"]}]},{"@type":"BreadcrumbList","@id":"https:\/\/telium.io\/es\/modulo-de-conmutador-de-alta-disponibilidad\/#breadcrumb","itemListElement":[{"@type":"ListItem","position":1,"name":"Home","item":"https:\/\/telium.io\/es\/pagina-de-inicio\/"},{"@type":"ListItem","position":2,"name":"M\u00f3dulo de conmutador de alta disponibilidad"}]},{"@type":"WebSite","@id":"https:\/\/telium.io\/es\/#website","url":"https:\/\/telium.io\/es\/","name":"Telium","description":"Telefon\u00eda y Telem\u00e1tica","publisher":{"@id":"https:\/\/telium.io\/es\/#organization"},"potentialAction":[{"@type":"SearchAction","target":{"@type":"EntryPoint","urlTemplate":"https:\/\/telium.io\/es\/?s={search_term_string}"},"query-input":{"@type":"PropertyValueSpecification","valueRequired":true,"valueName":"search_term_string"}}],"inLanguage":"es-ES"},{"@type":"Organization","@id":"https:\/\/telium.io\/es\/#organization","name":"Telium","url":"https:\/\/telium.io\/es\/","logo":{"@type":"ImageObject","inLanguage":"es-ES","@id":"https:\/\/telium.io\/es\/#\/schema\/logo\/image\/","url":"https:\/\/telium.io\/wp-content\/uploads\/sites\/6\/2020\/01\/logo_o_800x800.png","contentUrl":"https:\/\/telium.io\/wp-content\/uploads\/sites\/6\/2020\/01\/logo_o_800x800.png","width":800,"height":800,"caption":"Telium"},"image":{"@id":"https:\/\/telium.io\/es\/#\/schema\/logo\/image\/"},"sameAs":["https:\/\/www.facebook.com\/pages\/category\/Telecommunication-Company\/Telium-1581395458787072\/","https:\/\/x.com\/telium_io","https:\/\/ca.linkedin.com\/company\/telium"]}]}},"_links":{"self":[{"href":"https:\/\/telium.io\/es\/wp-json\/wp\/v2\/pages\/19423","targetHints":{"allow":["GET"]}}],"collection":[{"href":"https:\/\/telium.io\/es\/wp-json\/wp\/v2\/pages"}],"about":[{"href":"https:\/\/telium.io\/es\/wp-json\/wp\/v2\/types\/page"}],"author":[{"embeddable":true,"href":"https:\/\/telium.io\/es\/wp-json\/wp\/v2\/users\/4"}],"replies":[{"embeddable":true,"href":"https:\/\/telium.io\/es\/wp-json\/wp\/v2\/comments?post=19423"}],"version-history":[{"count":11,"href":"https:\/\/telium.io\/es\/wp-json\/wp\/v2\/pages\/19423\/revisions"}],"predecessor-version":[{"id":19457,"href":"https:\/\/telium.io\/es\/wp-json\/wp\/v2\/pages\/19423\/revisions\/19457"}],"wp:attachment":[{"href":"https:\/\/telium.io\/es\/wp-json\/wp\/v2\/media?parent=19423"}],"curies":[{"name":"wp","href":"https:\/\/api.w.org\/{rel}","templated":true}]}}