{"id":19287,"date":"2022-05-31T18:54:27","date_gmt":"2022-05-31T23:54:27","guid":{"rendered":"https:\/\/telium.io\/servidor-de-licencias-por-volumen\/"},"modified":"2025-02-13T14:08:42","modified_gmt":"2025-02-13T19:08:42","slug":"servidor-de-licencias-por-volumen","status":"publish","type":"page","link":"https:\/\/telium.io\/es\/servidor-de-licencias-por-volumen\/","title":{"rendered":"Servidor de Licencias por Volumen"},"content":{"rendered":"<p><div class=\"fusion-fullwidth fullwidth-box fusion-builder-row-1 fusion-parallax-none nonhundred-percent-fullwidth non-hundred-percent-height-scrolling fusion-no-small-visibility lazyload headerheight\" style=\"--awb-background-position:left bottom;--awb-border-radius-top-left:0px;--awb-border-radius-top-right:0px;--awb-border-radius-bottom-right:0px;--awb-border-radius-bottom-left:0px;--awb-padding-top:0px;--awb-padding-bottom:0px;--awb-margin-top:0px;--awb-margin-bottom:0px;--awb-background-color:#000000;--awb-background-size:cover;--awb-flex-wrap:wrap;\" data-bg=\"https:\/\/telium.io\/wp-content\/uploads\/sites\/6\/2020\/01\/banner-locks.jpg\" ><div class=\"fusion-builder-row fusion-row\"><div class=\"fusion-layout-column fusion_builder_column fusion-builder-column-0 fusion_builder_column_1_1 1_1 fusion-one-full fusion-column-first fusion-column-last fusion-animated\" style=\"--awb-padding-top:50px;--awb-bg-size:cover;--awb-margin-top:0px;--awb-margin-bottom:0px;\" data-animationType=\"zoomIn\" data-animationDuration=\"0.9\" data-animationOffset=\"top-into-view\"><div class=\"fusion-column-wrapper fusion-column-has-shadow fusion-flex-column-wrapper-legacy\"><div class=\"fusion-sep-clear\"><\/div><div class=\"fusion-separator fusion-no-small-visibility fusion-no-medium-visibility fusion-full-width-sep\" style=\"margin-left: auto;margin-right: auto;margin-bottom:50px;width:100%;\"><\/div><div class=\"fusion-sep-clear\"><\/div><div class=\"fusion-title title fusion-title-1 fusion-sep-none fusion-title-text fusion-title-size-one\" style=\"--awb-text-color:#ffffff;--awb-margin-bottom:0px;--awb-margin-top-small:0px;--awb-margin-right-small:0px;--awb-margin-bottom-small:20px;--awb-margin-left-small:0px;\"><h1 class=\"fusion-title-heading title-heading-right fusion-responsive-typography-calculated\" style=\"margin:0;--fontSize:40;line-height:1.4;\">Servidor de Licencias por Volumen<\/h1><\/div><div class=\"fusion-title title fusion-title-2 fusion-sep-none fusion-title-text fusion-title-size-two\" style=\"--awb-text-color:#ff6600;--awb-margin-top:0px;--awb-margin-top-small:0px;--awb-margin-right-small:0px;--awb-margin-bottom-small:20px;--awb-margin-left-small:0px;--awb-font-size:18px;\"><h2 class=\"fusion-title-heading title-heading-right fusion-responsive-typography-calculated\" style=\"margin:0;font-size:1em;--fontSize:18;--minFontSize:18;line-height:1.5;\">Facilitar la implementaci\u00f3n a escala<\/h2><\/div><div class=\"fusion-clearfix\"><\/div><\/div><\/div><\/div><\/div><div class=\"fusion-fullwidth fullwidth-box fusion-builder-row-2 fusion-parallax-none nonhundred-percent-fullwidth non-hundred-percent-height-scrolling fusion-equal-height-columns fusion-no-medium-visibility fusion-no-large-visibility lazyload\" style=\"--awb-border-sizes-top:0px;--awb-border-sizes-bottom:0px;--awb-border-sizes-left:0px;--awb-border-sizes-right:0px;--awb-border-color:#ff6600;--awb-border-radius-top-left:0px;--awb-border-radius-top-right:0px;--awb-border-radius-bottom-right:0px;--awb-border-radius-bottom-left:0px;--awb-padding-top:0px;--awb-padding-right:0px;--awb-padding-bottom:0px;--awb-padding-left:0px;--awb-margin-top:0px;--awb-margin-bottom:0px;--awb-background-size:cover;--awb-flex-wrap:wrap;\" data-bg=\"https:\/\/telium.io\/wp-content\/uploads\/sites\/6\/2020\/01\/banner-locks-1024x162.jpg\" ><div class=\"fusion-builder-row fusion-row\"><div class=\"fusion-layout-column fusion_builder_column fusion-builder-column-1 fusion_builder_column_1_1 1_1 fusion-one-full fusion-column-first fusion-column-last mobileheader\" style=\"--awb-bg-size:cover;--awb-margin-top:0px;--awb-margin-bottom:0px;\"><div class=\"fusion-column-wrapper fusion-column-has-shadow fusion-flex-column-wrapper-legacy\"><div class=\"fusion-column-content-centered\"><div class=\"fusion-column-content\"><div class=\"fusion-title title fusion-title-3 fusion-no-medium-visibility fusion-no-large-visibility fusion-title-center fusion-title-text fusion-title-size-two mobilebreadcrumb\" style=\"--awb-text-color:#ff6600;--awb-margin-top:0px;--awb-margin-bottom:0px;--awb-margin-top-small:1em;--awb-margin-right-small:0px;--awb-margin-bottom-small:1em;--awb-margin-left-small:0px;--awb-font-size:150%;\"><div class=\"title-sep-container title-sep-container-left\"><div class=\"title-sep sep- sep-solid\" style=\"border-color:#e0dede;\"><\/div><\/div><span class=\"awb-title-spacer\"><\/span><h2 class=\"fusion-title-heading title-heading-center fusion-responsive-typography-calculated\" style=\"margin:0;font-size:1em;--fontSize:25.5;line-height:1.5;\">VLS<\/h2><span class=\"awb-title-spacer\"><\/span><div class=\"title-sep-container title-sep-container-right\"><div class=\"title-sep sep- sep-solid\" style=\"border-color:#e0dede;\"><\/div><\/div><\/div><\/div><\/div><div class=\"fusion-clearfix\"><\/div><\/div><\/div><\/div><\/div><div class=\"fusion-fullwidth fullwidth-box fusion-builder-row-3 nonhundred-percent-fullwidth non-hundred-percent-height-scrolling\" style=\"--awb-border-radius-top-left:0px;--awb-border-radius-top-right:0px;--awb-border-radius-bottom-right:0px;--awb-border-radius-bottom-left:0px;--awb-margin-bottom:20px;--awb-flex-wrap:wrap;\" ><div class=\"fusion-builder-row fusion-row\"><div class=\"fusion-layout-column fusion_builder_column fusion-builder-column-2 fusion_builder_column_1_1 1_1 fusion-one-full fusion-column-first fusion-column-last fusion-no-small-visibility fusion-no-medium-visibility\" style=\"--awb-bg-size:cover;\"><div class=\"fusion-column-wrapper fusion-column-has-shadow fusion-flex-column-wrapper-legacy\"><div class=\"fusion-clearfix\"><\/div><\/div><\/div><div class=\"fusion-layout-column fusion_builder_column fusion-builder-column-3 fusion_builder_column_1_1 1_1 fusion-one-full fusion-column-first fusion-column-last\" style=\"--awb-bg-size:cover;\"><div class=\"fusion-column-wrapper fusion-column-has-shadow fusion-flex-column-wrapper-legacy\"><div class=\"fusion-text fusion-text-1\"><p>Telium se complace en ofrecer a los clientes una opci\u00f3n de servidor de licencias por volumen (VLS), que permite que nuestros diversos productos se ejecuten activados sin la necesidad de un dongle USB local, activaci\u00f3n en la nube o una huella digital de hardware. El producto VLS es popular entre los ITSP \/ empresas de telecomunicaciones que ejecutan cientos o miles de cl\u00fasteres y necesitan la capacidad de implementar nuevos servicios de telefon\u00eda con poca antelaci\u00f3n, y tambi\u00e9n es popular entre los clientes que ejecutan menos productos pero no pueden usar dongles USB o activaci\u00f3n de huellas dactilares de hardware y no tienen acceso a Internet. Los clientes pueden ejecutar el VLS dentro de una m\u00e1quina virtual (con limitaciones) o de forma nativa en el hardware proporcionado por Telium, como se muestra a continuaci\u00f3n. <\/p>\n<p> Normalmente, se coloca un VLS en cada centro de datos\/regi\u00f3n que se considera una zona operativa autosuficiente. P\u00f3ngase en contacto con Telium para obtener informaci\u00f3n sobre precios o implementaciones m\u00e1s sofisticadas. Tenga en cuenta que el precio depende del n\u00famero m\u00ednimo y m\u00e1ximo de licencias que debe servir el VLS y otras caracter\u00edsticas.<\/p>\n<\/div><div class=\"fusion-clearfix\"><\/div><\/div><\/div><div class=\"fusion-layout-column fusion_builder_column fusion-builder-column-4 fusion_builder_column_1_1 1_1 fusion-one-full fusion-column-first fusion-column-last\" style=\"--awb-overflow:hidden;--awb-bg-color:#efefef;--awb-bg-color-hover:#efefef;--awb-bg-size:cover;--awb-border-color:#4f4f4f;--awb-border-top:1px;--awb-border-right:1px;--awb-border-bottom:1px;--awb-border-left:1px;--awb-border-style:solid;--awb-border-radius:10px 10px 10px 10px;\"><div class=\"fusion-column-wrapper fusion-column-has-shadow fusion-flex-column-wrapper-legacy\"><div class=\"fusion-content-boxes content-boxes columns row fusion-columns-2 fusion-columns-total-4 fusion-content-boxes-1 content-boxes-icon-with-title content-left contentboxnobottom\" style=\"--awb-backgroundcolor:#efefef;--awb-body-color:#4f4f4f;--awb-margin-top:0px;--awb-margin-bottom:0px;--awb-hover-accent-color:#ff6600;--awb-circle-hover-accent-color:#ff6600;\" data-animationOffset=\"top-into-view\"><div style=\"--awb-backgroundcolor:#efefef;\" class=\"fusion-column content-box-column content-box-column content-box-column-1 col-lg-6 col-md-6 col-sm-6 fusion-content-box-hover content-box-column-first-in-row\"><div class=\"col content-box-wrapper content-wrapper-background link-area-link-icon icon-hover-animation-pulsate\" data-animationOffset=\"top-into-view\"><div class=\"heading heading-with-icon icon-left\"><div aria-hidden=\"true\" class=\"image\"><img decoding=\"async\" class=\"lazyload\" src=\"data:image\/svg+xml,%3Csvg%20xmlns%3D%27http%3A%2F%2Fwww.w3.org%2F2000%2Fsvg%27%20width%3D%27200%27%20height%3D%27210%27%20viewBox%3D%270%200%20200%20210%27%3E%3Crect%20width%3D%27200%27%20height%3D%27210%27%20fill-opacity%3D%220%22%2F%3E%3C%2Fsvg%3E\" data-orig-src=\"https:\/\/telium.io\/wp-content\/uploads\/sites\/6\/2022\/05\/virtual-machine.png\" width=\"200\" height=\"210\" alt=\"\" \/><\/div><h2 class=\"content-box-heading fusion-responsive-typography-calculated\" style=\"--h2_typography-font-size:28px;--fontSize:28;line-height:1.5;\">M\u00e1quina virtual<\/h2><\/div><div class=\"fusion-clearfix\"><\/div><div class=\"content-container\">\n<p>Telium le proporcionar\u00e1 una imagen de m\u00e1quina virtual (cifrada), preconfigurada con Linux y el servidor VLS. La m\u00e1quina virtual estar\u00e1 en formato VMware ESXi 6\/7\/8 y se entregar\u00e1 como un \u00fanico archivo ZIP.  Opcionalmente, puede convertir el archivo VMDK incluido en otro hipervisor si lo desea. La disponibilidad de esta opci\u00f3n est\u00e1 restringida a implementaciones a gran escala.<\/p>\n<\/div><\/div><\/div><div style=\"--awb-backgroundcolor:#efefef;\" class=\"fusion-column content-box-column content-box-column content-box-column-2 col-lg-6 col-md-6 col-sm-6 fusion-content-box-hover content-box-column-last-in-row\"><div class=\"col content-box-wrapper content-wrapper-background link-area-link-icon icon-hover-animation-pulsate\" data-animationOffset=\"top-into-view\"><div class=\"heading heading-with-icon icon-left\"><div aria-hidden=\"true\" class=\"image\"><img decoding=\"async\" class=\"lazyload\" src=\"data:image\/svg+xml,%3Csvg%20xmlns%3D%27http%3A%2F%2Fwww.w3.org%2F2000%2Fsvg%27%20width%3D%27200%27%20height%3D%27224%27%20viewBox%3D%270%200%20200%20224%27%3E%3Crect%20width%3D%27200%27%20height%3D%27224%27%20fill-opacity%3D%220%22%2F%3E%3C%2Fsvg%3E\" data-orig-src=\"https:\/\/telium.io\/wp-content\/uploads\/sites\/6\/2022\/05\/dinrail-pc.png\" width=\"200\" height=\"224\" alt=\"\" \/><\/div><h2 class=\"content-box-heading fusion-responsive-typography-calculated\" style=\"--h2_typography-font-size:28px;--fontSize:28;line-height:1.5;\">Dispositivo de montaje en riel DIN<\/h2><\/div><div class=\"fusion-clearfix\"><\/div><div class=\"content-container\">\n<p>Telium le proporcionar\u00e1 una computadora montada en riel DIN, preconfigurada con Linux y el servidor VLS. La computadora es de baja potencia, bajas emisiones de calor, sin ventilador (opcionalmente) y utiliza un disco de estado s\u00f3lido para reducir el riesgo de fallo.<\/p>\n<\/div><\/div><\/div><div style=\"--awb-backgroundcolor:#efefef;\" class=\"fusion-column content-box-column content-box-column content-box-column-3 col-lg-6 col-md-6 col-sm-6 fusion-content-box-hover content-box-column-first-in-row\"><div class=\"col content-box-wrapper content-wrapper-background link-area-link-icon icon-hover-animation-pulsate\" data-animationOffset=\"top-into-view\"><div class=\"heading heading-with-icon icon-left\"><div aria-hidden=\"true\" class=\"image\"><img decoding=\"async\" class=\"lazyload\" src=\"data:image\/svg+xml,%3Csvg%20xmlns%3D%27http%3A%2F%2Fwww.w3.org%2F2000%2Fsvg%27%20width%3D%27200%27%20height%3D%2795%27%20viewBox%3D%270%200%20200%2095%27%3E%3Crect%20width%3D%27200%27%20height%3D%2795%27%20fill-opacity%3D%220%22%2F%3E%3C%2Fsvg%3E\" data-orig-src=\"https:\/\/telium.io\/wp-content\/uploads\/sites\/6\/2022\/05\/wallmount-pc.png\" width=\"200\" height=\"95\" alt=\"\" \/><\/div><h2 class=\"content-box-heading fusion-responsive-typography-calculated\" style=\"--h2_typography-font-size:28px;--fontSize:28;line-height:1.5;\">Dispositivo de montaje en pared<\/h2><\/div><div class=\"fusion-clearfix\"><\/div><div class=\"content-container\">\n<p>Telium le proporcionar\u00e1 una computadora de montaje en pared, preconfigurada con Linux y el servidor VLS. La computadora es de baja potencia, bajas emisiones de calor, sin ventilador (opcionalmente) y utiliza un disco de estado s\u00f3lido para reducir el riesgo de fallo.<\/p>\n<\/div><\/div><\/div><div style=\"--awb-backgroundcolor:#efefef;\" class=\"fusion-column content-box-column content-box-column content-box-column-4 col-lg-6 col-md-6 col-sm-6 fusion-content-box-hover content-box-column-last content-box-column-last-in-row\"><div class=\"col content-box-wrapper content-wrapper-background link-area-link-icon icon-hover-animation-pulsate\" data-animationOffset=\"top-into-view\"><div class=\"heading heading-with-icon icon-left\"><div aria-hidden=\"true\" class=\"image\"><img decoding=\"async\" class=\"lazyload\" src=\"data:image\/svg+xml,%3Csvg%20xmlns%3D%27http%3A%2F%2Fwww.w3.org%2F2000%2Fsvg%27%20width%3D%27200%27%20height%3D%2777%27%20viewBox%3D%270%200%20200%2077%27%3E%3Crect%20width%3D%27200%27%20height%3D%2777%27%20fill-opacity%3D%220%22%2F%3E%3C%2Fsvg%3E\" data-orig-src=\"https:\/\/telium.io\/wp-content\/uploads\/sites\/6\/2022\/05\/rackmount-pc.png\" width=\"200\" height=\"77\" alt=\"\" \/><\/div><h2 class=\"content-box-heading fusion-responsive-typography-calculated\" style=\"--h2_typography-font-size:28px;--fontSize:28;line-height:1.5;\">Dispositivo de montaje en bastidor<\/h2><\/div><div class=\"fusion-clearfix\"><\/div><div class=\"content-container\">\n<p>Telium le proporcionar\u00e1 un ordenador de montaje en rack de 19&#8243;, preconfigurado con Linux y el servidor VLS. La computadora es de bajo consumo, bajas emisiones de calor y utiliza un disco de estado s\u00f3lido para reducir el riesgo de falla. Dependiendo del n\u00famero de activaciones simult\u00e1neas requeridas, el dispositivo puede ser sin ventilador o refrigerado activamente, y variar en tama\u00f1o de 1U a 3U. El dispositivo puede incluir la administraci\u00f3n del VLS en el panel frontal desde un panel LCD.<\/p>\n<\/div><\/div><\/div><div class=\"fusion-clearfix\"><\/div><\/div><div class=\"fusion-clearfix\"><\/div><\/div><\/div><div class=\"fusion-layout-column fusion_builder_column fusion-builder-column-5 fusion_builder_column_1_1 1_1 fusion-one-full fusion-column-first fusion-column-last\" style=\"--awb-bg-size:cover;\"><div class=\"fusion-column-wrapper fusion-column-has-shadow fusion-flex-column-wrapper-legacy\"><div class=\"fusion-text fusion-text-2\"><p>Las fotos de arriba son representaciones del hardware que se implementa normalmente. Sin embargo, el hardware real depender\u00e1 de la disponibilidad de los proveedores.<\/p>\n<\/div><div class=\"fusion-clearfix\"><\/div><\/div><\/div><div class=\"fusion-layout-column fusion_builder_column fusion-builder-column-6 fusion_builder_column_1_1 1_1 fusion-one-full fusion-column-first fusion-column-last\" style=\"--awb-bg-size:cover;\"><div class=\"fusion-column-wrapper fusion-column-has-shadow fusion-flex-column-wrapper-legacy\"><div class=\"fusion-clearfix\"><\/div><\/div><\/div><\/div><\/div><div class=\"fusion-fullwidth fullwidth-box fusion-builder-row-4 nonhundred-percent-fullwidth non-hundred-percent-height-scrolling\" style=\"--awb-border-radius-top-left:0px;--awb-border-radius-top-right:0px;--awb-border-radius-bottom-right:0px;--awb-border-radius-bottom-left:0px;--awb-flex-wrap:wrap;\" ><div class=\"fusion-builder-row fusion-row\"><div class=\"fusion-layout-column fusion_builder_column fusion-builder-column-7 fusion_builder_column_1_1 1_1 fusion-one-full fusion-column-first fusion-column-last\" style=\"--awb-bg-size:cover;\"><div class=\"fusion-column-wrapper fusion-column-has-shadow fusion-flex-column-wrapper-legacy\"><div class=\"fusion-clearfix\"><\/div><\/div><\/div><\/div><\/div><\/p>\n","protected":false},"excerpt":{"rendered":"","protected":false},"author":4,"featured_media":0,"parent":0,"menu_order":0,"comment_status":"closed","ping_status":"closed","template":"100-width.php","meta":{"_bbp_topic_count":0,"_bbp_reply_count":0,"_bbp_total_topic_count":0,"_bbp_total_reply_count":0,"_bbp_voice_count":0,"_bbp_anonymous_reply_count":0,"_bbp_topic_count_hidden":0,"_bbp_reply_count_hidden":0,"_bbp_forum_subforum_count":0,"footnotes":""},"class_list":["post-19287","page","type-page","status-publish","hentry"],"yoast_head":"<!-- This site is optimized with the Yoast SEO plugin v27.5 - https:\/\/yoast.com\/product\/yoast-seo-wordpress\/ -->\n<title>Servidor de Licencias por Volumen - Telium<\/title>\n<meta name=\"description\" content=\"Telium ofrece una variedad de opciones de activaci\u00f3n de software para adaptarse a las necesidades de cada cliente. Las opciones incluyen huellas dactilares de hardware, dongle usb, nube y servidor de licencias por volumen.\" \/>\n<meta name=\"robots\" content=\"index, follow, max-snippet:-1, max-image-preview:large, max-video-preview:-1\" \/>\n<link rel=\"canonical\" href=\"https:\/\/telium.io\/es\/servidor-de-licencias-por-volumen\/\" \/>\n<meta property=\"og:locale\" content=\"es_ES\" \/>\n<meta property=\"og:type\" content=\"article\" \/>\n<meta property=\"og:title\" content=\"Servidor de Licencias por Volumen - Telium\" \/>\n<meta property=\"og:description\" content=\"Telium ofrece una variedad de opciones de activaci\u00f3n de software para adaptarse a las necesidades de cada cliente. Las opciones incluyen huellas dactilares de hardware, dongle usb, nube y servidor de licencias por volumen.\" \/>\n<meta property=\"og:url\" content=\"https:\/\/telium.io\/es\/servidor-de-licencias-por-volumen\/\" \/>\n<meta property=\"og:site_name\" content=\"Telium\" \/>\n<meta property=\"article:publisher\" content=\"https:\/\/www.facebook.com\/pages\/category\/Telecommunication-Company\/Telium-1581395458787072\/\" \/>\n<meta property=\"article:modified_time\" content=\"2025-02-13T19:08:42+00:00\" \/>\n<meta name=\"twitter:card\" content=\"summary_large_image\" \/>\n<meta name=\"twitter:site\" content=\"@telium_io\" \/>\n<meta name=\"twitter:label1\" content=\"Est. reading time\" \/>\n\t<meta name=\"twitter:data1\" content=\"18 minutes\" \/>\n<script type=\"application\/ld+json\" class=\"yoast-schema-graph\">{\"@context\":\"https:\\\/\\\/schema.org\",\"@graph\":[{\"@type\":\"WebPage\",\"@id\":\"https:\\\/\\\/telium.io\\\/es\\\/servidor-de-licencias-por-volumen\\\/\",\"url\":\"https:\\\/\\\/telium.io\\\/es\\\/servidor-de-licencias-por-volumen\\\/\",\"name\":\"Servidor de Licencias por Volumen - Telium\",\"isPartOf\":{\"@id\":\"https:\\\/\\\/telium.io\\\/es\\\/#website\"},\"datePublished\":\"2022-05-31T23:54:27+00:00\",\"dateModified\":\"2025-02-13T19:08:42+00:00\",\"description\":\"Telium ofrece una variedad de opciones de activaci\u00f3n de software para adaptarse a las necesidades de cada cliente. Las opciones incluyen huellas dactilares de hardware, dongle usb, nube y servidor de licencias por volumen.\",\"breadcrumb\":{\"@id\":\"https:\\\/\\\/telium.io\\\/es\\\/servidor-de-licencias-por-volumen\\\/#breadcrumb\"},\"inLanguage\":\"es-ES\",\"potentialAction\":[{\"@type\":\"ReadAction\",\"target\":[\"https:\\\/\\\/telium.io\\\/es\\\/servidor-de-licencias-por-volumen\\\/\"]}]},{\"@type\":\"BreadcrumbList\",\"@id\":\"https:\\\/\\\/telium.io\\\/es\\\/servidor-de-licencias-por-volumen\\\/#breadcrumb\",\"itemListElement\":[{\"@type\":\"ListItem\",\"position\":1,\"name\":\"Home\",\"item\":\"https:\\\/\\\/telium.io\\\/es\\\/pagina-de-inicio\\\/\"},{\"@type\":\"ListItem\",\"position\":2,\"name\":\"Servidor de Licencias por Volumen\"}]},{\"@type\":\"WebSite\",\"@id\":\"https:\\\/\\\/telium.io\\\/es\\\/#website\",\"url\":\"https:\\\/\\\/telium.io\\\/es\\\/\",\"name\":\"Telium\",\"description\":\"Telefon\u00eda y Telem\u00e1tica\",\"publisher\":{\"@id\":\"https:\\\/\\\/telium.io\\\/es\\\/#organization\"},\"potentialAction\":[{\"@type\":\"SearchAction\",\"target\":{\"@type\":\"EntryPoint\",\"urlTemplate\":\"https:\\\/\\\/telium.io\\\/es\\\/?s={search_term_string}\"},\"query-input\":{\"@type\":\"PropertyValueSpecification\",\"valueRequired\":true,\"valueName\":\"search_term_string\"}}],\"inLanguage\":\"es-ES\"},{\"@type\":\"Organization\",\"@id\":\"https:\\\/\\\/telium.io\\\/es\\\/#organization\",\"name\":\"Telium\",\"url\":\"https:\\\/\\\/telium.io\\\/es\\\/\",\"logo\":{\"@type\":\"ImageObject\",\"inLanguage\":\"es-ES\",\"@id\":\"https:\\\/\\\/telium.io\\\/es\\\/#\\\/schema\\\/logo\\\/image\\\/\",\"url\":\"https:\\\/\\\/telium.io\\\/wp-content\\\/uploads\\\/sites\\\/6\\\/2020\\\/01\\\/logo_o_800x800.png\",\"contentUrl\":\"https:\\\/\\\/telium.io\\\/wp-content\\\/uploads\\\/sites\\\/6\\\/2020\\\/01\\\/logo_o_800x800.png\",\"width\":800,\"height\":800,\"caption\":\"Telium\"},\"image\":{\"@id\":\"https:\\\/\\\/telium.io\\\/es\\\/#\\\/schema\\\/logo\\\/image\\\/\"},\"sameAs\":[\"https:\\\/\\\/www.facebook.com\\\/pages\\\/category\\\/Telecommunication-Company\\\/Telium-1581395458787072\\\/\",\"https:\\\/\\\/x.com\\\/telium_io\",\"https:\\\/\\\/ca.linkedin.com\\\/company\\\/telium\"]}]}<\/script>\n<!-- \/ Yoast SEO plugin. -->","yoast_head_json":{"title":"Servidor de Licencias por Volumen - Telium","description":"Telium ofrece una variedad de opciones de activaci\u00f3n de software para adaptarse a las necesidades de cada cliente. Las opciones incluyen huellas dactilares de hardware, dongle usb, nube y servidor de licencias por volumen.","robots":{"index":"index","follow":"follow","max-snippet":"max-snippet:-1","max-image-preview":"max-image-preview:large","max-video-preview":"max-video-preview:-1"},"canonical":"https:\/\/telium.io\/es\/servidor-de-licencias-por-volumen\/","og_locale":"es_ES","og_type":"article","og_title":"Servidor de Licencias por Volumen - Telium","og_description":"Telium ofrece una variedad de opciones de activaci\u00f3n de software para adaptarse a las necesidades de cada cliente. Las opciones incluyen huellas dactilares de hardware, dongle usb, nube y servidor de licencias por volumen.","og_url":"https:\/\/telium.io\/es\/servidor-de-licencias-por-volumen\/","og_site_name":"Telium","article_publisher":"https:\/\/www.facebook.com\/pages\/category\/Telecommunication-Company\/Telium-1581395458787072\/","article_modified_time":"2025-02-13T19:08:42+00:00","twitter_card":"summary_large_image","twitter_site":"@telium_io","twitter_misc":{"Est. reading time":"18 minutes"},"schema":{"@context":"https:\/\/schema.org","@graph":[{"@type":"WebPage","@id":"https:\/\/telium.io\/es\/servidor-de-licencias-por-volumen\/","url":"https:\/\/telium.io\/es\/servidor-de-licencias-por-volumen\/","name":"Servidor de Licencias por Volumen - Telium","isPartOf":{"@id":"https:\/\/telium.io\/es\/#website"},"datePublished":"2022-05-31T23:54:27+00:00","dateModified":"2025-02-13T19:08:42+00:00","description":"Telium ofrece una variedad de opciones de activaci\u00f3n de software para adaptarse a las necesidades de cada cliente. Las opciones incluyen huellas dactilares de hardware, dongle usb, nube y servidor de licencias por volumen.","breadcrumb":{"@id":"https:\/\/telium.io\/es\/servidor-de-licencias-por-volumen\/#breadcrumb"},"inLanguage":"es-ES","potentialAction":[{"@type":"ReadAction","target":["https:\/\/telium.io\/es\/servidor-de-licencias-por-volumen\/"]}]},{"@type":"BreadcrumbList","@id":"https:\/\/telium.io\/es\/servidor-de-licencias-por-volumen\/#breadcrumb","itemListElement":[{"@type":"ListItem","position":1,"name":"Home","item":"https:\/\/telium.io\/es\/pagina-de-inicio\/"},{"@type":"ListItem","position":2,"name":"Servidor de Licencias por Volumen"}]},{"@type":"WebSite","@id":"https:\/\/telium.io\/es\/#website","url":"https:\/\/telium.io\/es\/","name":"Telium","description":"Telefon\u00eda y Telem\u00e1tica","publisher":{"@id":"https:\/\/telium.io\/es\/#organization"},"potentialAction":[{"@type":"SearchAction","target":{"@type":"EntryPoint","urlTemplate":"https:\/\/telium.io\/es\/?s={search_term_string}"},"query-input":{"@type":"PropertyValueSpecification","valueRequired":true,"valueName":"search_term_string"}}],"inLanguage":"es-ES"},{"@type":"Organization","@id":"https:\/\/telium.io\/es\/#organization","name":"Telium","url":"https:\/\/telium.io\/es\/","logo":{"@type":"ImageObject","inLanguage":"es-ES","@id":"https:\/\/telium.io\/es\/#\/schema\/logo\/image\/","url":"https:\/\/telium.io\/wp-content\/uploads\/sites\/6\/2020\/01\/logo_o_800x800.png","contentUrl":"https:\/\/telium.io\/wp-content\/uploads\/sites\/6\/2020\/01\/logo_o_800x800.png","width":800,"height":800,"caption":"Telium"},"image":{"@id":"https:\/\/telium.io\/es\/#\/schema\/logo\/image\/"},"sameAs":["https:\/\/www.facebook.com\/pages\/category\/Telecommunication-Company\/Telium-1581395458787072\/","https:\/\/x.com\/telium_io","https:\/\/ca.linkedin.com\/company\/telium"]}]}},"_links":{"self":[{"href":"https:\/\/telium.io\/es\/wp-json\/wp\/v2\/pages\/19287","targetHints":{"allow":["GET"]}}],"collection":[{"href":"https:\/\/telium.io\/es\/wp-json\/wp\/v2\/pages"}],"about":[{"href":"https:\/\/telium.io\/es\/wp-json\/wp\/v2\/types\/page"}],"author":[{"embeddable":true,"href":"https:\/\/telium.io\/es\/wp-json\/wp\/v2\/users\/4"}],"replies":[{"embeddable":true,"href":"https:\/\/telium.io\/es\/wp-json\/wp\/v2\/comments?post=19287"}],"version-history":[{"count":11,"href":"https:\/\/telium.io\/es\/wp-json\/wp\/v2\/pages\/19287\/revisions"}],"predecessor-version":[{"id":21409,"href":"https:\/\/telium.io\/es\/wp-json\/wp\/v2\/pages\/19287\/revisions\/21409"}],"wp:attachment":[{"href":"https:\/\/telium.io\/es\/wp-json\/wp\/v2\/media?parent=19287"}],"curies":[{"name":"wp","href":"https:\/\/api.w.org\/{rel}","templated":true}]}}