{"id":9737,"date":"2020-01-21T21:20:32","date_gmt":"2020-01-22T02:20:32","guid":{"rendered":"https:\/\/new.telium.io\/hohe-verfuegbarkeit-fuer-asterisk\/freepbx-ha\/"},"modified":"2020-02-02T12:43:10","modified_gmt":"2020-02-02T17:43:10","slug":"freepbx-ha","status":"publish","type":"page","link":"https:\/\/telium.io\/de\/hohe-verfuegbarkeit-fuer-asterisk\/freepbx-ha\/","title":{"rendered":"FreePBX HA"},"content":{"rendered":"<p><div class=\"fusion-fullwidth fullwidth-box fusion-builder-row-1 fusion-parallax-none nonhundred-percent-fullwidth non-hundred-percent-height-scrolling fusion-no-small-visibility lazyload headerheight\" style=\"--awb-background-position:left bottom;--awb-border-radius-top-left:0px;--awb-border-radius-top-right:0px;--awb-border-radius-bottom-right:0px;--awb-border-radius-bottom-left:0px;--awb-padding-top:0px;--awb-padding-bottom:0px;--awb-margin-top:0px;--awb-margin-bottom:0px;--awb-background-color:#000000;--awb-background-size:cover;--awb-flex-wrap:wrap;\" data-bg=\"https:\/\/telium.io\/wp-content\/uploads\/sites\/6\/2020\/01\/banner-dead-frog2.jpg\" ><div class=\"fusion-builder-row fusion-row\"><div class=\"fusion-layout-column fusion_builder_column fusion-builder-column-0 fusion_builder_column_1_1 1_1 fusion-one-full fusion-column-first fusion-column-last fusion-animated\" style=\"--awb-padding-top:50px;--awb-bg-size:cover;--awb-margin-top:0px;--awb-margin-bottom:0px;\" data-animationType=\"zoomIn\" data-animationDuration=\"0.9\" data-animationOffset=\"top-into-view\"><div class=\"fusion-column-wrapper fusion-column-has-shadow fusion-flex-column-wrapper-legacy\"><div class=\"fusion-sep-clear\"><\/div><div class=\"fusion-separator fusion-no-small-visibility fusion-no-medium-visibility fusion-full-width-sep\" style=\"margin-left: auto;margin-right: auto;margin-bottom:50px;width:100%;\"><\/div><div class=\"fusion-sep-clear\"><\/div><div class=\"fusion-title title fusion-title-1 fusion-sep-none fusion-title-text fusion-title-size-one\" style=\"--awb-margin-bottom:0px;--awb-margin-top-small:0px;--awb-margin-right-small:0px;--awb-margin-bottom-small:20px;--awb-margin-left-small:0px;\"><h1 class=\"fusion-title-heading title-heading-right fusion-responsive-typography-calculated\" style=\"margin:0;--fontSize:40;line-height:1.4;\"><span style=\"color: #ffffff; font-size: 36px; font-family: Tahoma, Verdana, Geneva, sans-serif;\">FreePBX HA<\/span><\/h1><\/div><div class=\"fusion-title title fusion-title-2 fusion-sep-none fusion-title-text fusion-title-size-four\" style=\"--awb-text-color:#ff9900;--awb-margin-top:0px;--awb-margin-top-small:0px;--awb-margin-right-small:0px;--awb-margin-bottom-small:20px;--awb-margin-left-small:0px;--awb-font-size:18px;\"><h4 class=\"fusion-title-heading title-heading-right fusion-responsive-typography-calculated\" style=\"margin:0;font-size:1em;--fontSize:18;--minFontSize:18;line-height:1.67;\"><strong><span style=\"color: #ff6600; font-size: 18px; font-family: Tahoma, Verdana, Geneva, sans-serif;\">Sangoma FreePBX HA Modul Nicht unterst\u00fctzt<\/span><\/strong><\/h4><\/div><div class=\"fusion-clearfix\"><\/div><\/div><\/div><\/div><\/div><div class=\"fusion-fullwidth fullwidth-box fusion-builder-row-2 fusion-parallax-none nonhundred-percent-fullwidth non-hundred-percent-height-scrolling fusion-equal-height-columns fusion-no-medium-visibility fusion-no-large-visibility lazyload\" style=\"--awb-border-color:#ff6600;--awb-border-radius-top-left:0px;--awb-border-radius-top-right:0px;--awb-border-radius-bottom-right:0px;--awb-border-radius-bottom-left:0px;--awb-padding-top:0px;--awb-padding-right:0px;--awb-padding-bottom:0px;--awb-padding-left:0px;--awb-margin-top:0px;--awb-margin-bottom:0px;--awb-background-size:cover;--awb-border-sizes-top:0px;--awb-border-sizes-bottom:0px;--awb-flex-wrap:wrap;\" data-bg=\"https:\/\/telium.io\/wp-content\/uploads\/sites\/6\/2020\/01\/banner-dead-frog2-1024x162.jpg\" ><div class=\"fusion-builder-row fusion-row\"><div class=\"fusion-layout-column fusion_builder_column fusion-builder-column-1 fusion_builder_column_1_1 1_1 fusion-one-full fusion-column-first fusion-column-last mobileheader\" style=\"--awb-bg-size:cover;--awb-margin-top:0px;--awb-margin-bottom:0px;\"><div class=\"fusion-column-wrapper fusion-column-has-shadow fusion-flex-column-wrapper-legacy\"><div class=\"fusion-column-content-centered\"><div class=\"fusion-column-content\"><div class=\"fusion-title title fusion-title-3 fusion-no-medium-visibility fusion-no-large-visibility fusion-title-center fusion-title-text fusion-title-size-one mobilebreadcrumb\" style=\"--awb-text-color:#cfcfcf;--awb-margin-top:0px;--awb-margin-bottom:0px;--awb-margin-top-small:1em;--awb-margin-right-small:0px;--awb-margin-bottom-small:1em;--awb-margin-left-small:0px;--awb-font-size:150%;\"><div class=\"title-sep-container title-sep-container-left\"><div class=\"title-sep sep- sep-solid\" style=\"border-color:#e0dede;\"><\/div><\/div><span class=\"awb-title-spacer\"><\/span><h1 class=\"fusion-title-heading title-heading-center fusion-responsive-typography-calculated\" style=\"margin:0;font-size:1em;--fontSize:25.5;line-height:1.4;\">HAAST<\/h1><span class=\"awb-title-spacer\"><\/span><div class=\"title-sep-container title-sep-container-right\"><div class=\"title-sep sep- sep-solid\" style=\"border-color:#e0dede;\"><\/div><\/div><\/div><div class=\"fusion-text fusion-text-1\"><p><span style=\"color: #cfcfcf; font-size: 150%;\">\u00bb<\/span><\/p>\n<\/div><div class=\"fusion-title title fusion-title-4 fusion-no-medium-visibility fusion-no-large-visibility fusion-title-center fusion-title-text fusion-title-size-two mobilebreadcrumb\" style=\"--awb-text-color:#ff6600;--awb-margin-top:0px;--awb-margin-bottom:0px;--awb-margin-top-small:1em;--awb-margin-right-small:0px;--awb-margin-bottom-small:1em;--awb-margin-left-small:0px;--awb-font-size:150%;\"><div class=\"title-sep-container title-sep-container-left\"><div class=\"title-sep sep- sep-solid\" style=\"border-color:#e0dede;\"><\/div><\/div><span class=\"awb-title-spacer\"><\/span><h2 class=\"fusion-title-heading title-heading-center fusion-responsive-typography-calculated\" style=\"margin:0;font-size:1em;--fontSize:25.5;line-height:1.5;\">FREEPBX HA<\/h2><span class=\"awb-title-spacer\"><\/span><div class=\"title-sep-container title-sep-container-right\"><div class=\"title-sep sep- sep-solid\" style=\"border-color:#e0dede;\"><\/div><\/div><\/div><\/div><\/div><div class=\"fusion-clearfix\"><\/div><\/div><\/div><\/div><\/div><div class=\"fusion-fullwidth fullwidth-box fusion-builder-row-3 nonhundred-percent-fullwidth non-hundred-percent-height-scrolling\" style=\"--awb-border-radius-top-left:0px;--awb-border-radius-top-right:0px;--awb-border-radius-bottom-right:0px;--awb-border-radius-bottom-left:0px;--awb-margin-bottom:20px;--awb-flex-wrap:wrap;\" ><div class=\"fusion-builder-row fusion-row\"><div class=\"fusion-layout-column fusion_builder_column fusion-builder-column-2 fusion_builder_column_1_1 1_1 fusion-one-full fusion-column-first fusion-column-last fusion-no-small-visibility fusion-no-medium-visibility\" style=\"--awb-bg-size:cover;\"><div class=\"fusion-column-wrapper fusion-column-has-shadow fusion-flex-column-wrapper-legacy\"><div class=\"fusion-clearfix\"><\/div><\/div><\/div><div class=\"fusion-layout-column fusion_builder_column fusion-builder-column-3 fusion_builder_column_2_3 2_3 fusion-two-third fusion-column-first\" style=\"--awb-bg-size:cover;--awb-margin-top:20px;width:66.666666666667%;width:calc(66.666666666667% - ( ( 4% ) * 0.66666666666667 ) );margin-right: 4%;\"><div class=\"fusion-column-wrapper fusion-column-has-shadow fusion-flex-column-wrapper-legacy\"><div class=\"fusion-title title fusion-title-5 fusion-title-text fusion-title-size-two\" style=\"--awb-margin-top:0px;--awb-margin-top-small:0px;--awb-margin-right-small:0px;--awb-margin-bottom-small:20px;--awb-margin-left-small:0px;\"><h2 class=\"fusion-title-heading title-heading-left fusion-responsive-typography-calculated\" style=\"margin:0;--fontSize:36;line-height:1.5;\">Benutzer berichten, dass Sangoma<sup style=\"font-size: 50;\">\u00ae<\/sup> FreePBX<sup style=\"font-size: 50;\">\u00ae<\/sup> HA Support beendet<\/h2><span class=\"awb-title-spacer\"><\/span><div class=\"title-sep-container\"><div class=\"title-sep sep- sep-solid\" style=\"border-color:#e0dede;\"><\/div><\/div><\/div><div class=\"fusion-text fusion-text-2\"><p>Benutzer haben berichtet, dass am<sup>10.<\/sup> Januar 2018 Sangoma angek\u00fcndigt, dass ihr HA-Modul f\u00fcr FreePBX freePBX Versionen 14 und h\u00f6her nicht unterst\u00fctzen wird. Der Screenshot rechts wurde von Nutzern am<sup>10.<\/sup> Juni 2018 eingereicht. Laut Sangomawebseite k\u00f6nnen nur Nutzer von FreePBX Version 10 und \u00e4lter ihr HA-Modul weiterhin verwenden. Au\u00dferdem k\u00f6nnen Benutzer nach Angaben ihrer Website kein Upgrade auf PJSIP durchf\u00fchren, da dies mit dem FreePBX HA-Modul von Sangoma nicht kompatibel ist (Benutzer m\u00fcssen auf dem \u00e4lteren chan_sip bleiben).<\/p>\n<p>Telium unterst\u00fctzt gerne alle Versionen von FreePBX und unterst\u00fctzt die Verwendung von PJSIP. Kunden, die zu HAAst migrieren, k\u00f6nnen sich auf einen einfachen \u00dcbergang, umfangreiche Funktionen, umfangreiche Erkennungsfunktionen, neue Funktionen usw. sowie laufenden Support freuen.<\/p>\n<\/div><div class=\"fusion-clearfix\"><\/div><\/div><\/div><div class=\"fusion-layout-column fusion_builder_column fusion-builder-column-4 fusion_builder_column_1_3 1_3 fusion-one-third fusion-column-last\" style=\"--awb-bg-size:cover;--awb-margin-top:25px;width:33.333333333333%;width:calc(33.333333333333% - ( ( 4% ) * 0.33333333333333 ) );\"><div class=\"fusion-column-wrapper fusion-column-has-shadow fusion-flex-column-wrapper-legacy\"><a class=\"awb-lightbox awb-lightbox-1\" data-title=\"Sangoma Screenshot\" title=\"Sangoma Screenshot\" href=\"https:\/\/telium.io\/wp-content\/uploads\/sites\/6\/2020\/01\/nosupport-screenshot.jpg\" data-rel=\"iLightbox\"><img class=\"lazyload\" decoding=\"async\" src=\"data:image\/svg+xml,%3Csvg%20xmlns%3D%27http%3A%2F%2Fwww.w3.org%2F2000%2Fsvg%27%20width%3D%27400%27%20height%3D%27289%27%20viewBox%3D%270%200%20400%20289%27%3E%3Crect%20width%3D%27400%27%20height%3D%27289%27%20fill-opacity%3D%220%22%2F%3E%3C%2Fsvg%3E\" data-orig-src=\"https:\/\/telium.io\/wp-content\/uploads\/sites\/6\/2020\/01\/nosupport-screenshot-400x289.jpg\" alt=\"FreePBX HA Modul eingestellt\"><\/a><div class=\"fusion-clearfix\"><\/div><\/div><\/div><\/div><\/div><\/p>\n","protected":false},"excerpt":{"rendered":"","protected":false},"author":4,"featured_media":0,"parent":9450,"menu_order":0,"comment_status":"closed","ping_status":"closed","template":"100-width.php","meta":{"_bbp_topic_count":0,"_bbp_reply_count":0,"_bbp_total_topic_count":0,"_bbp_total_reply_count":0,"_bbp_voice_count":0,"_bbp_anonymous_reply_count":0,"_bbp_topic_count_hidden":0,"_bbp_reply_count_hidden":0,"_bbp_forum_subforum_count":0,"footnotes":""},"class_list":["post-9737","page","type-page","status-publish","hentry"],"yoast_head":"<!-- This site is optimized with the Yoast SEO plugin v27.5 - https:\/\/yoast.com\/product\/yoast-seo-wordpress\/ -->\n<title>Hohe Verf\u00fcgbarkeit f\u00fcr Asterisk FreePBX HA - Telium<\/title>\n<meta name=\"description\" content=\"Sangoma hat angek\u00fcndigt, dass sein FreePBX-Modul in neuen Versionen von FreePBX nicht unterst\u00fctzt wird. Telium unterst\u00fctzt weiterhin alle Versionen von FreePBX mit HAAst.\" \/>\n<meta name=\"robots\" content=\"index, nofollow, max-snippet:-1, max-image-preview:large, max-video-preview:-1\" \/>\n<link rel=\"canonical\" href=\"https:\/\/telium.io\/de\/hohe-verfuegbarkeit-fuer-asterisk\/freepbx-ha\/\" \/>\n<meta property=\"og:locale\" content=\"de_DE\" \/>\n<meta property=\"og:type\" content=\"article\" \/>\n<meta property=\"og:title\" content=\"Hohe Verf\u00fcgbarkeit f\u00fcr Asterisk FreePBX HA - Telium\" \/>\n<meta property=\"og:description\" content=\"Sangoma hat angek\u00fcndigt, dass sein FreePBX-Modul in neuen Versionen von FreePBX nicht unterst\u00fctzt wird. Telium unterst\u00fctzt weiterhin alle Versionen von FreePBX mit HAAst.\" \/>\n<meta property=\"og:url\" content=\"https:\/\/telium.io\/de\/hohe-verfuegbarkeit-fuer-asterisk\/freepbx-ha\/\" \/>\n<meta property=\"og:site_name\" content=\"Telium\" \/>\n<meta property=\"article:publisher\" content=\"https:\/\/www.facebook.com\/pages\/category\/Telecommunication-Company\/Telium-1581395458787072\/\" \/>\n<meta property=\"article:modified_time\" content=\"2020-02-02T17:43:10+00:00\" \/>\n<meta property=\"og:image\" content=\"https:\/\/telium.io\/wp-content\/uploads\/sites\/6\/2020\/01\/nosupport-screenshot-400x289.jpg\" \/>\n<meta name=\"twitter:card\" content=\"summary_large_image\" \/>\n<meta name=\"twitter:site\" content=\"@telium_io\" \/>\n<meta name=\"twitter:label1\" content=\"Est. reading time\" \/>\n\t<meta name=\"twitter:data1\" content=\"11 minutes\" \/>\n<script type=\"application\/ld+json\" class=\"yoast-schema-graph\">{\"@context\":\"https:\\\/\\\/schema.org\",\"@graph\":[{\"@type\":\"WebPage\",\"@id\":\"https:\\\/\\\/telium.io\\\/de\\\/hohe-verfuegbarkeit-fuer-asterisk\\\/freepbx-ha\\\/\",\"url\":\"https:\\\/\\\/telium.io\\\/de\\\/hohe-verfuegbarkeit-fuer-asterisk\\\/freepbx-ha\\\/\",\"name\":\"Hohe Verf\u00fcgbarkeit f\u00fcr Asterisk FreePBX HA - Telium\",\"isPartOf\":{\"@id\":\"https:\\\/\\\/telium.io\\\/de\\\/#website\"},\"primaryImageOfPage\":{\"@id\":\"https:\\\/\\\/telium.io\\\/de\\\/hohe-verfuegbarkeit-fuer-asterisk\\\/freepbx-ha\\\/#primaryimage\"},\"image\":{\"@id\":\"https:\\\/\\\/telium.io\\\/de\\\/hohe-verfuegbarkeit-fuer-asterisk\\\/freepbx-ha\\\/#primaryimage\"},\"thumbnailUrl\":\"https:\\\/\\\/telium.io\\\/wp-content\\\/uploads\\\/sites\\\/6\\\/2020\\\/01\\\/nosupport-screenshot-400x289.jpg\",\"datePublished\":\"2020-01-22T02:20:32+00:00\",\"dateModified\":\"2020-02-02T17:43:10+00:00\",\"description\":\"Sangoma hat angek\u00fcndigt, dass sein FreePBX-Modul in neuen Versionen von FreePBX nicht unterst\u00fctzt wird. Telium unterst\u00fctzt weiterhin alle Versionen von FreePBX mit HAAst.\",\"breadcrumb\":{\"@id\":\"https:\\\/\\\/telium.io\\\/de\\\/hohe-verfuegbarkeit-fuer-asterisk\\\/freepbx-ha\\\/#breadcrumb\"},\"inLanguage\":\"de-DE\",\"potentialAction\":[{\"@type\":\"ReadAction\",\"target\":[\"https:\\\/\\\/telium.io\\\/de\\\/hohe-verfuegbarkeit-fuer-asterisk\\\/freepbx-ha\\\/\"]}]},{\"@type\":\"ImageObject\",\"inLanguage\":\"de-DE\",\"@id\":\"https:\\\/\\\/telium.io\\\/de\\\/hohe-verfuegbarkeit-fuer-asterisk\\\/freepbx-ha\\\/#primaryimage\",\"url\":\"https:\\\/\\\/telium.io\\\/wp-content\\\/uploads\\\/sites\\\/6\\\/2020\\\/01\\\/nosupport-screenshot-400x289.jpg\",\"contentUrl\":\"https:\\\/\\\/telium.io\\\/wp-content\\\/uploads\\\/sites\\\/6\\\/2020\\\/01\\\/nosupport-screenshot-400x289.jpg\"},{\"@type\":\"BreadcrumbList\",\"@id\":\"https:\\\/\\\/telium.io\\\/de\\\/hohe-verfuegbarkeit-fuer-asterisk\\\/freepbx-ha\\\/#breadcrumb\",\"itemListElement\":[{\"@type\":\"ListItem\",\"position\":1,\"name\":\"Home\",\"item\":\"https:\\\/\\\/telium.io\\\/de\\\/startseite\\\/\"},{\"@type\":\"ListItem\",\"position\":2,\"name\":\"Hohe Verf\u00fcgbarkeit f\u00fcr Asterisk\",\"item\":\"https:\\\/\\\/telium.io\\\/de\\\/hohe-verfuegbarkeit-fuer-asterisk\\\/\"},{\"@type\":\"ListItem\",\"position\":3,\"name\":\"FreePBX HA\"}]},{\"@type\":\"WebSite\",\"@id\":\"https:\\\/\\\/telium.io\\\/de\\\/#website\",\"url\":\"https:\\\/\\\/telium.io\\\/de\\\/\",\"name\":\"Telium\",\"description\":\"Telefonie und Telematik\",\"publisher\":{\"@id\":\"https:\\\/\\\/telium.io\\\/de\\\/#organization\"},\"potentialAction\":[{\"@type\":\"SearchAction\",\"target\":{\"@type\":\"EntryPoint\",\"urlTemplate\":\"https:\\\/\\\/telium.io\\\/de\\\/?s={search_term_string}\"},\"query-input\":{\"@type\":\"PropertyValueSpecification\",\"valueRequired\":true,\"valueName\":\"search_term_string\"}}],\"inLanguage\":\"de-DE\"},{\"@type\":\"Organization\",\"@id\":\"https:\\\/\\\/telium.io\\\/de\\\/#organization\",\"name\":\"Telium\",\"url\":\"https:\\\/\\\/telium.io\\\/de\\\/\",\"logo\":{\"@type\":\"ImageObject\",\"inLanguage\":\"de-DE\",\"@id\":\"https:\\\/\\\/telium.io\\\/de\\\/#\\\/schema\\\/logo\\\/image\\\/\",\"url\":\"https:\\\/\\\/telium.io\\\/wp-content\\\/uploads\\\/sites\\\/6\\\/2020\\\/01\\\/logo_o_800x800.png\",\"contentUrl\":\"https:\\\/\\\/telium.io\\\/wp-content\\\/uploads\\\/sites\\\/6\\\/2020\\\/01\\\/logo_o_800x800.png\",\"width\":800,\"height\":800,\"caption\":\"Telium\"},\"image\":{\"@id\":\"https:\\\/\\\/telium.io\\\/de\\\/#\\\/schema\\\/logo\\\/image\\\/\"},\"sameAs\":[\"https:\\\/\\\/www.facebook.com\\\/pages\\\/category\\\/Telecommunication-Company\\\/Telium-1581395458787072\\\/\",\"https:\\\/\\\/x.com\\\/telium_io\",\"https:\\\/\\\/ca.linkedin.com\\\/company\\\/telium\"]}]}<\/script>\n<!-- \/ Yoast SEO plugin. -->","yoast_head_json":{"title":"Hohe Verf\u00fcgbarkeit f\u00fcr Asterisk FreePBX HA - Telium","description":"Sangoma hat angek\u00fcndigt, dass sein FreePBX-Modul in neuen Versionen von FreePBX nicht unterst\u00fctzt wird. Telium unterst\u00fctzt weiterhin alle Versionen von FreePBX mit HAAst.","robots":{"index":"index","follow":"nofollow","max-snippet":"max-snippet:-1","max-image-preview":"max-image-preview:large","max-video-preview":"max-video-preview:-1"},"canonical":"https:\/\/telium.io\/de\/hohe-verfuegbarkeit-fuer-asterisk\/freepbx-ha\/","og_locale":"de_DE","og_type":"article","og_title":"Hohe Verf\u00fcgbarkeit f\u00fcr Asterisk FreePBX HA - Telium","og_description":"Sangoma hat angek\u00fcndigt, dass sein FreePBX-Modul in neuen Versionen von FreePBX nicht unterst\u00fctzt wird. Telium unterst\u00fctzt weiterhin alle Versionen von FreePBX mit HAAst.","og_url":"https:\/\/telium.io\/de\/hohe-verfuegbarkeit-fuer-asterisk\/freepbx-ha\/","og_site_name":"Telium","article_publisher":"https:\/\/www.facebook.com\/pages\/category\/Telecommunication-Company\/Telium-1581395458787072\/","article_modified_time":"2020-02-02T17:43:10+00:00","og_image":[{"url":"https:\/\/telium.io\/wp-content\/uploads\/sites\/6\/2020\/01\/nosupport-screenshot-400x289.jpg","type":"","width":"","height":""}],"twitter_card":"summary_large_image","twitter_site":"@telium_io","twitter_misc":{"Est. reading time":"11 minutes"},"schema":{"@context":"https:\/\/schema.org","@graph":[{"@type":"WebPage","@id":"https:\/\/telium.io\/de\/hohe-verfuegbarkeit-fuer-asterisk\/freepbx-ha\/","url":"https:\/\/telium.io\/de\/hohe-verfuegbarkeit-fuer-asterisk\/freepbx-ha\/","name":"Hohe Verf\u00fcgbarkeit f\u00fcr Asterisk FreePBX HA - Telium","isPartOf":{"@id":"https:\/\/telium.io\/de\/#website"},"primaryImageOfPage":{"@id":"https:\/\/telium.io\/de\/hohe-verfuegbarkeit-fuer-asterisk\/freepbx-ha\/#primaryimage"},"image":{"@id":"https:\/\/telium.io\/de\/hohe-verfuegbarkeit-fuer-asterisk\/freepbx-ha\/#primaryimage"},"thumbnailUrl":"https:\/\/telium.io\/wp-content\/uploads\/sites\/6\/2020\/01\/nosupport-screenshot-400x289.jpg","datePublished":"2020-01-22T02:20:32+00:00","dateModified":"2020-02-02T17:43:10+00:00","description":"Sangoma hat angek\u00fcndigt, dass sein FreePBX-Modul in neuen Versionen von FreePBX nicht unterst\u00fctzt wird. Telium unterst\u00fctzt weiterhin alle Versionen von FreePBX mit HAAst.","breadcrumb":{"@id":"https:\/\/telium.io\/de\/hohe-verfuegbarkeit-fuer-asterisk\/freepbx-ha\/#breadcrumb"},"inLanguage":"de-DE","potentialAction":[{"@type":"ReadAction","target":["https:\/\/telium.io\/de\/hohe-verfuegbarkeit-fuer-asterisk\/freepbx-ha\/"]}]},{"@type":"ImageObject","inLanguage":"de-DE","@id":"https:\/\/telium.io\/de\/hohe-verfuegbarkeit-fuer-asterisk\/freepbx-ha\/#primaryimage","url":"https:\/\/telium.io\/wp-content\/uploads\/sites\/6\/2020\/01\/nosupport-screenshot-400x289.jpg","contentUrl":"https:\/\/telium.io\/wp-content\/uploads\/sites\/6\/2020\/01\/nosupport-screenshot-400x289.jpg"},{"@type":"BreadcrumbList","@id":"https:\/\/telium.io\/de\/hohe-verfuegbarkeit-fuer-asterisk\/freepbx-ha\/#breadcrumb","itemListElement":[{"@type":"ListItem","position":1,"name":"Home","item":"https:\/\/telium.io\/de\/startseite\/"},{"@type":"ListItem","position":2,"name":"Hohe Verf\u00fcgbarkeit f\u00fcr Asterisk","item":"https:\/\/telium.io\/de\/hohe-verfuegbarkeit-fuer-asterisk\/"},{"@type":"ListItem","position":3,"name":"FreePBX HA"}]},{"@type":"WebSite","@id":"https:\/\/telium.io\/de\/#website","url":"https:\/\/telium.io\/de\/","name":"Telium","description":"Telefonie und Telematik","publisher":{"@id":"https:\/\/telium.io\/de\/#organization"},"potentialAction":[{"@type":"SearchAction","target":{"@type":"EntryPoint","urlTemplate":"https:\/\/telium.io\/de\/?s={search_term_string}"},"query-input":{"@type":"PropertyValueSpecification","valueRequired":true,"valueName":"search_term_string"}}],"inLanguage":"de-DE"},{"@type":"Organization","@id":"https:\/\/telium.io\/de\/#organization","name":"Telium","url":"https:\/\/telium.io\/de\/","logo":{"@type":"ImageObject","inLanguage":"de-DE","@id":"https:\/\/telium.io\/de\/#\/schema\/logo\/image\/","url":"https:\/\/telium.io\/wp-content\/uploads\/sites\/6\/2020\/01\/logo_o_800x800.png","contentUrl":"https:\/\/telium.io\/wp-content\/uploads\/sites\/6\/2020\/01\/logo_o_800x800.png","width":800,"height":800,"caption":"Telium"},"image":{"@id":"https:\/\/telium.io\/de\/#\/schema\/logo\/image\/"},"sameAs":["https:\/\/www.facebook.com\/pages\/category\/Telecommunication-Company\/Telium-1581395458787072\/","https:\/\/x.com\/telium_io","https:\/\/ca.linkedin.com\/company\/telium"]}]}},"_links":{"self":[{"href":"https:\/\/telium.io\/de\/wp-json\/wp\/v2\/pages\/9737","targetHints":{"allow":["GET"]}}],"collection":[{"href":"https:\/\/telium.io\/de\/wp-json\/wp\/v2\/pages"}],"about":[{"href":"https:\/\/telium.io\/de\/wp-json\/wp\/v2\/types\/page"}],"author":[{"embeddable":true,"href":"https:\/\/telium.io\/de\/wp-json\/wp\/v2\/users\/4"}],"replies":[{"embeddable":true,"href":"https:\/\/telium.io\/de\/wp-json\/wp\/v2\/comments?post=9737"}],"version-history":[{"count":1,"href":"https:\/\/telium.io\/de\/wp-json\/wp\/v2\/pages\/9737\/revisions"}],"predecessor-version":[{"id":9738,"href":"https:\/\/telium.io\/de\/wp-json\/wp\/v2\/pages\/9737\/revisions\/9738"}],"up":[{"embeddable":true,"href":"https:\/\/telium.io\/de\/wp-json\/wp\/v2\/pages\/9450"}],"wp:attachment":[{"href":"https:\/\/telium.io\/de\/wp-json\/wp\/v2\/media?parent=9737"}],"curies":[{"name":"wp","href":"https:\/\/api.w.org\/{rel}","templated":true}]}}