{"id":9727,"date":"2020-01-19T10:02:24","date_gmt":"2020-01-19T15:02:24","guid":{"rendered":"https:\/\/new.telium.io\/hohe-verfuegbarkeit-fuer-asterisk\/geschuetzte-gesundheitsinformationen\/"},"modified":"2024-04-24T11:57:27","modified_gmt":"2024-04-24T16:57:27","slug":"geschuetzte-gesundheitsinformationen","status":"publish","type":"page","link":"https:\/\/telium.io\/de\/hohe-verfuegbarkeit-fuer-asterisk\/geschuetzte-gesundheitsinformationen\/","title":{"rendered":"Gesch\u00fctzte Gesundheitsinformationen"},"content":{"rendered":"<p><div class=\"fusion-fullwidth fullwidth-box fusion-builder-row-1 fusion-parallax-none nonhundred-percent-fullwidth non-hundred-percent-height-scrolling fusion-no-small-visibility lazyload headerheight\" style=\"--awb-border-radius-top-left:0px;--awb-border-radius-top-right:0px;--awb-border-radius-bottom-right:0px;--awb-border-radius-bottom-left:0px;--awb-padding-top:0px;--awb-padding-bottom:0px;--awb-margin-top:0px;--awb-margin-bottom:0px;--awb-background-color:#000000;--awb-background-size:cover;--awb-flex-wrap:wrap;\" data-bg=\"https:\/\/telium.io\/wp-content\/uploads\/sites\/6\/2020\/01\/banner-stethescope2.jpg\" ><div class=\"fusion-builder-row fusion-row\"><div class=\"fusion-layout-column fusion_builder_column fusion-builder-column-0 fusion_builder_column_1_4 1_4 fusion-one-fourth fusion-column-first fusion-no-small-visibility fusion-no-medium-visibility\" style=\"--awb-padding-top:125px;--awb-bg-size:cover;width:25%;width:calc(25% - ( ( 4% ) * 0.25 ) );margin-right: 4%;\"><div class=\"fusion-column-wrapper fusion-column-has-shadow fusion-flex-column-wrapper-legacy\"><div class=\"fusion-image-element in-legacy-container\" style=\"--awb-caption-title-font-family:var(--h2_typography-font-family);--awb-caption-title-font-weight:var(--h2_typography-font-weight);--awb-caption-title-font-style:var(--h2_typography-font-style);--awb-caption-title-size:var(--h2_typography-font-size);--awb-caption-title-transform:var(--h2_typography-text-transform);--awb-caption-title-line-height:var(--h2_typography-line-height);--awb-caption-title-letter-spacing:var(--h2_typography-letter-spacing);\"><span class=\" fusion-imageframe imageframe-none imageframe-1 hover-type-none\"><img decoding=\"async\" width=\"353\" height=\"425\" title=\"HAAst-schild4\" src=\"https:\/\/telium.io\/wp-content\/uploads\/sites\/6\/2020\/02\/haast-shield4.png\" data-orig-src=\"https:\/\/telium.io\/wp-content\/uploads\/sites\/6\/2020\/02\/haast-shield4.png\" alt class=\"lazyload img-responsive wp-image-10023\" srcset=\"data:image\/svg+xml,%3Csvg%20xmlns%3D%27http%3A%2F%2Fwww.w3.org%2F2000%2Fsvg%27%20width%3D%27353%27%20height%3D%27425%27%20viewBox%3D%270%200%20353%20425%27%3E%3Crect%20width%3D%27353%27%20height%3D%27425%27%20fill-opacity%3D%220%22%2F%3E%3C%2Fsvg%3E\" data-srcset=\"https:\/\/telium.io\/wp-content\/uploads\/sites\/6\/2020\/02\/haast-shield4-200x241.png 200w, https:\/\/telium.io\/wp-content\/uploads\/sites\/6\/2020\/02\/haast-shield4.png 353w\" data-sizes=\"auto\" data-orig-sizes=\"(max-width: 1024px) 100vw, 353px\" \/><\/span><\/div><div class=\"fusion-clearfix\"><\/div><\/div><\/div><div class=\"fusion-layout-column fusion_builder_column fusion-builder-column-1 fusion_builder_column_3_4 3_4 fusion-three-fourth fusion-column-last fusion-animated\" style=\"--awb-padding-top:50px;--awb-bg-size:cover;--awb-margin-top:0px;--awb-margin-bottom:0px;width:75%;width:calc(75% - ( ( 4% ) * 0.75 ) );\" data-animationType=\"zoomIn\" data-animationDuration=\"0.9\" data-animationOffset=\"top-into-view\"><div class=\"fusion-column-wrapper fusion-column-has-shadow fusion-flex-column-wrapper-legacy\"><div class=\"fusion-sep-clear\"><\/div><div class=\"fusion-separator fusion-no-small-visibility fusion-no-medium-visibility fusion-full-width-sep\" style=\"margin-left: auto;margin-right: auto;margin-bottom:50px;width:100%;\"><\/div><div class=\"fusion-sep-clear\"><\/div><div class=\"fusion-title title fusion-title-1 fusion-sep-none fusion-title-text fusion-title-size-one\" style=\"--awb-margin-bottom:0px;--awb-margin-top-small:0px;--awb-margin-right-small:0px;--awb-margin-bottom-small:20px;--awb-margin-left-small:0px;\"><h1 class=\"fusion-title-heading title-heading-right fusion-responsive-typography-calculated\" style=\"margin:0;--fontSize:40;line-height:1.4;\"><span style=\"color: #ffffff; font-size: 36px; font-family: Tahoma, Verdana, Geneva, sans-serif;\">Hohe Verf\u00fcgbarkeit f\u00fcr Asterisk<\/span><\/h1><\/div><div class=\"fusion-title title fusion-title-2 fusion-sep-none fusion-title-text fusion-title-size-four\" style=\"--awb-text-color:#ff9900;--awb-margin-top:0px;--awb-margin-top-small:0px;--awb-margin-right-small:0px;--awb-margin-bottom-small:20px;--awb-margin-left-small:0px;--awb-font-size:18px;\"><h4 class=\"fusion-title-heading title-heading-right fusion-responsive-typography-calculated\" style=\"margin:0;font-size:1em;--fontSize:18;--minFontSize:18;line-height:1.67;\"><strong><span style=\"color: #ff6600; font-size: 18px; font-family: Tahoma, Verdana, Geneva, sans-serif;\">Gesch\u00fctzte Gesundheitsinformationen<\/span><\/strong><\/h4><\/div><div class=\"fusion-clearfix\"><\/div><\/div><\/div><\/div><\/div><div class=\"fusion-fullwidth fullwidth-box fusion-builder-row-2 fusion-parallax-none nonhundred-percent-fullwidth non-hundred-percent-height-scrolling fusion-equal-height-columns fusion-no-medium-visibility fusion-no-large-visibility lazyload\" style=\"--awb-border-color:#ff6600;--awb-border-radius-top-left:0px;--awb-border-radius-top-right:0px;--awb-border-radius-bottom-right:0px;--awb-border-radius-bottom-left:0px;--awb-padding-top:0px;--awb-padding-right:0px;--awb-padding-bottom:0px;--awb-padding-left:0px;--awb-margin-top:0px;--awb-margin-bottom:0px;--awb-background-size:cover;--awb-border-sizes-top:0px;--awb-border-sizes-bottom:0px;--awb-flex-wrap:wrap;\" data-bg=\"https:\/\/telium.io\/wp-content\/uploads\/sites\/6\/2020\/01\/banner-stethescope2-1024x341.jpg\" ><div class=\"fusion-builder-row fusion-row\"><div class=\"fusion-layout-column fusion_builder_column fusion-builder-column-2 fusion_builder_column_1_1 1_1 fusion-one-full fusion-column-first fusion-column-last mobileheader\" style=\"--awb-bg-size:cover;--awb-margin-top:0px;--awb-margin-bottom:0px;\"><div class=\"fusion-column-wrapper fusion-column-has-shadow fusion-flex-column-wrapper-legacy\"><div class=\"fusion-column-content-centered\"><div class=\"fusion-column-content\"><div class=\"fusion-title title fusion-title-3 fusion-no-medium-visibility fusion-no-large-visibility fusion-title-center fusion-title-text fusion-title-size-one mobilebreadcrumb\" style=\"--awb-text-color:#cfcfcf;--awb-margin-top:0px;--awb-margin-bottom:0px;--awb-margin-top-small:1em;--awb-margin-right-small:0px;--awb-margin-bottom-small:1em;--awb-margin-left-small:0px;--awb-font-size:150%;\"><div class=\"title-sep-container title-sep-container-left\"><div class=\"title-sep sep- sep-solid\" style=\"border-color:#e0dede;\"><\/div><\/div><span class=\"awb-title-spacer\"><\/span><h1 class=\"fusion-title-heading title-heading-center fusion-responsive-typography-calculated\" style=\"margin:0;font-size:1em;--fontSize:25.5;line-height:1.4;\">HAAST<\/h1><span class=\"awb-title-spacer\"><\/span><div class=\"title-sep-container title-sep-container-right\"><div class=\"title-sep sep- sep-solid\" style=\"border-color:#e0dede;\"><\/div><\/div><\/div><div class=\"fusion-text fusion-text-1\"><p><span style=\"color: #cfcfcf; font-size: 150%;\">\u00bb<\/span><\/p>\n<\/div><div class=\"fusion-title title fusion-title-4 fusion-no-medium-visibility fusion-no-large-visibility fusion-title-center fusion-title-text fusion-title-size-two mobilebreadcrumb\" style=\"--awb-text-color:#ff6600;--awb-margin-top:0px;--awb-margin-bottom:0px;--awb-margin-top-small:1em;--awb-margin-right-small:0px;--awb-margin-bottom-small:1em;--awb-margin-left-small:0px;--awb-font-size:150%;\"><div class=\"title-sep-container title-sep-container-left\"><div class=\"title-sep sep- sep-solid\" style=\"border-color:#e0dede;\"><\/div><\/div><span class=\"awb-title-spacer\"><\/span><h2 class=\"fusion-title-heading title-heading-center fusion-responsive-typography-calculated\" style=\"margin:0;font-size:1em;--fontSize:25.5;line-height:1.5;\">PHI<\/h2><span class=\"awb-title-spacer\"><\/span><div class=\"title-sep-container title-sep-container-right\"><div class=\"title-sep sep- sep-solid\" style=\"border-color:#e0dede;\"><\/div><\/div><\/div><\/div><\/div><div class=\"fusion-clearfix\"><\/div><\/div><\/div><\/div><\/div><div class=\"fusion-fullwidth fullwidth-box fusion-builder-row-3 nonhundred-percent-fullwidth non-hundred-percent-height-scrolling\" style=\"--awb-border-radius-top-left:0px;--awb-border-radius-top-right:0px;--awb-border-radius-bottom-right:0px;--awb-border-radius-bottom-left:0px;--awb-margin-bottom:20px;--awb-flex-wrap:wrap;\" ><div class=\"fusion-builder-row fusion-row\"><div class=\"fusion-layout-column fusion_builder_column fusion-builder-column-3 fusion_builder_column_1_1 1_1 fusion-one-full fusion-column-first fusion-column-last fusion-no-small-visibility fusion-no-medium-visibility\" style=\"--awb-bg-size:cover;\"><div class=\"fusion-column-wrapper fusion-column-has-shadow fusion-flex-column-wrapper-legacy\"><div class=\"fusion-clearfix\"><\/div><\/div><\/div><div class=\"fusion-layout-column fusion_builder_column fusion-builder-column-4 fusion_builder_column_1_1 1_1 fusion-one-full fusion-column-first fusion-column-last\" style=\"--awb-bg-size:cover;--awb-margin-top:20px;\"><div class=\"fusion-column-wrapper fusion-column-has-shadow fusion-flex-column-wrapper-legacy\"><div class=\"fusion-title title fusion-title-5 fusion-title-text fusion-title-size-two\" style=\"--awb-margin-top:0px;--awb-margin-top-small:0px;--awb-margin-right-small:0px;--awb-margin-bottom-small:20px;--awb-margin-left-small:0px;\"><h2 class=\"fusion-title-heading title-heading-left fusion-responsive-typography-calculated\" style=\"margin:0;--fontSize:36;line-height:1.5;\">PHI Designated Material und PBX High Availability<\/h2><span class=\"awb-title-spacer\"><\/span><div class=\"title-sep-container\"><div class=\"title-sep sep- sep-solid\" style=\"border-color:#e0dede;\"><\/div><\/div><\/div><div class=\"fusion-text fusion-text-2 awb-text-cols fusion-text-columns-2\" style=\"--awb-columns:2;--awb-column-spacing:4em;--awb-column-min-width:400px;\"><p>IT-Experten im Gesundheitswesen wissen seit langem, dass Informationen, die auf ihren Telefonsystemen (PBX) gespeichert sind, als gesch\u00fctzte Gesundheitsinformationen (Protected Health Information, PHI) bezeichnet werden k\u00f6nnen. Eine Nachricht, die einem Arzt oder dessen Mitarbeitern hinterlassen wird, kann die Identit\u00e4t eines Patienten, Details zu seiner Krankheit oder Behandlung usw. enthalten. In den meisten L\u00e4ndern gibt es Bundes- und Landes-\/Provinzgesetze, die das Schutzniveau festlegen, das diese Art von Informationen gew\u00e4hrt werden muss (einschlie\u00dflich HIPAA in den USA, PHIPA in Kanada, PDPA in Singapur usw.), und die Aufmerksamkeit konzentriert sich nun auf PHI, die in der PBX enthalten ist.<\/p>\n<p>Gleichzeitig \u00fcbernehmen viele Gesundheitseinrichtungen die von Asteriskbasierenden Open Source VoIP-PbX und schaffen kosteng\u00fcnstige und funktionsreiche Telefonieumgebungen. Da PBX-Operationen das \u00dcberleben von Patienten beeintr\u00e4chtigen k\u00f6nnen, implementieren dieselben Einrichtungen auch Hochverf\u00fcgbarkeit (Clustering), um eine maximale PBX-Verf\u00fcgbarkeit zu gew\u00e4hrleisten. Clustering impliziert jedoch, dass Daten zwischen zwei PBX-Knoten verschoben werden m\u00fcssen, einschlie\u00dflich Voicemails, Anrufernamen und Telefonnummerndaten, Anrufprotokollen usw. (d. h. ePHI w\u00e4hrend der \u00dcbertragung). Dies wiederum setzt die PBX der einhaltung der PHI-Vorschriften aus.<\/p>\n<p>Das Produkt High Availability for Asterisk (HAast) von Telium erstellt einen PBX-Cluster, mit dem Ihre Telefonieumgebung mit den lokalen PHI-Vorschriften konform wird. Von der 256-Bit-Verschl\u00fcsselung des Datenverkehrs zwischen Knoten bis hin zum Schutz von Anmeldeinformationen im Arbeitsspeicher und mehr. Erfahren Sie, warum HAAst das Hochverf\u00fcgbarkeitsprodukt der Wahl f\u00fcr Gesundheitsumgebungen ist.<\/p>\n<\/div><div class=\"fusion-clearfix\"><\/div><\/div><\/div><\/div><\/div><\/p>\n","protected":false},"excerpt":{"rendered":"","protected":false},"author":4,"featured_media":0,"parent":9450,"menu_order":0,"comment_status":"closed","ping_status":"closed","template":"100-width.php","meta":{"_bbp_topic_count":0,"_bbp_reply_count":0,"_bbp_total_topic_count":0,"_bbp_total_reply_count":0,"_bbp_voice_count":0,"_bbp_anonymous_reply_count":0,"_bbp_topic_count_hidden":0,"_bbp_reply_count_hidden":0,"_bbp_forum_subforum_count":0,"footnotes":""},"class_list":["post-9727","page","type-page","status-publish","hentry"],"yoast_head":"<!-- This site is optimized with the Yoast SEO plugin v27.5 - https:\/\/yoast.com\/product\/yoast-seo-wordpress\/ -->\n<title>Gesch\u00fctzte Gesundheitsinformationen - Hohe Verf\u00fcgbarkeit f\u00fcr Asterisk - Telium<\/title>\n<meta name=\"description\" content=\"Voicemails, die von einer Telefonanlage gehalten werden, k\u00f6nnen als PHI bezeichnet werden. PBX-Hochverf\u00fcgbarkeitssoftware muss ber\u00fccksichtigen, wie Voicemails zwischen Clusterknoten verschoben werden.\" \/>\n<meta name=\"robots\" content=\"index, follow, max-snippet:-1, max-image-preview:large, max-video-preview:-1\" \/>\n<link rel=\"canonical\" href=\"https:\/\/telium.io\/de\/hohe-verfuegbarkeit-fuer-asterisk\/geschuetzte-gesundheitsinformationen\/\" \/>\n<meta property=\"og:locale\" content=\"de_DE\" \/>\n<meta property=\"og:type\" content=\"article\" \/>\n<meta property=\"og:title\" content=\"Gesch\u00fctzte Gesundheitsinformationen - Hohe Verf\u00fcgbarkeit f\u00fcr Asterisk - Telium\" \/>\n<meta property=\"og:description\" content=\"Voicemails, die von einer Telefonanlage gehalten werden, k\u00f6nnen als PHI bezeichnet werden. PBX-Hochverf\u00fcgbarkeitssoftware muss ber\u00fccksichtigen, wie Voicemails zwischen Clusterknoten verschoben werden.\" \/>\n<meta property=\"og:url\" content=\"https:\/\/telium.io\/de\/hohe-verfuegbarkeit-fuer-asterisk\/geschuetzte-gesundheitsinformationen\/\" \/>\n<meta property=\"og:site_name\" content=\"Telium\" \/>\n<meta property=\"article:publisher\" content=\"https:\/\/www.facebook.com\/pages\/category\/Telecommunication-Company\/Telium-1581395458787072\/\" \/>\n<meta property=\"article:modified_time\" content=\"2024-04-24T16:57:27+00:00\" \/>\n<meta name=\"twitter:card\" content=\"summary_large_image\" \/>\n<meta name=\"twitter:site\" content=\"@telium_io\" \/>\n<meta name=\"twitter:label1\" content=\"Est. reading time\" \/>\n\t<meta name=\"twitter:data1\" content=\"11 minutes\" \/>\n<script type=\"application\/ld+json\" class=\"yoast-schema-graph\">{\"@context\":\"https:\\\/\\\/schema.org\",\"@graph\":[{\"@type\":\"WebPage\",\"@id\":\"https:\\\/\\\/telium.io\\\/de\\\/hohe-verfuegbarkeit-fuer-asterisk\\\/geschuetzte-gesundheitsinformationen\\\/\",\"url\":\"https:\\\/\\\/telium.io\\\/de\\\/hohe-verfuegbarkeit-fuer-asterisk\\\/geschuetzte-gesundheitsinformationen\\\/\",\"name\":\"Gesch\u00fctzte Gesundheitsinformationen - Hohe Verf\u00fcgbarkeit f\u00fcr Asterisk - Telium\",\"isPartOf\":{\"@id\":\"https:\\\/\\\/telium.io\\\/de\\\/#website\"},\"datePublished\":\"2020-01-19T15:02:24+00:00\",\"dateModified\":\"2024-04-24T16:57:27+00:00\",\"description\":\"Voicemails, die von einer Telefonanlage gehalten werden, k\u00f6nnen als PHI bezeichnet werden. PBX-Hochverf\u00fcgbarkeitssoftware muss ber\u00fccksichtigen, wie Voicemails zwischen Clusterknoten verschoben werden.\",\"breadcrumb\":{\"@id\":\"https:\\\/\\\/telium.io\\\/de\\\/hohe-verfuegbarkeit-fuer-asterisk\\\/geschuetzte-gesundheitsinformationen\\\/#breadcrumb\"},\"inLanguage\":\"de-DE\",\"potentialAction\":[{\"@type\":\"ReadAction\",\"target\":[\"https:\\\/\\\/telium.io\\\/de\\\/hohe-verfuegbarkeit-fuer-asterisk\\\/geschuetzte-gesundheitsinformationen\\\/\"]}]},{\"@type\":\"BreadcrumbList\",\"@id\":\"https:\\\/\\\/telium.io\\\/de\\\/hohe-verfuegbarkeit-fuer-asterisk\\\/geschuetzte-gesundheitsinformationen\\\/#breadcrumb\",\"itemListElement\":[{\"@type\":\"ListItem\",\"position\":1,\"name\":\"Home\",\"item\":\"https:\\\/\\\/telium.io\\\/de\\\/startseite\\\/\"},{\"@type\":\"ListItem\",\"position\":2,\"name\":\"Hohe Verf\u00fcgbarkeit f\u00fcr Asterisk\",\"item\":\"https:\\\/\\\/telium.io\\\/de\\\/hohe-verfuegbarkeit-fuer-asterisk\\\/\"},{\"@type\":\"ListItem\",\"position\":3,\"name\":\"Gesch\u00fctzte Gesundheitsinformationen\"}]},{\"@type\":\"WebSite\",\"@id\":\"https:\\\/\\\/telium.io\\\/de\\\/#website\",\"url\":\"https:\\\/\\\/telium.io\\\/de\\\/\",\"name\":\"Telium\",\"description\":\"Telefonie und Telematik\",\"publisher\":{\"@id\":\"https:\\\/\\\/telium.io\\\/de\\\/#organization\"},\"potentialAction\":[{\"@type\":\"SearchAction\",\"target\":{\"@type\":\"EntryPoint\",\"urlTemplate\":\"https:\\\/\\\/telium.io\\\/de\\\/?s={search_term_string}\"},\"query-input\":{\"@type\":\"PropertyValueSpecification\",\"valueRequired\":true,\"valueName\":\"search_term_string\"}}],\"inLanguage\":\"de-DE\"},{\"@type\":\"Organization\",\"@id\":\"https:\\\/\\\/telium.io\\\/de\\\/#organization\",\"name\":\"Telium\",\"url\":\"https:\\\/\\\/telium.io\\\/de\\\/\",\"logo\":{\"@type\":\"ImageObject\",\"inLanguage\":\"de-DE\",\"@id\":\"https:\\\/\\\/telium.io\\\/de\\\/#\\\/schema\\\/logo\\\/image\\\/\",\"url\":\"https:\\\/\\\/telium.io\\\/wp-content\\\/uploads\\\/sites\\\/6\\\/2020\\\/01\\\/logo_o_800x800.png\",\"contentUrl\":\"https:\\\/\\\/telium.io\\\/wp-content\\\/uploads\\\/sites\\\/6\\\/2020\\\/01\\\/logo_o_800x800.png\",\"width\":800,\"height\":800,\"caption\":\"Telium\"},\"image\":{\"@id\":\"https:\\\/\\\/telium.io\\\/de\\\/#\\\/schema\\\/logo\\\/image\\\/\"},\"sameAs\":[\"https:\\\/\\\/www.facebook.com\\\/pages\\\/category\\\/Telecommunication-Company\\\/Telium-1581395458787072\\\/\",\"https:\\\/\\\/x.com\\\/telium_io\",\"https:\\\/\\\/ca.linkedin.com\\\/company\\\/telium\"]}]}<\/script>\n<!-- \/ Yoast SEO plugin. -->","yoast_head_json":{"title":"Gesch\u00fctzte Gesundheitsinformationen - Hohe Verf\u00fcgbarkeit f\u00fcr Asterisk - Telium","description":"Voicemails, die von einer Telefonanlage gehalten werden, k\u00f6nnen als PHI bezeichnet werden. PBX-Hochverf\u00fcgbarkeitssoftware muss ber\u00fccksichtigen, wie Voicemails zwischen Clusterknoten verschoben werden.","robots":{"index":"index","follow":"follow","max-snippet":"max-snippet:-1","max-image-preview":"max-image-preview:large","max-video-preview":"max-video-preview:-1"},"canonical":"https:\/\/telium.io\/de\/hohe-verfuegbarkeit-fuer-asterisk\/geschuetzte-gesundheitsinformationen\/","og_locale":"de_DE","og_type":"article","og_title":"Gesch\u00fctzte Gesundheitsinformationen - Hohe Verf\u00fcgbarkeit f\u00fcr Asterisk - Telium","og_description":"Voicemails, die von einer Telefonanlage gehalten werden, k\u00f6nnen als PHI bezeichnet werden. PBX-Hochverf\u00fcgbarkeitssoftware muss ber\u00fccksichtigen, wie Voicemails zwischen Clusterknoten verschoben werden.","og_url":"https:\/\/telium.io\/de\/hohe-verfuegbarkeit-fuer-asterisk\/geschuetzte-gesundheitsinformationen\/","og_site_name":"Telium","article_publisher":"https:\/\/www.facebook.com\/pages\/category\/Telecommunication-Company\/Telium-1581395458787072\/","article_modified_time":"2024-04-24T16:57:27+00:00","twitter_card":"summary_large_image","twitter_site":"@telium_io","twitter_misc":{"Est. reading time":"11 minutes"},"schema":{"@context":"https:\/\/schema.org","@graph":[{"@type":"WebPage","@id":"https:\/\/telium.io\/de\/hohe-verfuegbarkeit-fuer-asterisk\/geschuetzte-gesundheitsinformationen\/","url":"https:\/\/telium.io\/de\/hohe-verfuegbarkeit-fuer-asterisk\/geschuetzte-gesundheitsinformationen\/","name":"Gesch\u00fctzte Gesundheitsinformationen - Hohe Verf\u00fcgbarkeit f\u00fcr Asterisk - Telium","isPartOf":{"@id":"https:\/\/telium.io\/de\/#website"},"datePublished":"2020-01-19T15:02:24+00:00","dateModified":"2024-04-24T16:57:27+00:00","description":"Voicemails, die von einer Telefonanlage gehalten werden, k\u00f6nnen als PHI bezeichnet werden. PBX-Hochverf\u00fcgbarkeitssoftware muss ber\u00fccksichtigen, wie Voicemails zwischen Clusterknoten verschoben werden.","breadcrumb":{"@id":"https:\/\/telium.io\/de\/hohe-verfuegbarkeit-fuer-asterisk\/geschuetzte-gesundheitsinformationen\/#breadcrumb"},"inLanguage":"de-DE","potentialAction":[{"@type":"ReadAction","target":["https:\/\/telium.io\/de\/hohe-verfuegbarkeit-fuer-asterisk\/geschuetzte-gesundheitsinformationen\/"]}]},{"@type":"BreadcrumbList","@id":"https:\/\/telium.io\/de\/hohe-verfuegbarkeit-fuer-asterisk\/geschuetzte-gesundheitsinformationen\/#breadcrumb","itemListElement":[{"@type":"ListItem","position":1,"name":"Home","item":"https:\/\/telium.io\/de\/startseite\/"},{"@type":"ListItem","position":2,"name":"Hohe Verf\u00fcgbarkeit f\u00fcr Asterisk","item":"https:\/\/telium.io\/de\/hohe-verfuegbarkeit-fuer-asterisk\/"},{"@type":"ListItem","position":3,"name":"Gesch\u00fctzte Gesundheitsinformationen"}]},{"@type":"WebSite","@id":"https:\/\/telium.io\/de\/#website","url":"https:\/\/telium.io\/de\/","name":"Telium","description":"Telefonie und Telematik","publisher":{"@id":"https:\/\/telium.io\/de\/#organization"},"potentialAction":[{"@type":"SearchAction","target":{"@type":"EntryPoint","urlTemplate":"https:\/\/telium.io\/de\/?s={search_term_string}"},"query-input":{"@type":"PropertyValueSpecification","valueRequired":true,"valueName":"search_term_string"}}],"inLanguage":"de-DE"},{"@type":"Organization","@id":"https:\/\/telium.io\/de\/#organization","name":"Telium","url":"https:\/\/telium.io\/de\/","logo":{"@type":"ImageObject","inLanguage":"de-DE","@id":"https:\/\/telium.io\/de\/#\/schema\/logo\/image\/","url":"https:\/\/telium.io\/wp-content\/uploads\/sites\/6\/2020\/01\/logo_o_800x800.png","contentUrl":"https:\/\/telium.io\/wp-content\/uploads\/sites\/6\/2020\/01\/logo_o_800x800.png","width":800,"height":800,"caption":"Telium"},"image":{"@id":"https:\/\/telium.io\/de\/#\/schema\/logo\/image\/"},"sameAs":["https:\/\/www.facebook.com\/pages\/category\/Telecommunication-Company\/Telium-1581395458787072\/","https:\/\/x.com\/telium_io","https:\/\/ca.linkedin.com\/company\/telium"]}]}},"_links":{"self":[{"href":"https:\/\/telium.io\/de\/wp-json\/wp\/v2\/pages\/9727","targetHints":{"allow":["GET"]}}],"collection":[{"href":"https:\/\/telium.io\/de\/wp-json\/wp\/v2\/pages"}],"about":[{"href":"https:\/\/telium.io\/de\/wp-json\/wp\/v2\/types\/page"}],"author":[{"embeddable":true,"href":"https:\/\/telium.io\/de\/wp-json\/wp\/v2\/users\/4"}],"replies":[{"embeddable":true,"href":"https:\/\/telium.io\/de\/wp-json\/wp\/v2\/comments?post=9727"}],"version-history":[{"count":16,"href":"https:\/\/telium.io\/de\/wp-json\/wp\/v2\/pages\/9727\/revisions"}],"predecessor-version":[{"id":18026,"href":"https:\/\/telium.io\/de\/wp-json\/wp\/v2\/pages\/9727\/revisions\/18026"}],"up":[{"embeddable":true,"href":"https:\/\/telium.io\/de\/wp-json\/wp\/v2\/pages\/9450"}],"wp:attachment":[{"href":"https:\/\/telium.io\/de\/wp-json\/wp\/v2\/media?parent=9727"}],"curies":[{"name":"wp","href":"https:\/\/api.w.org\/{rel}","templated":true}]}}