{"id":9412,"date":"2019-09-24T14:12:35","date_gmt":"2019-09-24T19:12:35","guid":{"rendered":"https:\/\/new.telium.io\/fehler-404\/"},"modified":"2020-03-05T16:31:11","modified_gmt":"2020-03-05T21:31:11","slug":"fehler-404","status":"publish","type":"page","link":"https:\/\/telium.io\/de\/fehler-404\/","title":{"rendered":"Fehler 404"},"content":{"rendered":"<p><div class=\"fusion-fullwidth fullwidth-box fusion-builder-row-1 fusion-parallax-none nonhundred-percent-fullwidth non-hundred-percent-height-scrolling fusion-no-small-visibility lazyload headerheight\" style=\"--awb-background-position:right center;--awb-border-radius-top-left:0px;--awb-border-radius-top-right:0px;--awb-border-radius-bottom-right:0px;--awb-border-radius-bottom-left:0px;--awb-padding-top:0px;--awb-padding-bottom:0px;--awb-margin-top:0px;--awb-margin-bottom:0px;--awb-background-color:#eeeeee;--awb-background-size:cover;--awb-flex-wrap:wrap;\" data-bg=\"https:\/\/telium.io\/wp-content\/uploads\/sites\/6\/2020\/01\/banner-binary.jpg\" ><div class=\"fusion-builder-row fusion-row\"><div class=\"fusion-layout-column fusion_builder_column fusion-builder-column-0 fusion_builder_column_1_3 1_3 fusion-one-third fusion-column-first fusion-no-small-visibility fusion-no-medium-visibility\" style=\"--awb-padding-top:125px;--awb-bg-size:cover;--awb-margin-top:0px;--awb-margin-bottom:0px;width:33.333333333333%;width:calc(33.333333333333% - ( ( 4% ) * 0.33333333333333 ) );margin-right: 4%;\"><div class=\"fusion-column-wrapper fusion-column-has-shadow fusion-flex-column-wrapper-legacy\"><div class=\"fusion-image-element in-legacy-container\" style=\"--awb-caption-title-font-family:var(--h2_typography-font-family);--awb-caption-title-font-weight:var(--h2_typography-font-weight);--awb-caption-title-font-style:var(--h2_typography-font-style);--awb-caption-title-size:var(--h2_typography-font-size);--awb-caption-title-transform:var(--h2_typography-text-transform);--awb-caption-title-line-height:var(--h2_typography-line-height);--awb-caption-title-letter-spacing:var(--h2_typography-letter-spacing);\"><span class=\" fusion-imageframe imageframe-none imageframe-1 hover-type-none\"><img decoding=\"async\" width=\"228\" height=\"200\" title=\"warning-sign-traffic-sign-exclamation-mark-clip-art\" src=\"https:\/\/telium.io\/wp-content\/uploads\/sites\/6\/2020\/01\/warning-sign-traffic-sign-exclamation-mark-clip-art.png\" data-orig-src=\"https:\/\/telium.io\/wp-content\/uploads\/sites\/6\/2020\/01\/warning-sign-traffic-sign-exclamation-mark-clip-art.png\" alt class=\"lazyload img-responsive wp-image-8981\" srcset=\"data:image\/svg+xml,%3Csvg%20xmlns%3D%27http%3A%2F%2Fwww.w3.org%2F2000%2Fsvg%27%20width%3D%27228%27%20height%3D%27200%27%20viewBox%3D%270%200%20228%20200%27%3E%3Crect%20width%3D%27228%27%20height%3D%27200%27%20fill-opacity%3D%220%22%2F%3E%3C%2Fsvg%3E\" data-srcset=\"https:\/\/telium.io\/wp-content\/uploads\/sites\/6\/2020\/01\/warning-sign-traffic-sign-exclamation-mark-clip-art-200x175.png 200w, https:\/\/telium.io\/wp-content\/uploads\/sites\/6\/2020\/01\/warning-sign-traffic-sign-exclamation-mark-clip-art.png 228w\" data-sizes=\"auto\" data-orig-sizes=\"(max-width: 1024px) 100vw, 228px\" \/><\/span><\/div><div class=\"fusion-clearfix\"><\/div><\/div><\/div><div class=\"fusion-layout-column fusion_builder_column fusion-builder-column-1 fusion_builder_column_2_3 2_3 fusion-two-third fusion-column-last fusion-animated\" style=\"--awb-padding-top:50px;--awb-bg-size:cover;--awb-margin-top:0px;--awb-margin-bottom:0px;width:66.666666666667%;width:calc(66.666666666667% - ( ( 4% ) * 0.66666666666667 ) );\" data-animationType=\"zoomIn\" data-animationDuration=\"0.9\" data-animationOffset=\"top-into-view\"><div class=\"fusion-column-wrapper fusion-column-has-shadow fusion-flex-column-wrapper-legacy\"><div class=\"fusion-sep-clear\"><\/div><div class=\"fusion-separator fusion-no-small-visibility fusion-no-medium-visibility fusion-full-width-sep\" style=\"margin-left: auto;margin-right: auto;margin-bottom:50px;width:100%;\"><\/div><div class=\"fusion-sep-clear\"><\/div><div class=\"fusion-title title fusion-title-1 fusion-sep-none fusion-title-text fusion-title-size-one\" style=\"--awb-text-color:#ffffff;--awb-margin-top-small:0px;--awb-margin-right-small:0px;--awb-margin-bottom-small:20px;--awb-margin-left-small:0px;\"><h1 class=\"fusion-title-heading title-heading-right fusion-responsive-typography-calculated\" style=\"margin:0;--fontSize:40;line-height:1.4;\">Fehler<\/h1><\/div><div class=\"fusion-title title fusion-title-2 fusion-title-text fusion-title-size-two\" style=\"--awb-text-color:#ff6600;--awb-margin-top-small:0px;--awb-margin-right-small:0px;--awb-margin-bottom-small:20px;--awb-margin-left-small:0px;--awb-font-size:18px;\"><div class=\"title-sep-container\"><div class=\"title-sep sep- sep-solid\" style=\"border-color:#e0dede;\"><\/div><\/div><span class=\"awb-title-spacer\"><\/span><h2 class=\"fusion-title-heading title-heading-right fusion-responsive-typography-calculated\" style=\"margin:0;font-size:1em;--fontSize:18;--minFontSize:18;line-height:1.5;\"><strong>Seite nicht gefunden<\/strong><\/h2><\/div><div class=\"fusion-clearfix\"><\/div><\/div><\/div><\/div><\/div><div class=\"fusion-fullwidth fullwidth-box fusion-builder-row-2 fusion-parallax-none nonhundred-percent-fullwidth non-hundred-percent-height-scrolling fusion-equal-height-columns fusion-no-medium-visibility fusion-no-large-visibility lazyload\" style=\"--awb-background-position:left top;--awb-border-color:#ff6600;--awb-border-radius-top-left:0px;--awb-border-radius-top-right:0px;--awb-border-radius-bottom-right:0px;--awb-border-radius-bottom-left:0px;--awb-padding-top:0px;--awb-padding-right:0px;--awb-padding-bottom:0px;--awb-padding-left:0px;--awb-margin-top:0px;--awb-margin-bottom:0px;--awb-background-size:cover;--awb-border-sizes-top:0px;--awb-border-sizes-bottom:0px;--awb-flex-wrap:wrap;\" data-bg=\"https:\/\/telium.io\/wp-content\/uploads\/sites\/6\/2020\/01\/banner-binary-1024x329.jpg\" ><div class=\"fusion-builder-row fusion-row\"><div class=\"fusion-layout-column fusion_builder_column fusion-builder-column-2 fusion_builder_column_1_1 1_1 fusion-one-full fusion-column-first fusion-column-last mobileheader\" style=\"--awb-bg-size:cover;--awb-margin-top:0px;--awb-margin-bottom:0px;\"><div class=\"fusion-column-wrapper fusion-column-has-shadow fusion-flex-column-wrapper-legacy\"><div class=\"fusion-column-content-centered\"><div class=\"fusion-column-content\"><div class=\"fusion-title title fusion-title-3 fusion-no-medium-visibility fusion-no-large-visibility fusion-title-center fusion-title-text fusion-title-size-one mobilebreadcrumb\" style=\"--awb-text-color:#cfcfcf;--awb-margin-top:0px;--awb-margin-bottom:0px;--awb-margin-top-small:1em;--awb-margin-right-small:0px;--awb-margin-bottom-small:1em;--awb-margin-left-small:0px;--awb-font-size:150%;\"><div class=\"title-sep-container title-sep-container-left\"><div class=\"title-sep sep- sep-solid\" style=\"border-color:#e0dede;\"><\/div><\/div><span class=\"awb-title-spacer\"><\/span><h1 class=\"fusion-title-heading title-heading-center fusion-responsive-typography-calculated\" style=\"margin:0;font-size:1em;--fontSize:25.5;line-height:1.4;\">FEHLER<\/h1><span class=\"awb-title-spacer\"><\/span><div class=\"title-sep-container title-sep-container-right\"><div class=\"title-sep sep- sep-solid\" style=\"border-color:#e0dede;\"><\/div><\/div><\/div><div class=\"fusion-text fusion-text-1\"><p><span style=\"color: #cfcfcf;font-size: 150%\">\u00bb<\/span><\/p>\n<\/div><div class=\"fusion-title title fusion-title-4 fusion-no-medium-visibility fusion-no-large-visibility fusion-title-center fusion-title-text fusion-title-size-two mobilebreadcrumb\" style=\"--awb-text-color:#ff6600;--awb-margin-top:0px;--awb-margin-bottom:0px;--awb-margin-top-small:1em;--awb-margin-right-small:0px;--awb-margin-bottom-small:1em;--awb-margin-left-small:0px;--awb-font-size:150%;\"><div class=\"title-sep-container title-sep-container-left\"><div class=\"title-sep sep- sep-solid\" style=\"border-color:#e0dede;\"><\/div><\/div><span class=\"awb-title-spacer\"><\/span><h2 class=\"fusion-title-heading title-heading-center fusion-responsive-typography-calculated\" style=\"margin:0;font-size:1em;--fontSize:25.5;line-height:1.5;\">SEITE NICHT GEFUNDEN<\/h2><span class=\"awb-title-spacer\"><\/span><div class=\"title-sep-container title-sep-container-right\"><div class=\"title-sep sep- sep-solid\" style=\"border-color:#e0dede;\"><\/div><\/div><\/div><\/div><\/div><div class=\"fusion-clearfix\"><\/div><\/div><\/div><\/div><\/div><div class=\"fusion-fullwidth fullwidth-box fusion-builder-row-3 nonhundred-percent-fullwidth non-hundred-percent-height-scrolling\" style=\"--awb-background-position:left top;--awb-background-repeat:repeat;--awb-border-radius-top-left:0px;--awb-border-radius-top-right:0px;--awb-border-radius-bottom-right:0px;--awb-border-radius-bottom-left:0px;--awb-padding-top:20px;--awb-padding-bottom:20px;--awb-background-color:#000000;--awb-flex-wrap:wrap;\" ><div class=\"fusion-builder-row fusion-row\"><div class=\"fusion-layout-column fusion_builder_column fusion-builder-column-3 fusion_builder_column_1_1 1_1 fusion-one-full fusion-column-first fusion-column-last\" style=\"--awb-padding-top:20px;--awb-bg-size:cover;\"><div class=\"fusion-column-wrapper fusion-column-has-shadow fusion-flex-column-wrapper-legacy\"><div class=\"fusion-text fusion-text-2\"><p><span style=\"color: #ff6600;font-size: 125%\">Die Seite, auf die Sie zugreifen m\u00f6chten, wurde nicht gefunden. M\u00f6glicherweise wurde die Seite verschoben, oder der Link, auf den Sie geklickt haben, ist veraltet. Bitte \u00fcberpr\u00fcfen Sie die URL oder verwenden Sie das Men\u00fc oben, um die gesuchte Seite zu finden.<\/span><\/p>\n<\/div><div class=\"fusion-clearfix\"><\/div><\/div><\/div><\/div><\/div><\/p>\n","protected":false},"excerpt":{"rendered":"","protected":false},"author":4,"featured_media":0,"parent":0,"menu_order":0,"comment_status":"closed","ping_status":"closed","template":"100-width.php","meta":{"_bbp_topic_count":0,"_bbp_reply_count":0,"_bbp_total_topic_count":0,"_bbp_total_reply_count":0,"_bbp_voice_count":0,"_bbp_anonymous_reply_count":0,"_bbp_topic_count_hidden":0,"_bbp_reply_count_hidden":0,"_bbp_forum_subforum_count":0,"footnotes":""},"class_list":["post-9412","page","type-page","status-publish","hentry"],"yoast_head":"<!-- This site is optimized with the Yoast SEO plugin v27.5 - https:\/\/yoast.com\/product\/yoast-seo-wordpress\/ -->\n<title>Fehler 404 - Telium<\/title>\n<meta name=\"description\" content=\"Die gesuchte Seite wurde nicht gefunden. Bitte \u00fcberpr\u00fcfen Sie die URL, die Sie eingegeben haben, oder klicken Sie auf die Men\u00fcoptionen oben.\" \/>\n<meta name=\"robots\" content=\"noindex, nofollow\" \/>\n<meta property=\"og:locale\" content=\"de_DE\" \/>\n<meta property=\"og:type\" content=\"article\" \/>\n<meta property=\"og:title\" content=\"Fehler 404 - Telium\" \/>\n<meta property=\"og:description\" content=\"Die gesuchte Seite wurde nicht gefunden. Bitte \u00fcberpr\u00fcfen Sie die URL, die Sie eingegeben haben, oder klicken Sie auf die Men\u00fcoptionen oben.\" \/>\n<meta property=\"og:url\" content=\"https:\/\/telium.io\/de\/fehler-404\/\" \/>\n<meta property=\"og:site_name\" content=\"Telium\" \/>\n<meta property=\"article:publisher\" content=\"https:\/\/www.facebook.com\/pages\/category\/Telecommunication-Company\/Telium-1581395458787072\/\" \/>\n<meta property=\"article:modified_time\" content=\"2020-03-05T21:31:11+00:00\" \/>\n<meta name=\"twitter:card\" content=\"summary_large_image\" \/>\n<meta name=\"twitter:site\" content=\"@telium_io\" \/>\n<meta name=\"twitter:label1\" content=\"Est. reading time\" \/>\n\t<meta name=\"twitter:data1\" content=\"9 minutes\" \/>\n<script type=\"application\/ld+json\" class=\"yoast-schema-graph\">{\"@context\":\"https:\\\/\\\/schema.org\",\"@graph\":[{\"@type\":\"WebPage\",\"@id\":\"https:\\\/\\\/telium.io\\\/de\\\/fehler-404\\\/\",\"url\":\"https:\\\/\\\/telium.io\\\/de\\\/fehler-404\\\/\",\"name\":\"Fehler 404 - Telium\",\"isPartOf\":{\"@id\":\"https:\\\/\\\/telium.io\\\/de\\\/#website\"},\"datePublished\":\"2019-09-24T19:12:35+00:00\",\"dateModified\":\"2020-03-05T21:31:11+00:00\",\"description\":\"Die gesuchte Seite wurde nicht gefunden. Bitte \u00fcberpr\u00fcfen Sie die URL, die Sie eingegeben haben, oder klicken Sie auf die Men\u00fcoptionen oben.\",\"breadcrumb\":{\"@id\":\"https:\\\/\\\/telium.io\\\/de\\\/fehler-404\\\/#breadcrumb\"},\"inLanguage\":\"de-DE\",\"potentialAction\":[{\"@type\":\"ReadAction\",\"target\":[\"https:\\\/\\\/telium.io\\\/de\\\/fehler-404\\\/\"]}]},{\"@type\":\"BreadcrumbList\",\"@id\":\"https:\\\/\\\/telium.io\\\/de\\\/fehler-404\\\/#breadcrumb\",\"itemListElement\":[{\"@type\":\"ListItem\",\"position\":1,\"name\":\"Home\",\"item\":\"https:\\\/\\\/telium.io\\\/de\\\/startseite\\\/\"},{\"@type\":\"ListItem\",\"position\":2,\"name\":\"Fehler 404\"}]},{\"@type\":\"WebSite\",\"@id\":\"https:\\\/\\\/telium.io\\\/de\\\/#website\",\"url\":\"https:\\\/\\\/telium.io\\\/de\\\/\",\"name\":\"Telium\",\"description\":\"Telefonie und Telematik\",\"publisher\":{\"@id\":\"https:\\\/\\\/telium.io\\\/de\\\/#organization\"},\"potentialAction\":[{\"@type\":\"SearchAction\",\"target\":{\"@type\":\"EntryPoint\",\"urlTemplate\":\"https:\\\/\\\/telium.io\\\/de\\\/?s={search_term_string}\"},\"query-input\":{\"@type\":\"PropertyValueSpecification\",\"valueRequired\":true,\"valueName\":\"search_term_string\"}}],\"inLanguage\":\"de-DE\"},{\"@type\":\"Organization\",\"@id\":\"https:\\\/\\\/telium.io\\\/de\\\/#organization\",\"name\":\"Telium\",\"url\":\"https:\\\/\\\/telium.io\\\/de\\\/\",\"logo\":{\"@type\":\"ImageObject\",\"inLanguage\":\"de-DE\",\"@id\":\"https:\\\/\\\/telium.io\\\/de\\\/#\\\/schema\\\/logo\\\/image\\\/\",\"url\":\"https:\\\/\\\/telium.io\\\/wp-content\\\/uploads\\\/sites\\\/6\\\/2020\\\/01\\\/logo_o_800x800.png\",\"contentUrl\":\"https:\\\/\\\/telium.io\\\/wp-content\\\/uploads\\\/sites\\\/6\\\/2020\\\/01\\\/logo_o_800x800.png\",\"width\":800,\"height\":800,\"caption\":\"Telium\"},\"image\":{\"@id\":\"https:\\\/\\\/telium.io\\\/de\\\/#\\\/schema\\\/logo\\\/image\\\/\"},\"sameAs\":[\"https:\\\/\\\/www.facebook.com\\\/pages\\\/category\\\/Telecommunication-Company\\\/Telium-1581395458787072\\\/\",\"https:\\\/\\\/x.com\\\/telium_io\",\"https:\\\/\\\/ca.linkedin.com\\\/company\\\/telium\"]}]}<\/script>\n<!-- \/ Yoast SEO plugin. -->","yoast_head_json":{"title":"Fehler 404 - Telium","description":"Die gesuchte Seite wurde nicht gefunden. Bitte \u00fcberpr\u00fcfen Sie die URL, die Sie eingegeben haben, oder klicken Sie auf die Men\u00fcoptionen oben.","robots":{"index":"noindex","follow":"nofollow"},"og_locale":"de_DE","og_type":"article","og_title":"Fehler 404 - Telium","og_description":"Die gesuchte Seite wurde nicht gefunden. Bitte \u00fcberpr\u00fcfen Sie die URL, die Sie eingegeben haben, oder klicken Sie auf die Men\u00fcoptionen oben.","og_url":"https:\/\/telium.io\/de\/fehler-404\/","og_site_name":"Telium","article_publisher":"https:\/\/www.facebook.com\/pages\/category\/Telecommunication-Company\/Telium-1581395458787072\/","article_modified_time":"2020-03-05T21:31:11+00:00","twitter_card":"summary_large_image","twitter_site":"@telium_io","twitter_misc":{"Est. reading time":"9 minutes"},"schema":{"@context":"https:\/\/schema.org","@graph":[{"@type":"WebPage","@id":"https:\/\/telium.io\/de\/fehler-404\/","url":"https:\/\/telium.io\/de\/fehler-404\/","name":"Fehler 404 - Telium","isPartOf":{"@id":"https:\/\/telium.io\/de\/#website"},"datePublished":"2019-09-24T19:12:35+00:00","dateModified":"2020-03-05T21:31:11+00:00","description":"Die gesuchte Seite wurde nicht gefunden. Bitte \u00fcberpr\u00fcfen Sie die URL, die Sie eingegeben haben, oder klicken Sie auf die Men\u00fcoptionen oben.","breadcrumb":{"@id":"https:\/\/telium.io\/de\/fehler-404\/#breadcrumb"},"inLanguage":"de-DE","potentialAction":[{"@type":"ReadAction","target":["https:\/\/telium.io\/de\/fehler-404\/"]}]},{"@type":"BreadcrumbList","@id":"https:\/\/telium.io\/de\/fehler-404\/#breadcrumb","itemListElement":[{"@type":"ListItem","position":1,"name":"Home","item":"https:\/\/telium.io\/de\/startseite\/"},{"@type":"ListItem","position":2,"name":"Fehler 404"}]},{"@type":"WebSite","@id":"https:\/\/telium.io\/de\/#website","url":"https:\/\/telium.io\/de\/","name":"Telium","description":"Telefonie und Telematik","publisher":{"@id":"https:\/\/telium.io\/de\/#organization"},"potentialAction":[{"@type":"SearchAction","target":{"@type":"EntryPoint","urlTemplate":"https:\/\/telium.io\/de\/?s={search_term_string}"},"query-input":{"@type":"PropertyValueSpecification","valueRequired":true,"valueName":"search_term_string"}}],"inLanguage":"de-DE"},{"@type":"Organization","@id":"https:\/\/telium.io\/de\/#organization","name":"Telium","url":"https:\/\/telium.io\/de\/","logo":{"@type":"ImageObject","inLanguage":"de-DE","@id":"https:\/\/telium.io\/de\/#\/schema\/logo\/image\/","url":"https:\/\/telium.io\/wp-content\/uploads\/sites\/6\/2020\/01\/logo_o_800x800.png","contentUrl":"https:\/\/telium.io\/wp-content\/uploads\/sites\/6\/2020\/01\/logo_o_800x800.png","width":800,"height":800,"caption":"Telium"},"image":{"@id":"https:\/\/telium.io\/de\/#\/schema\/logo\/image\/"},"sameAs":["https:\/\/www.facebook.com\/pages\/category\/Telecommunication-Company\/Telium-1581395458787072\/","https:\/\/x.com\/telium_io","https:\/\/ca.linkedin.com\/company\/telium"]}]}},"_links":{"self":[{"href":"https:\/\/telium.io\/de\/wp-json\/wp\/v2\/pages\/9412","targetHints":{"allow":["GET"]}}],"collection":[{"href":"https:\/\/telium.io\/de\/wp-json\/wp\/v2\/pages"}],"about":[{"href":"https:\/\/telium.io\/de\/wp-json\/wp\/v2\/types\/page"}],"author":[{"embeddable":true,"href":"https:\/\/telium.io\/de\/wp-json\/wp\/v2\/users\/4"}],"replies":[{"embeddable":true,"href":"https:\/\/telium.io\/de\/wp-json\/wp\/v2\/comments?post=9412"}],"version-history":[{"count":4,"href":"https:\/\/telium.io\/de\/wp-json\/wp\/v2\/pages\/9412\/revisions"}],"predecessor-version":[{"id":11805,"href":"https:\/\/telium.io\/de\/wp-json\/wp\/v2\/pages\/9412\/revisions\/11805"}],"wp:attachment":[{"href":"https:\/\/telium.io\/de\/wp-json\/wp\/v2\/media?parent=9412"}],"curies":[{"name":"wp","href":"https:\/\/api.w.org\/{rel}","templated":true}]}}