{"id":21643,"date":"2025-02-11T10:55:39","date_gmt":"2025-02-11T15:55:39","guid":{"rendered":"https:\/\/telium.io\/beta-programm\/"},"modified":"2025-02-17T14:52:28","modified_gmt":"2025-02-17T19:52:28","slug":"beta-programm","status":"publish","type":"page","link":"https:\/\/telium.io\/de\/beta-programm\/","title":{"rendered":"Beta-Programm"},"content":{"rendered":"<p><div class=\"fusion-fullwidth fullwidth-box fusion-builder-row-1 has-pattern-background has-mask-background fusion-parallax-none nonhundred-percent-fullwidth non-hundred-percent-height-scrolling fusion-no-small-visibility lazyload headerheight\" style=\"--awb-background-position:left bottom;--awb-border-radius-top-left:0px;--awb-border-radius-top-right:0px;--awb-border-radius-bottom-right:0px;--awb-border-radius-bottom-left:0px;--awb-padding-top:0px;--awb-padding-bottom:0px;--awb-margin-top:0px;--awb-margin-bottom:0px;--awb-background-color:#000000;--awb-background-size:cover;--awb-flex-wrap:wrap;\" data-bg=\"https:\/\/telium.io\/wp-content\/uploads\/sites\/6\/2025\/02\/wallpaper-beta.jpg\" ><div class=\"fusion-builder-row fusion-row\"><div class=\"fusion-layout-column fusion_builder_column fusion-builder-column-0 fusion_builder_column_1_3 1_3 fusion-one-third fusion-column-first\" style=\"--awb-bg-size:cover;width:33.333333333333%;width:calc(33.333333333333% - ( ( 4% ) * 0.33333333333333 ) );margin-right: 4%;\"><div class=\"fusion-column-wrapper fusion-column-has-shadow fusion-flex-column-wrapper-legacy\"><div class=\"fusion-image-element fusion-no-small-visibility fusion-no-medium-visibility in-legacy-container\" style=\"--awb-margin-top:60px;--awb-caption-title-font-family:var(--h2_typography-font-family);--awb-caption-title-font-weight:var(--h2_typography-font-weight);--awb-caption-title-font-style:var(--h2_typography-font-style);--awb-caption-title-size:var(--h2_typography-font-size);--awb-caption-title-transform:var(--h2_typography-text-transform);--awb-caption-title-line-height:var(--h2_typography-line-height);--awb-caption-title-letter-spacing:var(--h2_typography-letter-spacing);--awb-filter:invert(70%) opacity(51%) blur(6px);--awb-filter-transition:filter 0.3s ease;--awb-filter-hover:invert(0%) opacity(100%) blur(0px);\"><span class=\" fusion-imageframe imageframe-none imageframe-1 hover-type-none\"><img decoding=\"async\" width=\"231\" height=\"225\" title=\"logo-beta\" src=\"https:\/\/telium.io\/wp-content\/uploads\/sites\/6\/2025\/02\/logo-beta.png\" data-orig-src=\"https:\/\/telium.io\/wp-content\/uploads\/sites\/6\/2025\/02\/logo-beta.png\" alt class=\"lazyload img-responsive wp-image-20890\" srcset=\"data:image\/svg+xml,%3Csvg%20xmlns%3D%27http%3A%2F%2Fwww.w3.org%2F2000%2Fsvg%27%20width%3D%27231%27%20height%3D%27225%27%20viewBox%3D%270%200%20231%20225%27%3E%3Crect%20width%3D%27231%27%20height%3D%27225%27%20fill-opacity%3D%220%22%2F%3E%3C%2Fsvg%3E\" data-srcset=\"https:\/\/telium.io\/wp-content\/uploads\/sites\/6\/2025\/02\/logo-beta-200x195.png 200w, https:\/\/telium.io\/wp-content\/uploads\/sites\/6\/2025\/02\/logo-beta.png 231w\" data-sizes=\"auto\" data-orig-sizes=\"(max-width: 1024px) 100vw, 231px\" \/><\/span><\/div><div class=\"fusion-clearfix\"><\/div><\/div><\/div><div class=\"fusion-layout-column fusion_builder_column fusion-builder-column-1 fusion_builder_column_2_3 2_3 fusion-two-third fusion-column-last fusion-animated\" style=\"--awb-padding-top:50px;--awb-bg-size:cover;--awb-margin-top:0px;--awb-margin-bottom:0px;width:66.666666666667%;width:calc(66.666666666667% - ( ( 4% ) * 0.66666666666667 ) );\" data-animationType=\"zoomIn\" data-animationDuration=\"0.9\" data-animationOffset=\"top-into-view\"><div class=\"fusion-column-wrapper fusion-column-has-shadow fusion-flex-column-wrapper-legacy\"><div class=\"fusion-sep-clear\"><\/div><div class=\"fusion-separator fusion-no-small-visibility fusion-no-medium-visibility fusion-full-width-sep\" style=\"margin-left: auto;margin-right: auto;margin-bottom:50px;width:100%;\"><\/div><div class=\"fusion-sep-clear\"><\/div><div class=\"fusion-title title fusion-title-1 fusion-sep-none fusion-title-text fusion-title-size-one\" style=\"--awb-text-color:#ffffff;--awb-margin-bottom:0px;--awb-margin-top-small:0px;--awb-margin-right-small:0px;--awb-margin-bottom-small:20px;--awb-margin-left-small:0px;\"><h1 class=\"fusion-title-heading title-heading-right fusion-responsive-typography-calculated\" style=\"margin:0;--fontSize:40;line-height:1.4;\">Beta-Programm<\/h1><\/div><div class=\"fusion-title title fusion-title-2 fusion-sep-none fusion-title-text fusion-title-size-two\" style=\"--awb-text-color:#ff6600;--awb-margin-top:0px;--awb-margin-top-small:0px;--awb-margin-right-small:0px;--awb-margin-bottom-small:20px;--awb-margin-left-small:0px;--awb-font-size:18px;\"><h2 class=\"fusion-title-heading title-heading-right fusion-responsive-typography-calculated\" style=\"margin:0;font-size:1em;--fontSize:18;--minFontSize:18;line-height:1.5;\">Einf\u00fchrung f\u00fcr Teilnehmer<\/h2><\/div><div class=\"fusion-clearfix\"><\/div><\/div><\/div><\/div><\/div><div class=\"fusion-fullwidth fullwidth-box fusion-builder-row-2 has-pattern-background has-mask-background fusion-parallax-none nonhundred-percent-fullwidth non-hundred-percent-height-scrolling fusion-equal-height-columns fusion-no-medium-visibility fusion-no-large-visibility lazyload\" style=\"--awb-border-sizes-top:0px;--awb-border-sizes-bottom:0px;--awb-border-sizes-left:0px;--awb-border-sizes-right:0px;--awb-border-color:#ff6600;--awb-border-radius-top-left:0px;--awb-border-radius-top-right:0px;--awb-border-radius-bottom-right:0px;--awb-border-radius-bottom-left:0px;--awb-padding-top:0px;--awb-padding-right:0px;--awb-padding-bottom:0px;--awb-padding-left:0px;--awb-margin-top:0px;--awb-margin-bottom:0px;--awb-background-size:cover;--awb-flex-wrap:wrap;\" data-bg=\"https:\/\/telium.io\/wp-content\/uploads\/sites\/6\/2025\/02\/wallpaper-beta-300x47.jpg\" ><div class=\"fusion-builder-row fusion-row\"><div class=\"fusion-layout-column fusion_builder_column fusion-builder-column-2 fusion_builder_column_1_1 1_1 fusion-one-full fusion-column-first fusion-column-last mobileheader\" style=\"--awb-bg-size:cover;--awb-margin-top:0px;--awb-margin-bottom:0px;\"><div class=\"fusion-column-wrapper fusion-column-has-shadow fusion-flex-column-wrapper-legacy\"><div class=\"fusion-column-content-centered\"><div class=\"fusion-column-content\"><div class=\"fusion-title title fusion-title-3 fusion-no-medium-visibility fusion-no-large-visibility fusion-title-center fusion-title-text fusion-title-size-two mobilebreadcrumb\" style=\"--awb-text-color:#ff6600;--awb-margin-top:0px;--awb-margin-bottom:0px;--awb-margin-top-small:1em;--awb-margin-right-small:0px;--awb-margin-bottom-small:1em;--awb-margin-left-small:0px;--awb-font-size:150%;\"><div class=\"title-sep-container title-sep-container-left\"><div class=\"title-sep sep- sep-solid\" style=\"border-color:#e0dede;\"><\/div><\/div><span class=\"awb-title-spacer\"><\/span><h2 class=\"fusion-title-heading title-heading-center fusion-responsive-typography-calculated\" style=\"margin:0;font-size:1em;--fontSize:25.5;line-height:1.5;\">BETA-PROGRAMM<\/h2><span class=\"awb-title-spacer\"><\/span><div class=\"title-sep-container title-sep-container-right\"><div class=\"title-sep sep- sep-solid\" style=\"border-color:#e0dede;\"><\/div><\/div><\/div><\/div><\/div><div class=\"fusion-clearfix\"><\/div><\/div><\/div><\/div><\/div><div class=\"fusion-fullwidth fullwidth-box fusion-builder-row-3 fusion-flex-container has-pattern-background has-mask-background nonhundred-percent-fullwidth non-hundred-percent-height-scrolling\" style=\"--awb-border-radius-top-left:0px;--awb-border-radius-top-right:0px;--awb-border-radius-bottom-right:0px;--awb-border-radius-bottom-left:0px;--awb-margin-bottom:20px;--awb-flex-wrap:wrap;\" ><div class=\"fusion-builder-row fusion-row fusion-flex-align-items-flex-start fusion-flex-content-wrap\" style=\"max-width:1227.2px;margin-left: calc(-4% \/ 2 );margin-right: calc(-4% \/ 2 );\"><div class=\"fusion-layout-column fusion_builder_column fusion-builder-column-3 fusion_builder_column_1_1 1_1 fusion-flex-column fusion-no-small-visibility fusion-no-medium-visibility\" style=\"--awb-bg-size:cover;--awb-width-large:100%;--awb-margin-top-large:15px;--awb-spacing-right-large:1.92%;--awb-margin-bottom-large:15px;--awb-spacing-left-large:1.92%;--awb-width-medium:100%;--awb-spacing-right-medium:1.92%;--awb-spacing-left-medium:1.92%;--awb-width-small:100%;--awb-spacing-right-small:1.92%;--awb-spacing-left-small:1.92%;\"><div class=\"fusion-column-wrapper fusion-column-has-shadow fusion-flex-justify-content-flex-start fusion-content-layout-column\"><\/div><\/div><div class=\"fusion-layout-column fusion_builder_column fusion-builder-column-4 fusion_builder_column_1_1 1_1 fusion-flex-column\" style=\"--awb-bg-size:cover;--awb-width-large:100%;--awb-margin-top-large:15px;--awb-spacing-right-large:1.92%;--awb-margin-bottom-large:15px;--awb-spacing-left-large:1.92%;--awb-width-medium:100%;--awb-order-medium:0;--awb-spacing-right-medium:1.92%;--awb-spacing-left-medium:1.92%;--awb-width-small:100%;--awb-order-small:0;--awb-spacing-right-small:1.92%;--awb-spacing-left-small:1.92%;\" data-scroll-devices=\"small-visibility,medium-visibility,large-visibility\"><div class=\"fusion-column-wrapper fusion-column-has-shadow fusion-flex-justify-content-flex-start fusion-content-layout-block\"><div class=\"fusion-text fusion-text-1\"><h2 data-fontsize=\"36\" style=\"--fontSize: 36; line-height: 1.5;\" data-lineheight=\"54px\" class=\"fusion-responsive-typography-calculated\">\u00dcbersicht<\/h2>\n<p>Das Beta-Programm von Telium gibt Kunden und Partnern die M\u00f6glichkeit, sich aktiv an der Steuerung zuk\u00fcnftiger Produkte zu beteiligen. Die Teilnahme am Beta-Programm ist nur auf Einladung m\u00f6glich und in der Regel auf Gro\u00dfkunden und Partner beschr\u00e4nkt. Mitglieder m\u00fcssen eine Geheimhaltungsvereinbarung unterzeichnen, die alle Informationen sch\u00fctzt, die im Rahmen des Programms offengelegt werden.  <\/p>\n<p><strong>Zweck des Beta-Programms:<\/strong> Das Hauptziel unseres Beta-Programms ist es, wertvolles Feedback von kritischen Benutzern zu sammeln. Durch die Teilnahme helfen uns die Mitglieder, Probleme zu identifizieren, die Funktionalit\u00e4t zu verbessern und die Benutzererfahrung vor der offiziellen Ver\u00f6ffentlichung zu verfeinern. Die Erkenntnisse und Vorschl\u00e4ge der Programmmitglieder spielen eine entscheidende Rolle bei der Gestaltung des Endprodukts.  <\/p>\n<p><strong>Zugang nur auf Einladung:<\/strong> Die Teilnahme am Beta-Programm ist nur auf Einladung m\u00f6glich. Wir haben sorgf\u00e4ltig eine Gruppe von Benutzern ausgew\u00e4hlt, von denen wir glauben, dass sie aufschlussreiches Feedback geben und zum Erfolg unserer Software beitragen werden. Wenn Sie diese Einladung erhalten haben, herzlichen Gl\u00fcckwunsch! Sie geh\u00f6ren zu den Ersten, die eine unserer Neuheiten erleben.   <\/p>\n<p><strong>Beta-Portal:<\/strong> Wir haben ein spezielles Portal f\u00fcr Sie erstellt, in dem Sie Feedback geben und Probleme melden k\u00f6nnen. Und so funktioniert es: <\/p>\n<ol start=\"1\">\n<li><strong>Anmelden:<\/strong> Verwenden Sie die Anmeldedaten, die Sie in Ihrer Einladungs-E-Mail erhalten haben, um sich beim Beta-Portal anzumelden.<strong><img decoding=\"async\" class=\"lazyload size-medium wp-image-20905 alignright\" src=\"https:\/\/telium.io\/wp-content\/uploads\/sites\/6\/2025\/02\/portal-300x192.jpg\" data-orig-src=\"https:\/\/telium.io\/wp-content\/uploads\/sites\/6\/2025\/02\/portal-300x192.jpg\" alt=\"\" width=\"300\" height=\"192\" srcset=\"data:image\/svg+xml,%3Csvg%20xmlns%3D%27http%3A%2F%2Fwww.w3.org%2F2000%2Fsvg%27%20width%3D%27300%27%20height%3D%27192%27%20viewBox%3D%270%200%20300%20192%27%3E%3Crect%20width%3D%27300%27%20height%3D%27192%27%20fill-opacity%3D%220%22%2F%3E%3C%2Fsvg%3E\" data-srcset=\"https:\/\/telium.io\/wp-content\/uploads\/sites\/6\/2025\/02\/portal-200x128.jpg 200w, https:\/\/telium.io\/wp-content\/uploads\/sites\/6\/2025\/02\/portal-300x192.jpg 300w, https:\/\/telium.io\/wp-content\/uploads\/sites\/6\/2025\/02\/portal-400x257.jpg 400w, https:\/\/telium.io\/wp-content\/uploads\/sites\/6\/2025\/02\/portal-460x295.jpg 460w, https:\/\/telium.io\/wp-content\/uploads\/sites\/6\/2025\/02\/portal-600x385.jpg 600w, https:\/\/telium.io\/wp-content\/uploads\/sites\/6\/2025\/02\/portal.jpg 700w\" data-sizes=\"auto\" data-orig-sizes=\"(max-width: 300px) 100vw, 300px\" \/><\/strong><\/li>\n<li><strong>Feedback geben:<\/strong> Teilen Sie Ihre Gedanken, Vorschl\u00e4ge und Fehler, die Sie finden. Sie k\u00f6nnen Ihr Feedback kategorisieren, um Verbesserungen zu priorisieren. <\/li>\n<li><strong>Aktualisierungen der Strecke:<\/strong> Bleiben Sie auf dem Laufenden \u00fcber die neuesten Updates und Fehlerbehebungen, die auf Ihrem Feedback basieren. Wir werden Sie \u00fcber unsere Fortschritte und alle \u00c4nderungen, die als Reaktion auf Ihre Eingaben vorgenommen wurden, auf dem Laufenden halten. <\/li>\n<li><strong>Neue Versionen herunterladen:<\/strong> Die Beta-Software wird in der Regel w\u00f6chentlich aktualisiert und kann \u00fcber den Download-Bereich aufgerufen werden. Im Falle einer schwerwiegenden Fehlererkennung kann die Software noch am selben Tag aktualisiert werden. <\/li>\n<li><strong>Kommunikation<\/strong>: Das Message Board erm\u00f6glicht es den Mitgliedern, direkt mit Ingenieuren, dem Produktmanager und ihrem Account Manager zu kommunizieren. Dar\u00fcber hinaus erm\u00f6glicht eine Live-Chat- und Bildschirmfreigabefunktion dem Team einen einfachen Austausch von Ideen (auch in sicheren Umgebungen). <\/li>\n<\/ol>\n<p><strong>Nicht-Portal:<\/strong> Einige Beta-Programme haben eine kurze Laufzeit und rechtfertigen die Nutzung des Beta-Portals nicht. In solchen F\u00e4llen erfolgt die gesamte Kommunikation per E-Mail (\u00fcber einen bestimmten Telium-Supporttechniker) und Downloads \u00fcber eine private FTP\/Download-Seite. <\/p>\n<p><span style=\"color: var(--awb-text-color); font-family: var(--awb-text-font-family); font-size: var(--awb-font-size); font-style: var(--awb-text-font-style); letter-spacing: var(--awb-letter-spacing); text-align: var(--awb-content-alignment); text-transform: var(--awb-text-transform); background-color: var(--awb-bg-color-hover);\"><b>Aktivierung<\/b><\/span><span style=\"color: var(--awb-text-color); font-family: var(--awb-text-font-family); font-size: var(--awb-font-size); font-style: var(--awb-text-font-style); font-weight: var(--awb-text-font-weight); letter-spacing: var(--awb-letter-spacing); text-align: var(--awb-content-alignment); text-transform: var(--awb-text-transform); background-color: var(--awb-bg-color-hover);\">: Um eine strenge Kontrolle \u00fcber Beta-Software zu gew\u00e4hrleisten, erfordert Telium die Verwendung einer Cloud-Aktivierung. Die Verwendung von Dongles, Hardware-Fingerabdruck- und Volumenlizenzservern ist mit der Beta-Software nicht m\u00f6glich.   <\/span><\/p>\n<p>Wir sch\u00e4tzen Ihre Teilnahme und freuen uns auf Ihr Feedback. Vielen Dank, dass Sie Teil dieser aufregenden Reise sind und uns helfen, ein besseres Produkt zu entwickeln! <\/p>\n<p>Wenn Sie Fragen haben oder Hilfe ben\u00f6tigen, wenden Sie sich bitte an Ihren Kundenbetreuer.<\/p>\n<p>Willkommen an Bord und viel Spa\u00df beim Testen!<\/p>\n<\/div><\/div><\/div><\/div><\/div><\/p>\n","protected":false},"excerpt":{"rendered":"","protected":false},"author":4,"featured_media":0,"parent":0,"menu_order":0,"comment_status":"closed","ping_status":"closed","template":"100-width.php","meta":{"_bbp_topic_count":0,"_bbp_reply_count":0,"_bbp_total_topic_count":0,"_bbp_total_reply_count":0,"_bbp_voice_count":0,"_bbp_anonymous_reply_count":0,"_bbp_topic_count_hidden":0,"_bbp_reply_count_hidden":0,"_bbp_forum_subforum_count":0,"footnotes":""},"class_list":["post-21643","page","type-page","status-publish","hentry"],"yoast_head":"<!-- This site is optimized with the Yoast SEO plugin v27.2 - https:\/\/yoast.com\/product\/yoast-seo-wordpress\/ -->\n<title>Beta-Programm - Telium<\/title>\n<meta name=\"description\" content=\"Das Beta-Programm von Telium bietet Kunden und Partnern die M\u00f6glichkeit, die Entwicklung neuer Produkte und Funktionen zu steuern.\" \/>\n<meta name=\"robots\" content=\"index, follow, max-snippet:-1, max-image-preview:large, max-video-preview:-1\" \/>\n<link rel=\"canonical\" href=\"https:\/\/telium.io\/de\/beta-programm\/\" \/>\n<meta property=\"og:locale\" content=\"de_DE\" \/>\n<meta property=\"og:type\" content=\"article\" \/>\n<meta property=\"og:title\" content=\"Beta-Programm - Telium\" \/>\n<meta property=\"og:description\" content=\"Das Beta-Programm von Telium bietet Kunden und Partnern die M\u00f6glichkeit, die Entwicklung neuer Produkte und Funktionen zu steuern.\" \/>\n<meta property=\"og:url\" content=\"https:\/\/telium.io\/de\/beta-programm\/\" \/>\n<meta property=\"og:site_name\" content=\"Telium\" \/>\n<meta property=\"article:publisher\" content=\"https:\/\/www.facebook.com\/pages\/category\/Telecommunication-Company\/Telium-1581395458787072\/\" \/>\n<meta property=\"article:modified_time\" content=\"2025-02-17T19:52:28+00:00\" \/>\n<meta property=\"og:image\" content=\"https:\/\/telium.io\/wp-content\/uploads\/sites\/6\/2025\/02\/portal-300x192.jpg\" \/>\n<meta name=\"twitter:card\" content=\"summary_large_image\" \/>\n<meta name=\"twitter:site\" content=\"@telium_io\" \/>\n<meta name=\"twitter:label1\" content=\"Est. reading time\" \/>\n\t<meta name=\"twitter:data1\" content=\"14 minutes\" \/>\n<script type=\"application\/ld+json\" class=\"yoast-schema-graph\">{\"@context\":\"https:\/\/schema.org\",\"@graph\":[{\"@type\":\"WebPage\",\"@id\":\"https:\/\/telium.io\/de\/beta-programm\/\",\"url\":\"https:\/\/telium.io\/de\/beta-programm\/\",\"name\":\"Beta-Programm - Telium\",\"isPartOf\":{\"@id\":\"https:\/\/telium.io\/de\/#website\"},\"primaryImageOfPage\":{\"@id\":\"https:\/\/telium.io\/de\/beta-programm\/#primaryimage\"},\"image\":{\"@id\":\"https:\/\/telium.io\/de\/beta-programm\/#primaryimage\"},\"thumbnailUrl\":\"https:\/\/telium.io\/wp-content\/uploads\/sites\/6\/2025\/02\/portal-300x192.jpg\",\"datePublished\":\"2025-02-11T15:55:39+00:00\",\"dateModified\":\"2025-02-17T19:52:28+00:00\",\"description\":\"Das Beta-Programm von Telium bietet Kunden und Partnern die M\u00f6glichkeit, die Entwicklung neuer Produkte und Funktionen zu steuern.\",\"breadcrumb\":{\"@id\":\"https:\/\/telium.io\/de\/beta-programm\/#breadcrumb\"},\"inLanguage\":\"de-DE\",\"potentialAction\":[{\"@type\":\"ReadAction\",\"target\":[\"https:\/\/telium.io\/de\/beta-programm\/\"]}]},{\"@type\":\"ImageObject\",\"inLanguage\":\"de-DE\",\"@id\":\"https:\/\/telium.io\/de\/beta-programm\/#primaryimage\",\"url\":\"https:\/\/telium.io\/wp-content\/uploads\/sites\/6\/2025\/02\/portal-300x192.jpg\",\"contentUrl\":\"https:\/\/telium.io\/wp-content\/uploads\/sites\/6\/2025\/02\/portal-300x192.jpg\"},{\"@type\":\"BreadcrumbList\",\"@id\":\"https:\/\/telium.io\/de\/beta-programm\/#breadcrumb\",\"itemListElement\":[{\"@type\":\"ListItem\",\"position\":1,\"name\":\"Home\",\"item\":\"https:\/\/telium.io\/de\/startseite\/\"},{\"@type\":\"ListItem\",\"position\":2,\"name\":\"Beta-Programm\"}]},{\"@type\":\"WebSite\",\"@id\":\"https:\/\/telium.io\/de\/#website\",\"url\":\"https:\/\/telium.io\/de\/\",\"name\":\"Telium\",\"description\":\"Telefonie und Telematik\",\"publisher\":{\"@id\":\"https:\/\/telium.io\/de\/#organization\"},\"potentialAction\":[{\"@type\":\"SearchAction\",\"target\":{\"@type\":\"EntryPoint\",\"urlTemplate\":\"https:\/\/telium.io\/de\/?s={search_term_string}\"},\"query-input\":{\"@type\":\"PropertyValueSpecification\",\"valueRequired\":true,\"valueName\":\"search_term_string\"}}],\"inLanguage\":\"de-DE\"},{\"@type\":\"Organization\",\"@id\":\"https:\/\/telium.io\/de\/#organization\",\"name\":\"Telium\",\"url\":\"https:\/\/telium.io\/de\/\",\"logo\":{\"@type\":\"ImageObject\",\"inLanguage\":\"de-DE\",\"@id\":\"https:\/\/telium.io\/de\/#\/schema\/logo\/image\/\",\"url\":\"https:\/\/telium.io\/wp-content\/uploads\/sites\/6\/2020\/01\/logo_o_800x800.png\",\"contentUrl\":\"https:\/\/telium.io\/wp-content\/uploads\/sites\/6\/2020\/01\/logo_o_800x800.png\",\"width\":800,\"height\":800,\"caption\":\"Telium\"},\"image\":{\"@id\":\"https:\/\/telium.io\/de\/#\/schema\/logo\/image\/\"},\"sameAs\":[\"https:\/\/www.facebook.com\/pages\/category\/Telecommunication-Company\/Telium-1581395458787072\/\",\"https:\/\/x.com\/telium_io\",\"https:\/\/ca.linkedin.com\/company\/telium\"]}]}<\/script>\n<!-- \/ Yoast SEO plugin. -->","yoast_head_json":{"title":"Beta-Programm - Telium","description":"Das Beta-Programm von Telium bietet Kunden und Partnern die M\u00f6glichkeit, die Entwicklung neuer Produkte und Funktionen zu steuern.","robots":{"index":"index","follow":"follow","max-snippet":"max-snippet:-1","max-image-preview":"max-image-preview:large","max-video-preview":"max-video-preview:-1"},"canonical":"https:\/\/telium.io\/de\/beta-programm\/","og_locale":"de_DE","og_type":"article","og_title":"Beta-Programm - Telium","og_description":"Das Beta-Programm von Telium bietet Kunden und Partnern die M\u00f6glichkeit, die Entwicklung neuer Produkte und Funktionen zu steuern.","og_url":"https:\/\/telium.io\/de\/beta-programm\/","og_site_name":"Telium","article_publisher":"https:\/\/www.facebook.com\/pages\/category\/Telecommunication-Company\/Telium-1581395458787072\/","article_modified_time":"2025-02-17T19:52:28+00:00","og_image":[{"url":"https:\/\/telium.io\/wp-content\/uploads\/sites\/6\/2025\/02\/portal-300x192.jpg","type":"","width":"","height":""}],"twitter_card":"summary_large_image","twitter_site":"@telium_io","twitter_misc":{"Est. reading time":"14 minutes"},"schema":{"@context":"https:\/\/schema.org","@graph":[{"@type":"WebPage","@id":"https:\/\/telium.io\/de\/beta-programm\/","url":"https:\/\/telium.io\/de\/beta-programm\/","name":"Beta-Programm - Telium","isPartOf":{"@id":"https:\/\/telium.io\/de\/#website"},"primaryImageOfPage":{"@id":"https:\/\/telium.io\/de\/beta-programm\/#primaryimage"},"image":{"@id":"https:\/\/telium.io\/de\/beta-programm\/#primaryimage"},"thumbnailUrl":"https:\/\/telium.io\/wp-content\/uploads\/sites\/6\/2025\/02\/portal-300x192.jpg","datePublished":"2025-02-11T15:55:39+00:00","dateModified":"2025-02-17T19:52:28+00:00","description":"Das Beta-Programm von Telium bietet Kunden und Partnern die M\u00f6glichkeit, die Entwicklung neuer Produkte und Funktionen zu steuern.","breadcrumb":{"@id":"https:\/\/telium.io\/de\/beta-programm\/#breadcrumb"},"inLanguage":"de-DE","potentialAction":[{"@type":"ReadAction","target":["https:\/\/telium.io\/de\/beta-programm\/"]}]},{"@type":"ImageObject","inLanguage":"de-DE","@id":"https:\/\/telium.io\/de\/beta-programm\/#primaryimage","url":"https:\/\/telium.io\/wp-content\/uploads\/sites\/6\/2025\/02\/portal-300x192.jpg","contentUrl":"https:\/\/telium.io\/wp-content\/uploads\/sites\/6\/2025\/02\/portal-300x192.jpg"},{"@type":"BreadcrumbList","@id":"https:\/\/telium.io\/de\/beta-programm\/#breadcrumb","itemListElement":[{"@type":"ListItem","position":1,"name":"Home","item":"https:\/\/telium.io\/de\/startseite\/"},{"@type":"ListItem","position":2,"name":"Beta-Programm"}]},{"@type":"WebSite","@id":"https:\/\/telium.io\/de\/#website","url":"https:\/\/telium.io\/de\/","name":"Telium","description":"Telefonie und Telematik","publisher":{"@id":"https:\/\/telium.io\/de\/#organization"},"potentialAction":[{"@type":"SearchAction","target":{"@type":"EntryPoint","urlTemplate":"https:\/\/telium.io\/de\/?s={search_term_string}"},"query-input":{"@type":"PropertyValueSpecification","valueRequired":true,"valueName":"search_term_string"}}],"inLanguage":"de-DE"},{"@type":"Organization","@id":"https:\/\/telium.io\/de\/#organization","name":"Telium","url":"https:\/\/telium.io\/de\/","logo":{"@type":"ImageObject","inLanguage":"de-DE","@id":"https:\/\/telium.io\/de\/#\/schema\/logo\/image\/","url":"https:\/\/telium.io\/wp-content\/uploads\/sites\/6\/2020\/01\/logo_o_800x800.png","contentUrl":"https:\/\/telium.io\/wp-content\/uploads\/sites\/6\/2020\/01\/logo_o_800x800.png","width":800,"height":800,"caption":"Telium"},"image":{"@id":"https:\/\/telium.io\/de\/#\/schema\/logo\/image\/"},"sameAs":["https:\/\/www.facebook.com\/pages\/category\/Telecommunication-Company\/Telium-1581395458787072\/","https:\/\/x.com\/telium_io","https:\/\/ca.linkedin.com\/company\/telium"]}]}},"_links":{"self":[{"href":"https:\/\/telium.io\/de\/wp-json\/wp\/v2\/pages\/21643","targetHints":{"allow":["GET"]}}],"collection":[{"href":"https:\/\/telium.io\/de\/wp-json\/wp\/v2\/pages"}],"about":[{"href":"https:\/\/telium.io\/de\/wp-json\/wp\/v2\/types\/page"}],"author":[{"embeddable":true,"href":"https:\/\/telium.io\/de\/wp-json\/wp\/v2\/users\/4"}],"replies":[{"embeddable":true,"href":"https:\/\/telium.io\/de\/wp-json\/wp\/v2\/comments?post=21643"}],"version-history":[{"count":10,"href":"https:\/\/telium.io\/de\/wp-json\/wp\/v2\/pages\/21643\/revisions"}],"predecessor-version":[{"id":22145,"href":"https:\/\/telium.io\/de\/wp-json\/wp\/v2\/pages\/21643\/revisions\/22145"}],"wp:attachment":[{"href":"https:\/\/telium.io\/de\/wp-json\/wp\/v2\/media?parent=21643"}],"curies":[{"name":"wp","href":"https:\/\/api.w.org\/{rel}","templated":true}]}}