{"id":19408,"date":"2023-04-08T12:13:04","date_gmt":"2023-04-08T17:13:04","guid":{"rendered":"https:\/\/telium.io\/hochverfuegbarkeits-switch-modul\/"},"modified":"2024-04-27T09:36:11","modified_gmt":"2024-04-27T14:36:11","slug":"hochverfuegbarkeits-switch-modul","status":"publish","type":"page","link":"https:\/\/telium.io\/de\/hochverfuegbarkeits-switch-modul\/","title":{"rendered":"Hochverf\u00fcgbarkeits-Switch-Modul"},"content":{"rendered":"<p><div class=\"fusion-fullwidth fullwidth-box fusion-builder-row-1 fusion-parallax-none nonhundred-percent-fullwidth non-hundred-percent-height-scrolling fusion-no-small-visibility lazyload headerheight\" style=\"--awb-background-position:left top;--awb-border-radius-top-left:0px;--awb-border-radius-top-right:0px;--awb-border-radius-bottom-right:0px;--awb-border-radius-bottom-left:0px;--awb-padding-top:0px;--awb-padding-bottom:0px;--awb-margin-top:0px;--awb-margin-bottom:0px;--awb-background-color:#000000;--awb-background-size:cover;--awb-flex-wrap:wrap;\" data-bg=\"https:\/\/telium.io\/wp-content\/uploads\/sites\/6\/2020\/02\/banner-network-1024x228.jpg\" ><div class=\"fusion-builder-row fusion-row\"><div class=\"fusion-layout-column fusion_builder_column fusion-builder-column-0 fusion_builder_column_1_3 1_3 fusion-one-third fusion-column-first fusion-no-small-visibility fusion-no-medium-visibility\" style=\"--awb-padding-top:150px;--awb-bg-size:cover;--awb-margin-top:0px;--awb-margin-bottom:0px;width:33.333333333333%;width:calc(33.333333333333% - ( ( 4% ) * 0.33333333333333 ) );margin-right: 4%;\"><div class=\"fusion-column-wrapper fusion-column-has-shadow fusion-flex-column-wrapper-legacy\"><div class=\"fusion-image-element fusion-no-small-visibility fusion-no-medium-visibility in-legacy-container\" style=\"--awb-caption-title-font-family:var(--h2_typography-font-family);--awb-caption-title-font-weight:var(--h2_typography-font-weight);--awb-caption-title-font-style:var(--h2_typography-font-style);--awb-caption-title-size:var(--h2_typography-font-size);--awb-caption-title-transform:var(--h2_typography-text-transform);--awb-caption-title-line-height:var(--h2_typography-line-height);--awb-caption-title-letter-spacing:var(--h2_typography-letter-spacing);\"><span class=\" fusion-imageframe imageframe-none imageframe-1 hover-type-none\"><img decoding=\"async\" width=\"275\" height=\"225\" alt=\"HAsm Logo\" title=\"havs-icon-glow\" src=\"https:\/\/telium.io\/wp-content\/uploads\/sites\/6\/2023\/04\/havs-icon-glow.png\" data-orig-src=\"https:\/\/telium.io\/wp-content\/uploads\/sites\/6\/2023\/04\/havs-icon-glow.png\" class=\"lazyload img-responsive wp-image-17387\" srcset=\"data:image\/svg+xml,%3Csvg%20xmlns%3D%27http%3A%2F%2Fwww.w3.org%2F2000%2Fsvg%27%20width%3D%27275%27%20height%3D%27225%27%20viewBox%3D%270%200%20275%20225%27%3E%3Crect%20width%3D%27275%27%20height%3D%27225%27%20fill-opacity%3D%220%22%2F%3E%3C%2Fsvg%3E\" data-srcset=\"https:\/\/telium.io\/wp-content\/uploads\/sites\/6\/2023\/04\/havs-icon-glow-200x164.png 200w, https:\/\/telium.io\/wp-content\/uploads\/sites\/6\/2023\/04\/havs-icon-glow.png 275w\" data-sizes=\"auto\" data-orig-sizes=\"(max-width: 1024px) 100vw, 275px\" \/><\/span><\/div><div class=\"fusion-clearfix\"><\/div><\/div><\/div><div class=\"fusion-layout-column fusion_builder_column fusion-builder-column-1 fusion_builder_column_2_3 2_3 fusion-two-third fusion-column-last fusion-column-no-min-height\" style=\"--awb-padding-top:50px;--awb-bg-size:cover;--awb-margin-top:0px;--awb-margin-bottom:0px;width:66.666666666667%;width:calc(66.666666666667% - ( ( 4% ) * 0.66666666666667 ) );\"><div class=\"fusion-column-wrapper fusion-column-has-shadow fusion-flex-column-wrapper-legacy\"><div class=\"fusion-sep-clear\"><\/div><div class=\"fusion-separator fusion-no-small-visibility fusion-no-medium-visibility fusion-full-width-sep\" style=\"margin-left: auto;margin-right: auto;margin-bottom:50px;width:100%;\"><\/div><div class=\"fusion-sep-clear\"><\/div><div class=\"fusion-title title fusion-title-1 fusion-sep-none fusion-title-text fusion-title-size-one\" style=\"--awb-text-color:#ffffff;--awb-margin-bottom:0px;--awb-font-size:36px;\"><h1 class=\"fusion-title-heading title-heading-right fusion-responsive-typography-calculated\" style=\"margin:0;font-size:1em;--fontSize:36;line-height:1.4;\">Hochverf\u00fcgbarkeits-Switch-Modul<\/h1><\/div><div class=\"fusion-title title fusion-title-2 fusion-sep-none fusion-title-text fusion-title-size-four\" style=\"--awb-text-color:#ff6600;--awb-margin-top:0px;--awb-font-size:18px;\"><h4 class=\"fusion-title-heading title-heading-right fusion-responsive-typography-calculated\" style=\"margin:0;font-size:1em;--fontSize:18;--minFontSize:18;line-height:1.67;\">HA VoIP Switch zur Integration in Ihr Produkt<\/h4><\/div><div class=\"fusion-clearfix\"><\/div><\/div><\/div><\/div><\/div><div class=\"fusion-fullwidth fullwidth-box fusion-builder-row-2 fusion-parallax-none nonhundred-percent-fullwidth non-hundred-percent-height-scrolling fusion-equal-height-columns fusion-no-medium-visibility fusion-no-large-visibility lazyload\" style=\"--awb-background-position:left top;--awb-border-color:#ff6600;--awb-border-radius-top-left:0px;--awb-border-radius-top-right:0px;--awb-border-radius-bottom-right:0px;--awb-border-radius-bottom-left:0px;--awb-padding-top:0px;--awb-padding-right:0px;--awb-padding-bottom:0px;--awb-padding-left:0px;--awb-margin-top:0px;--awb-margin-bottom:0px;--awb-background-size:cover;--awb-border-sizes-top:0px;--awb-border-sizes-bottom:0px;--awb-flex-wrap:wrap;\" data-bg=\"https:\/\/telium.io\/wp-content\/uploads\/sites\/6\/2020\/02\/banner-network-1024x228.jpg\" ><div class=\"fusion-builder-row fusion-row\"><div class=\"fusion-layout-column fusion_builder_column fusion-builder-column-2 fusion_builder_column_1_1 1_1 fusion-one-full fusion-column-first fusion-column-last mobileheader\" style=\"--awb-bg-size:cover;--awb-margin-top:0px;--awb-margin-bottom:0px;\"><div class=\"fusion-column-wrapper fusion-column-has-shadow fusion-flex-column-wrapper-legacy\"><div class=\"fusion-column-content-centered\"><div class=\"fusion-column-content\"><div class=\"fusion-title title fusion-title-3 fusion-no-medium-visibility fusion-no-large-visibility fusion-title-center fusion-title-text fusion-title-size-one mobilebreadcrumb\" style=\"--awb-text-color:#cfcfcf;--awb-margin-top:0px;--awb-margin-bottom:0px;--awb-margin-top-small:1em;--awb-margin-bottom-small:1em;--awb-font-size:150%;\"><div class=\"title-sep-container title-sep-container-left\"><div class=\"title-sep sep- sep-solid\" style=\"border-color:#e0dede;\"><\/div><\/div><span class=\"awb-title-spacer\"><\/span><h1 class=\"fusion-title-heading title-heading-center fusion-responsive-typography-calculated\" style=\"margin:0;font-size:1em;--fontSize:25.5;line-height:1.4;\">HASM<\/h1><span class=\"awb-title-spacer\"><\/span><div class=\"title-sep-container title-sep-container-right\"><div class=\"title-sep sep- sep-solid\" style=\"border-color:#e0dede;\"><\/div><\/div><\/div><div class=\"fusion-text fusion-text-1\"><p><span style=\"color: #cfcfcf; font-size: 150%;\">\u00bb<\/span><\/p>\n<\/div><div class=\"fusion-title title fusion-title-4 fusion-no-medium-visibility fusion-no-large-visibility fusion-title-center fusion-title-text fusion-title-size-two mobilebreadcrumb\" style=\"--awb-text-color:#ff6600;--awb-margin-top:0px;--awb-margin-bottom:0px;--awb-margin-top-small:1em;--awb-margin-bottom-small:1em;--awb-font-size:150%;\"><div class=\"title-sep-container title-sep-container-left\"><div class=\"title-sep sep- sep-solid\" style=\"border-color:#e0dede;\"><\/div><\/div><span class=\"awb-title-spacer\"><\/span><h2 class=\"fusion-title-heading title-heading-center fusion-responsive-typography-calculated\" style=\"margin:0;font-size:1em;--fontSize:25.5;line-height:1.5;\">\u00dcBERSICHT<\/h2><span class=\"awb-title-spacer\"><\/span><div class=\"title-sep-container title-sep-container-right\"><div class=\"title-sep sep- sep-solid\" style=\"border-color:#e0dede;\"><\/div><\/div><\/div><\/div><\/div><div class=\"fusion-clearfix\"><\/div><\/div><\/div><\/div><\/div><div class=\"fusion-fullwidth fullwidth-box fusion-builder-row-3 nonhundred-percent-fullwidth non-hundred-percent-height-scrolling\" style=\"--awb-border-radius-top-left:0px;--awb-border-radius-top-right:0px;--awb-border-radius-bottom-right:0px;--awb-border-radius-bottom-left:0px;--awb-flex-wrap:wrap;\" ><div class=\"fusion-builder-row fusion-row\"><div class=\"fusion-layout-column fusion_builder_column fusion-builder-column-3 fusion_builder_column_1_1 1_1 fusion-one-full fusion-column-first fusion-column-last\" style=\"--awb-bg-size:cover;\"><div class=\"fusion-column-wrapper fusion-column-has-shadow fusion-flex-column-wrapper-legacy\"><div class=\"product-tabs\"><div class=\"fusion-button-wrapper\"><a class=\"fusion-button button-3d button-large button-custom fusion-button-default button-1 fusion-button-span-no fusion-has-button-gradient cursor-default product-tab\" style=\"--button_accent_color:#fff;--button_accent_hover_color:#fff;--button_border_hover_color:#787878;--button_gradient_top_color:#ff6600;--button_gradient_bottom_color:#dd4400;--button_gradient_top_color_hover:#ff6600;--button_gradient_bottom_color_hover:#dd4400;--button_text_transform:none;\" target=\"_self\" href=\"#\"><i class=\"fa-book fas awb-button__icon awb-button__icon--default button-icon-left\" aria-hidden=\"true\"><\/i><span class=\"fusion-button-text awb-button__text awb-button__text--default\">Overview<\/span><\/a><\/div><div class=\"fusion-button-wrapper\"><a class=\"fusion-button button-3d button-medium button-default fusion-button-default button-2 fusion-button-span-no product-tab\" style=\"--button_text_transform:none;\" target=\"_self\" href=\"https:\/\/telium.io\/de\/hochverfuegbarkeits-switch-modul\/vorteile\/\"><i class=\"fa-life-ring fas awb-button__icon awb-button__icon--default button-icon-left\" aria-hidden=\"true\"><\/i><span class=\"fusion-button-text awb-button__text awb-button__text--default\">Benefits<\/span><\/a><\/div><div class=\"fusion-button-wrapper\"><a class=\"fusion-button button-3d button-medium button-default fusion-button-default button-3 fusion-button-span-no product-tab\" style=\"--button_text_transform:none;\" target=\"_self\" href=\"https:\/\/telium.io\/de\/hochverfuegbarkeits-switch-modul\/funktionen\/\"><i class=\"fa-check-double fas awb-button__icon awb-button__icon--default button-icon-left\" aria-hidden=\"true\"><\/i><span class=\"fusion-button-text awb-button__text awb-button__text--default\">Features<\/span><\/a><\/div><div class=\"fusion-button-wrapper\"><a class=\"fusion-button button-3d button-medium button-default fusion-button-default button-4 fusion-button-span-no product-tab\" style=\"--button_text_transform:none;\" target=\"_self\" href=\"https:\/\/telium.io\/de\/hochverfuegbarkeits-switch-modul\/technologie\/\"><i class=\"fa-microchip fas awb-button__icon awb-button__icon--default button-icon-left\" aria-hidden=\"true\"><\/i><span class=\"fusion-button-text awb-button__text awb-button__text--default\">Technology<\/span><\/a><\/div><div class=\"fusion-button-wrapper\"><a class=\"fusion-button button-3d button-medium button-default fusion-button-default button-5 fusion-button-span-no product-tab\" style=\"--button_text_transform:none;\" target=\"_self\" href=\"https:\/\/telium.io\/de\/hochverfuegbarkeits-switch-modul\/api\/\"><i class=\"fa-plug fa awb-button__icon awb-button__icon--default button-icon-left\" aria-hidden=\"true\"><\/i><span class=\"fusion-button-text awb-button__text awb-button__text--default\">API<\/span><\/a><\/div><div class=\"fusion-button-wrapper\"><a class=\"fusion-button button-3d button-medium button-default fusion-button-default button-6 fusion-button-span-no product-tab\" style=\"--button_text_transform:none;\" target=\"_self\" href=\"https:\/\/telium.io\/de\/hochverfuegbarkeits-switch-modul\/preise-kaufen\/\"><i class=\"fa-shopping-cart fa awb-button__icon awb-button__icon--default button-icon-left\" aria-hidden=\"true\"><\/i><span class=\"fusion-button-text awb-button__text awb-button__text--default\">Pricing \/ Buy<\/span><\/a><\/div><h2 style=\"color: rgba(0,0,0,0);display: inline;font-size: 0em;\">overview<\/h2><\/div><div class=\"fusion-clearfix\"><\/div><\/div><\/div><\/div><\/div><div class=\"fusion-fullwidth fullwidth-box fusion-builder-row-4 nonhundred-percent-fullwidth non-hundred-percent-height-scrolling\" style=\"--awb-border-radius-top-left:0px;--awb-border-radius-top-right:0px;--awb-border-radius-bottom-right:0px;--awb-border-radius-bottom-left:0px;--awb-margin-top:10px;--awb-flex-wrap:wrap;\" ><div class=\"fusion-builder-row fusion-row\"><div class=\"fusion-layout-column fusion_builder_column fusion-builder-column-4 fusion_builder_column_1_1 1_1 fusion-one-full fusion-column-first fusion-column-last fusion-no-small-visibility fusion-no-medium-visibility\" style=\"--awb-bg-size:cover;--awb-margin-bottom:30px;\"><div class=\"fusion-column-wrapper fusion-column-has-shadow fusion-flex-column-wrapper-legacy\"><div class=\"fusion-clearfix\"><\/div><\/div><\/div><div class=\"fusion-layout-column fusion_builder_column fusion-builder-column-5 fusion_builder_column_1_1 1_1 fusion-one-full fusion-column-first fusion-column-last\" style=\"--awb-bg-size:cover;\"><div class=\"fusion-column-wrapper fusion-column-has-shadow fusion-flex-column-wrapper-legacy\"><div class=\"fusion-column-content-centered\"><div class=\"fusion-column-content\"><div class=\"fusion-text fusion-text-2\"><p>Das High Availability Switch Module\u2122 (HAsm\u2122) ist eine schl\u00fcsselfertige L\u00f6sung, die eine ausgekl\u00fcgelte VoIP-Switching-Technologie f\u00fcr die Integration in Ihre Anwendung oder Ihr Produkt bietet. HAsm ist ein Plug-in-Modul, das VoIP-Audio- und Videoumschaltung mit integrierter Hochverf\u00fcgbarkeit bietet, um eine Vielzahl von technischen und umweltbedingten Ausf\u00e4llen zu \u00fcberstehen.<\/p>\n<p>HAsm ist eine 100%ige Softwarel\u00f6sung, die als Linux-Service bereitgestellt wird, der zu Ihrer bestehenden Plattform hinzugef\u00fcgt werden kann, oder als eigenst\u00e4ndige virtuelle\/physische Maschine verf\u00fcgbar ist. Das High Availability Switch Module ist als &#8220;Black Box&#8221; konzipiert, die die gesamte Komplexit\u00e4t des Clusterings und Switchings von Ihrem Produkt abschirmt und gleichzeitig eine einfache textbasierte API f\u00fcr die vollst\u00e4ndige Verwaltung\/\u00dcberwachung\/Steuerung von Ihrer Anwendung aus zur Verf\u00fcgung stellt. Das HAsm-Produkt wird vollst\u00e4ndig nach Ihren Spezifikationen konfiguriert mit einer API geliefert, die nur die Funktionen\/Benachrichtigungen bereitstellt, die Ihre Anwendung ben\u00f6tigt.<\/p>\n<p>HAsm baut auf Technologiekomponenten auf, die Telium in den letzten 20 Jahren entwickelt hat. Diese Komponenten haben sich weltweit in Umgebungen mit hohem Volumen und unternehmenskritischen Umgebungen bew\u00e4hrt und umfassen Zustands\u00fcberwachung, Synchronisierung, Clustersteuerung, Sicherheit und mehr. Die Flexibilit\u00e4t dieses Ansatzes erm\u00f6glicht es Telium, die effizientesten und kosteng\u00fcnstigsten Komponenten auszuw\u00e4hlen, um die Funktionalit\u00e4t und Leistung zu liefern, die Sie ben\u00f6tigen, ohne die Aufbl\u00e4hung, das Risiko und die Kosten unn\u00f6tiger Komponenten.<\/p>\n<\/div><\/div><\/div><div class=\"fusion-clearfix\"><\/div><\/div><\/div><div class=\"fusion-layout-column fusion_builder_column fusion-builder-column-6 fusion_builder_column_1_1 1_1 fusion-one-full fusion-column-first fusion-column-last fusion-no-small-visibility fusion-no-medium-visibility\" style=\"--awb-bg-size:cover;--awb-margin-bottom:30px;\"><div class=\"fusion-column-wrapper fusion-column-has-shadow fusion-flex-column-wrapper-legacy\"><div class=\"fusion-clearfix\"><\/div><\/div><\/div><\/div><\/div><\/p>\n","protected":false},"excerpt":{"rendered":"","protected":false},"author":4,"featured_media":0,"parent":0,"menu_order":0,"comment_status":"closed","ping_status":"closed","template":"100-width.php","meta":{"_bbp_topic_count":0,"_bbp_reply_count":0,"_bbp_total_topic_count":0,"_bbp_total_reply_count":0,"_bbp_voice_count":0,"_bbp_anonymous_reply_count":0,"_bbp_topic_count_hidden":0,"_bbp_reply_count_hidden":0,"_bbp_forum_subforum_count":0,"footnotes":""},"class_list":["post-19408","page","type-page","status-publish","hentry"],"yoast_head":"<!-- This site is optimized with the Yoast SEO plugin v27.2 - https:\/\/yoast.com\/product\/yoast-seo-wordpress\/ -->\n<title>Hochverf\u00fcgbarkeits-Switch-Modul - Telium<\/title>\n<meta name=\"description\" content=\"Das High Availability Switch Module (HAsm) ist die f\u00fchrende L\u00f6sung f\u00fcr die Integration einer hochverf\u00fcgbaren Voice &amp; Video over IP-Switching-Engine in Ihr Produkt.\" \/>\n<meta name=\"robots\" content=\"index, follow, max-snippet:-1, max-image-preview:large, max-video-preview:-1\" \/>\n<link rel=\"canonical\" href=\"https:\/\/telium.io\/de\/hochverfuegbarkeits-switch-modul\/\" \/>\n<meta property=\"og:locale\" content=\"de_DE\" \/>\n<meta property=\"og:type\" content=\"article\" \/>\n<meta property=\"og:title\" content=\"Hochverf\u00fcgbarkeits-Switch-Modul - Telium\" \/>\n<meta property=\"og:description\" content=\"High Availability for Asterisk (HAAst) ist die f\u00fchrende L\u00f6sung zum Erstellen eines Hochverf\u00fcgbarkeitsclusters in Asterisk Telefonieumgebungen.\" \/>\n<meta property=\"og:url\" content=\"https:\/\/telium.io\/de\/hochverfuegbarkeits-switch-modul\/\" \/>\n<meta property=\"og:site_name\" content=\"Telium\" \/>\n<meta property=\"article:publisher\" content=\"https:\/\/www.facebook.com\/pages\/category\/Telecommunication-Company\/Telium-1581395458787072\/\" \/>\n<meta property=\"article:modified_time\" content=\"2024-04-27T14:36:11+00:00\" \/>\n<meta name=\"twitter:card\" content=\"summary_large_image\" \/>\n<meta name=\"twitter:site\" content=\"@telium_io\" \/>\n<meta name=\"twitter:label1\" content=\"Est. reading time\" \/>\n\t<meta name=\"twitter:data1\" content=\"14 minutes\" \/>\n<script type=\"application\/ld+json\" class=\"yoast-schema-graph\">{\"@context\":\"https:\/\/schema.org\",\"@graph\":[{\"@type\":\"WebPage\",\"@id\":\"https:\/\/telium.io\/de\/hochverfuegbarkeits-switch-modul\/\",\"url\":\"https:\/\/telium.io\/de\/hochverfuegbarkeits-switch-modul\/\",\"name\":\"Hochverf\u00fcgbarkeits-Switch-Modul - Telium\",\"isPartOf\":{\"@id\":\"https:\/\/telium.io\/de\/#website\"},\"datePublished\":\"2023-04-08T17:13:04+00:00\",\"dateModified\":\"2024-04-27T14:36:11+00:00\",\"description\":\"Das High Availability Switch Module (HAsm) ist die f\u00fchrende L\u00f6sung f\u00fcr die Integration einer hochverf\u00fcgbaren Voice & Video over IP-Switching-Engine in Ihr Produkt.\",\"breadcrumb\":{\"@id\":\"https:\/\/telium.io\/de\/hochverfuegbarkeits-switch-modul\/#breadcrumb\"},\"inLanguage\":\"de-DE\",\"potentialAction\":[{\"@type\":\"ReadAction\",\"target\":[\"https:\/\/telium.io\/de\/hochverfuegbarkeits-switch-modul\/\"]}]},{\"@type\":\"BreadcrumbList\",\"@id\":\"https:\/\/telium.io\/de\/hochverfuegbarkeits-switch-modul\/#breadcrumb\",\"itemListElement\":[{\"@type\":\"ListItem\",\"position\":1,\"name\":\"Home\",\"item\":\"https:\/\/telium.io\/de\/startseite\/\"},{\"@type\":\"ListItem\",\"position\":2,\"name\":\"Hochverf\u00fcgbarkeits-Switch-Modul\"}]},{\"@type\":\"WebSite\",\"@id\":\"https:\/\/telium.io\/de\/#website\",\"url\":\"https:\/\/telium.io\/de\/\",\"name\":\"Telium\",\"description\":\"Telefonie und Telematik\",\"publisher\":{\"@id\":\"https:\/\/telium.io\/de\/#organization\"},\"potentialAction\":[{\"@type\":\"SearchAction\",\"target\":{\"@type\":\"EntryPoint\",\"urlTemplate\":\"https:\/\/telium.io\/de\/?s={search_term_string}\"},\"query-input\":{\"@type\":\"PropertyValueSpecification\",\"valueRequired\":true,\"valueName\":\"search_term_string\"}}],\"inLanguage\":\"de-DE\"},{\"@type\":\"Organization\",\"@id\":\"https:\/\/telium.io\/de\/#organization\",\"name\":\"Telium\",\"url\":\"https:\/\/telium.io\/de\/\",\"logo\":{\"@type\":\"ImageObject\",\"inLanguage\":\"de-DE\",\"@id\":\"https:\/\/telium.io\/de\/#\/schema\/logo\/image\/\",\"url\":\"https:\/\/telium.io\/wp-content\/uploads\/sites\/6\/2020\/01\/logo_o_800x800.png\",\"contentUrl\":\"https:\/\/telium.io\/wp-content\/uploads\/sites\/6\/2020\/01\/logo_o_800x800.png\",\"width\":800,\"height\":800,\"caption\":\"Telium\"},\"image\":{\"@id\":\"https:\/\/telium.io\/de\/#\/schema\/logo\/image\/\"},\"sameAs\":[\"https:\/\/www.facebook.com\/pages\/category\/Telecommunication-Company\/Telium-1581395458787072\/\",\"https:\/\/x.com\/telium_io\",\"https:\/\/ca.linkedin.com\/company\/telium\"]}]}<\/script>\n<!-- \/ Yoast SEO plugin. -->","yoast_head_json":{"title":"Hochverf\u00fcgbarkeits-Switch-Modul - Telium","description":"Das High Availability Switch Module (HAsm) ist die f\u00fchrende L\u00f6sung f\u00fcr die Integration einer hochverf\u00fcgbaren Voice & Video over IP-Switching-Engine in Ihr Produkt.","robots":{"index":"index","follow":"follow","max-snippet":"max-snippet:-1","max-image-preview":"max-image-preview:large","max-video-preview":"max-video-preview:-1"},"canonical":"https:\/\/telium.io\/de\/hochverfuegbarkeits-switch-modul\/","og_locale":"de_DE","og_type":"article","og_title":"Hochverf\u00fcgbarkeits-Switch-Modul - Telium","og_description":"High Availability for Asterisk (HAAst) ist die f\u00fchrende L\u00f6sung zum Erstellen eines Hochverf\u00fcgbarkeitsclusters in Asterisk Telefonieumgebungen.","og_url":"https:\/\/telium.io\/de\/hochverfuegbarkeits-switch-modul\/","og_site_name":"Telium","article_publisher":"https:\/\/www.facebook.com\/pages\/category\/Telecommunication-Company\/Telium-1581395458787072\/","article_modified_time":"2024-04-27T14:36:11+00:00","twitter_card":"summary_large_image","twitter_site":"@telium_io","twitter_misc":{"Est. reading time":"14 minutes"},"schema":{"@context":"https:\/\/schema.org","@graph":[{"@type":"WebPage","@id":"https:\/\/telium.io\/de\/hochverfuegbarkeits-switch-modul\/","url":"https:\/\/telium.io\/de\/hochverfuegbarkeits-switch-modul\/","name":"Hochverf\u00fcgbarkeits-Switch-Modul - Telium","isPartOf":{"@id":"https:\/\/telium.io\/de\/#website"},"datePublished":"2023-04-08T17:13:04+00:00","dateModified":"2024-04-27T14:36:11+00:00","description":"Das High Availability Switch Module (HAsm) ist die f\u00fchrende L\u00f6sung f\u00fcr die Integration einer hochverf\u00fcgbaren Voice & Video over IP-Switching-Engine in Ihr Produkt.","breadcrumb":{"@id":"https:\/\/telium.io\/de\/hochverfuegbarkeits-switch-modul\/#breadcrumb"},"inLanguage":"de-DE","potentialAction":[{"@type":"ReadAction","target":["https:\/\/telium.io\/de\/hochverfuegbarkeits-switch-modul\/"]}]},{"@type":"BreadcrumbList","@id":"https:\/\/telium.io\/de\/hochverfuegbarkeits-switch-modul\/#breadcrumb","itemListElement":[{"@type":"ListItem","position":1,"name":"Home","item":"https:\/\/telium.io\/de\/startseite\/"},{"@type":"ListItem","position":2,"name":"Hochverf\u00fcgbarkeits-Switch-Modul"}]},{"@type":"WebSite","@id":"https:\/\/telium.io\/de\/#website","url":"https:\/\/telium.io\/de\/","name":"Telium","description":"Telefonie und Telematik","publisher":{"@id":"https:\/\/telium.io\/de\/#organization"},"potentialAction":[{"@type":"SearchAction","target":{"@type":"EntryPoint","urlTemplate":"https:\/\/telium.io\/de\/?s={search_term_string}"},"query-input":{"@type":"PropertyValueSpecification","valueRequired":true,"valueName":"search_term_string"}}],"inLanguage":"de-DE"},{"@type":"Organization","@id":"https:\/\/telium.io\/de\/#organization","name":"Telium","url":"https:\/\/telium.io\/de\/","logo":{"@type":"ImageObject","inLanguage":"de-DE","@id":"https:\/\/telium.io\/de\/#\/schema\/logo\/image\/","url":"https:\/\/telium.io\/wp-content\/uploads\/sites\/6\/2020\/01\/logo_o_800x800.png","contentUrl":"https:\/\/telium.io\/wp-content\/uploads\/sites\/6\/2020\/01\/logo_o_800x800.png","width":800,"height":800,"caption":"Telium"},"image":{"@id":"https:\/\/telium.io\/de\/#\/schema\/logo\/image\/"},"sameAs":["https:\/\/www.facebook.com\/pages\/category\/Telecommunication-Company\/Telium-1581395458787072\/","https:\/\/x.com\/telium_io","https:\/\/ca.linkedin.com\/company\/telium"]}]}},"_links":{"self":[{"href":"https:\/\/telium.io\/de\/wp-json\/wp\/v2\/pages\/19408","targetHints":{"allow":["GET"]}}],"collection":[{"href":"https:\/\/telium.io\/de\/wp-json\/wp\/v2\/pages"}],"about":[{"href":"https:\/\/telium.io\/de\/wp-json\/wp\/v2\/types\/page"}],"author":[{"embeddable":true,"href":"https:\/\/telium.io\/de\/wp-json\/wp\/v2\/users\/4"}],"replies":[{"embeddable":true,"href":"https:\/\/telium.io\/de\/wp-json\/wp\/v2\/comments?post=19408"}],"version-history":[{"count":2,"href":"https:\/\/telium.io\/de\/wp-json\/wp\/v2\/pages\/19408\/revisions"}],"predecessor-version":[{"id":19422,"href":"https:\/\/telium.io\/de\/wp-json\/wp\/v2\/pages\/19408\/revisions\/19422"}],"wp:attachment":[{"href":"https:\/\/telium.io\/de\/wp-json\/wp\/v2\/media?parent=19408"}],"curies":[{"name":"wp","href":"https:\/\/api.w.org\/{rel}","templated":true}]}}